{"id":54,"date":"2025-06-13T11:25:33","date_gmt":"2025-06-13T14:25:33","guid":{"rendered":"https:\/\/skibariloche.ar\/producto\/ropa-para-la-nieve-equipate-para-la-aventura-sin-preocupaciones\/"},"modified":"2025-06-17T19:14:44","modified_gmt":"2025-06-17T22:14:44","slug":"alquiler-ropa-nieve-equipo-completo","status":"publish","type":"product","link":"https:\/\/skibariloche.ar\/pt\/produto\/aluguel-de-roupas-de-neve-equipamento-completo\/","title":{"rendered":"Roupas para neve: equipe-se para a aventura sem preocupa\u00e7\u00f5es"},"content":{"rendered":"<h2>Desfrute de Bariloche na neve com total conforto<\/h2>\n<p>Mergulhe no charme da temporada de inverno em San Carlos de Bariloche escolhendo nosso exclusivo aluguel de roupas para neve. Destinado \u00e0queles que valorizam a combina\u00e7\u00e3o de emo\u00e7\u00e3o com conforto, esse servi\u00e7o se destaca pela excel\u00eancia de suas roupas, garantindo prote\u00e7\u00e3o e confian\u00e7a em cen\u00e1rios nevados.<\/p>\n<h2>Todos os equipamentos que voc\u00ea est\u00e1 procurando, sempre \u00e0 m\u00e3o<\/h2>\n<ul>\n<li><strong>Kit completo:<\/strong> Jaqueta, cal\u00e7a, botas e luvas, perfeitos para a pr\u00e1tica despreocupada do snowboard.<\/li>\n<li><strong>Personalize sua equipe:<\/strong> Voc\u00ea pode adicionar capacete e \u00f3culos de prote\u00e7\u00e3o aos itens acima, selecionando apenas o que precisa no momento da coleta.<\/li>\n<\/ul>\n<h2>Dados de servi\u00e7o importantes<\/h2>\n<ul>\n<li><strong>Validade do valor:<\/strong> De 1\u00ba de abril a 15 de agosto de 2025.<\/li>\n<li><strong>Local de coleta e entrega:<\/strong> Filiais nos principais pontos de San Carlos de Bariloche para que voc\u00ea n\u00e3o perca tempo.<\/li>\n<li><strong>Aten\u00e7\u00e3o ao p\u00fablico:<\/strong> Estamos esperando por voc\u00ea das 8h \u00e0s 21h para o que precisar.<\/li>\n<li><strong>N\u00e3o inclu\u00eddo:<\/strong> Cobertura contra danos, perda, quebra ou transfer\u00eancia para hot\u00e9is ou resid\u00eancias.<\/li>\n<\/ul>\n<h2>Por que nos escolher?<\/h2>\n<p>Temos filiais pr\u00f3ximas aos principais circuitos tur\u00edsticos, o que lhe d\u00e1 f\u00e1cil acesso a uma linha cuidadosamente selecionada de roupas t\u00e9cnicas para o clima frio da Patag\u00f4nia. Nossa linha abrange v\u00e1rios tamanhos e estilos, adaptando-se exatamente ao que voc\u00ea est\u00e1 procurando para uma experi\u00eancia tranquila.<\/p>\n<h2>Perguntas frequentes (FAQ)<\/h2>\n<h3>Por quanto tempo esses pre\u00e7os se aplicam?<\/h3>\n<p>As tarifas promocionais se aplicam de 01 de abril de 2025 a 15 de agosto de 2025.<\/p>\n<h3>Onde devo retirar e devolver o equipamento?<\/h3>\n<p>Voc\u00ea pode gerenciar a entrega e a devolu\u00e7\u00e3o em filiais localizadas em San Carlos de Bariloche, agilizando sua viagem sem complica\u00e7\u00f5es.<\/p>\n<h3>Quais s\u00e3o as op\u00e7\u00f5es de equipamentos que voc\u00ea tem?<\/h3>\n<p>Oferecemos equipamentos completos e tamb\u00e9m a possibilidade de adapta\u00e7\u00e3o com equipamentos adicionais, como capacetes ou \u00f3culos de prote\u00e7\u00e3o, dependendo de sua prefer\u00eancia.<\/p>\n<h3>Quais s\u00e3o as exclus\u00f5es do servi\u00e7o?<\/h3>\n<p>N\u00e3o cobrimos seguro contra danos, perdas ou quebras e n\u00e3o fazemos entregas em hot\u00e9is ou resid\u00eancias particulares.<\/p>","protected":false},"excerpt":{"rendered":"<p><strong>Roupas premium para neve<\/strong> em San Carlos de Bariloche. Aproveite nossas op\u00e7\u00f5es exclusivas de roupas de alto padr\u00e3o e retire-as em locais centrais. Prepare-se para viver momentos \u00fanicos durante a temporada de inverno com absoluta seguran\u00e7a e eleg\u00e2ncia!<\/p>","protected":false},"featured_media":0,"comment_status":"open","ping_status":"closed","template":"","meta":[],"product_brand":[],"product_cat":[15],"product_tag":[],"class_list":{"0":"post-54","1":"product","2":"type-product","3":"status-publish","5":"product_cat-sin-categorizar","7":"first","8":"instock","9":"sold-individually","10":"purchasable","11":"product-type-booking"},"booking_location":"","booking_location_type":"","booking_duration":1,"booking_duration_unit":"hour","booking_buffer":0,"booking_cost":30000,"booking_resources":[],"exclude_global_add_ons":[],"addons":[],"yoast_head":"<!-- This site is optimized with the Yoast SEO Premium plugin v25.2 (Yoast SEO v25.2) - https:\/\/yoast.com\/wordpress\/plugins\/seo\/ -->\n<title>Ropa para la nieve: equipate para la aventura sin preocupaciones - Ski Bariloche<\/title>\n<meta name=\"robots\" content=\"index, follow, max-snippet:-1, max-image-preview:large, max-video-preview:-1\" \/>\n<link rel=\"canonical\" href=\"https:\/\/skibariloche.ar\/pt\/produto\/aluguel-de-roupas-de-neve-equipamento-completo\/\" \/>\n<meta property=\"og:locale\" content=\"pt_BR\" \/>\n<meta property=\"og:type\" content=\"article\" \/>\n<meta property=\"og:title\" content=\"Ropa para la nieve: equipate para la aventura sin preocupaciones\" \/>\n<meta property=\"og:description\" content=\"Indumentaria de primera para nieve en San Carlos de Bariloche. Aprovech\u00e1 nuestras opciones exclusivas de ropa de alta gama y retiralas desde ubicaciones c\u00e9ntricas. \u00a1Listate para experimentar momentos \u00fanicos durante la temporada de invierno con absoluta seguridad y elegancia!\" \/>\n<meta property=\"og:url\" content=\"https:\/\/skibariloche.ar\/pt\/produto\/aluguel-de-roupas-de-neve-equipamento-completo\/\" \/>\n<meta property=\"og:site_name\" content=\"Ski Bariloche\" \/>\n<meta property=\"article:modified_time\" content=\"2025-06-17T22:14:44+00:00\" \/>\n<meta name=\"twitter:card\" content=\"summary_large_image\" \/>\n<meta name=\"twitter:label1\" content=\"Pre\u00e7o\" \/>\n\t<meta name=\"twitter:data1\" content=\"&#036;30,000.00\" \/>\n\t<meta name=\"twitter:label2\" content=\"Disponibilidade\" \/>\n\t<meta name=\"twitter:data2\" content=\"Em Estoque\" \/>\n<script type=\"application\/ld+json\" class=\"yoast-schema-graph\">{\"@context\":\"https:\/\/schema.org\",\"@graph\":[{\"@type\":\"WebPage\",\"@id\":\"https:\/\/skibariloche.ar\/producto\/alquiler-ropa-nieve-equipo-completo\/\",\"url\":\"https:\/\/skibariloche.ar\/producto\/alquiler-ropa-nieve-equipo-completo\/\",\"name\":\"Ropa para la nieve: equipate para la aventura sin preocupaciones - Ski Bariloche\",\"isPartOf\":{\"@id\":\"https:\/\/skibariloche.ar\/#website\"},\"datePublished\":\"2025-06-13T14:25:33+00:00\",\"dateModified\":\"2025-06-17T22:14:44+00:00\",\"breadcrumb\":{\"@id\":\"https:\/\/skibariloche.ar\/producto\/alquiler-ropa-nieve-equipo-completo\/#breadcrumb\"},\"inLanguage\":\"pt-BR\",\"potentialAction\":[{\"@type\":\"ReadAction\",\"target\":[\"https:\/\/skibariloche.ar\/producto\/alquiler-ropa-nieve-equipo-completo\/\"]}]},{\"@type\":\"BreadcrumbList\",\"@id\":\"https:\/\/skibariloche.ar\/producto\/alquiler-ropa-nieve-equipo-completo\/#breadcrumb\",\"itemListElement\":[{\"@type\":\"ListItem\",\"position\":1,\"name\":\"Inicio\",\"item\":\"https:\/\/skibariloche.ar\/\"},{\"@type\":\"ListItem\",\"position\":2,\"name\":\"Tienda\",\"item\":\"https:\/\/skibariloche.ar\/tienda\/\"},{\"@type\":\"ListItem\",\"position\":3,\"name\":\"Ropa para la nieve: equipate para la aventura sin preocupaciones\"}]},{\"@type\":\"WebSite\",\"@id\":\"https:\/\/skibariloche.ar\/#website\",\"url\":\"https:\/\/skibariloche.ar\/\",\"name\":\"Ski Bariloche\",\"description\":\"\",\"potentialAction\":[{\"@type\":\"SearchAction\",\"target\":{\"@type\":\"EntryPoint\",\"urlTemplate\":\"https:\/\/skibariloche.ar\/?s={search_term_string}\"},\"query-input\":{\"@type\":\"PropertyValueSpecification\",\"valueRequired\":true,\"valueName\":\"search_term_string\"}}],\"inLanguage\":\"pt-BR\"}]}<\/script>\n<meta property=\"product:price:amount\" content=\"30000.00\" \/>\n<meta property=\"product:price:currency\" content=\"ARS\" \/>\n<meta property=\"og:availability\" content=\"instock\" \/>\n<meta property=\"product:availability\" content=\"instock\" \/>\n<meta property=\"product:retailer_item_id\" content=\"ADV2025ALROPAZG1D\" \/>\n<meta property=\"product:condition\" content=\"new\" \/>\n<!-- \/ Yoast SEO Premium plugin. -->","yoast_head_json":{"title":"Roupas para neve: prepare-se para a aventura sem se preocupar - Ski Bariloche","robots":{"index":"index","follow":"follow","max-snippet":"max-snippet:-1","max-image-preview":"max-image-preview:large","max-video-preview":"max-video-preview:-1"},"canonical":"https:\/\/skibariloche.ar\/pt\/produto\/aluguel-de-roupas-de-neve-equipamento-completo\/","og_locale":"pt_BR","og_type":"article","og_title":"Ropa para la nieve: equipate para la aventura sin preocupaciones","og_description":"Indumentaria de primera para nieve en San Carlos de Bariloche. Aprovech\u00e1 nuestras opciones exclusivas de ropa de alta gama y retiralas desde ubicaciones c\u00e9ntricas. \u00a1Listate para experimentar momentos \u00fanicos durante la temporada de invierno con absoluta seguridad y elegancia!","og_url":"https:\/\/skibariloche.ar\/pt\/produto\/aluguel-de-roupas-de-neve-equipamento-completo\/","og_site_name":"Ski Bariloche","article_modified_time":"2025-06-17T22:14:44+00:00","twitter_card":"summary_large_image","twitter_misc":{"Pre\u00e7o":"&#36;30,000.00","Disponibilidade":"Em Estoque"},"schema":{"@context":"https:\/\/schema.org","@graph":[{"@type":"WebPage","@id":"https:\/\/skibariloche.ar\/producto\/alquiler-ropa-nieve-equipo-completo\/","url":"https:\/\/skibariloche.ar\/producto\/alquiler-ropa-nieve-equipo-completo\/","name":"Roupas para neve: prepare-se para a aventura sem se preocupar - Ski Bariloche","isPartOf":{"@id":"https:\/\/skibariloche.ar\/#website"},"datePublished":"2025-06-13T14:25:33+00:00","dateModified":"2025-06-17T22:14:44+00:00","breadcrumb":{"@id":"https:\/\/skibariloche.ar\/producto\/alquiler-ropa-nieve-equipo-completo\/#breadcrumb"},"inLanguage":"pt-BR","potentialAction":[{"@type":"ReadAction","target":["https:\/\/skibariloche.ar\/producto\/alquiler-ropa-nieve-equipo-completo\/"]}]},{"@type":"BreadcrumbList","@id":"https:\/\/skibariloche.ar\/producto\/alquiler-ropa-nieve-equipo-completo\/#breadcrumb","itemListElement":[{"@type":"ListItem","position":1,"name":"Inicio","item":"https:\/\/skibariloche.ar\/"},{"@type":"ListItem","position":2,"name":"Tienda","item":"https:\/\/skibariloche.ar\/tienda\/"},{"@type":"ListItem","position":3,"name":"Ropa para la nieve: equipate para la aventura sin preocupaciones"}]},{"@type":"WebSite","@id":"https:\/\/skibariloche.ar\/#website","url":"https:\/\/skibariloche.ar\/","name":"Ski Bariloche","description":"","potentialAction":[{"@type":"SearchAction","target":{"@type":"EntryPoint","urlTemplate":"https:\/\/skibariloche.ar\/?s={search_term_string}"},"query-input":{"@type":"PropertyValueSpecification","valueRequired":true,"valueName":"search_term_string"}}],"inLanguage":"pt-BR"}]},"product_price_amount":"30000.00","product_price_currency":"ARS","og_availability":"instock","product_availability":"instock","product_retailer_item_id":"ADV2025ALROPAZG1D","product_condition":"new"},"_links":{"self":[{"href":"https:\/\/skibariloche.ar\/pt\/wp-json\/wp\/v2\/product\/54","targetHints":{"allow":["GET"]}}],"collection":[{"href":"https:\/\/skibariloche.ar\/pt\/wp-json\/wp\/v2\/product"}],"about":[{"href":"https:\/\/skibariloche.ar\/pt\/wp-json\/wp\/v2\/types\/product"}],"replies":[{"embeddable":true,"href":"https:\/\/skibariloche.ar\/pt\/wp-json\/wp\/v2\/comments?post=54"}],"wp:attachment":[{"href":"https:\/\/skibariloche.ar\/pt\/wp-json\/wp\/v2\/media?parent=54"}],"wp:term":[{"taxonomy":"product_brand","embeddable":true,"href":"https:\/\/skibariloche.ar\/pt\/wp-json\/wp\/v2\/product_brand?post=54"},{"taxonomy":"product_cat","embeddable":true,"href":"https:\/\/skibariloche.ar\/pt\/wp-json\/wp\/v2\/product_cat?post=54"},{"taxonomy":"product_tag","embeddable":true,"href":"https:\/\/skibariloche.ar\/pt\/wp-json\/wp\/v2\/product_tag?post=54"}],"curies":[{"name":"wp","href":"https:\/\/api.w.org\/{rel}","templated":true}]}}