{"id":52,"date":"2025-06-13T11:24:56","date_gmt":"2025-06-13T14:24:56","guid":{"rendered":"https:\/\/skibariloche.ar\/producto\/extremo-encantado-aventura-en-la-nieve-al-estilo-patagonico\/"},"modified":"2025-06-21T11:04:38","modified_gmt":"2025-06-21T14:04:38","slug":"extremo-encantado","status":"publish","type":"product","link":"https:\/\/skibariloche.ar\/pt\/produto\/fim-encantado\/","title":{"rendered":"Extremo Encantado: Aventura na neve ao estilo da Patag\u00f4nia"},"content":{"rendered":"<h3 data-start=\"414\" data-end=\"496\"><strong data-start=\"418\" data-end=\"496\">Experimente um tipo diferente de inverno: aventura, paisagens nevadas e sabores emocionantes.<\/strong><\/h3>\n<p data-start=\"498\" data-end=\"860\">Extremo Encantado \u00e9 uma escapada projetada para aqueles que desejam mergulhar na Patag\u00f4nia branca ao m\u00e1ximo. A partir do momento em que voc\u00ea entra no 4\u00d74, j\u00e1 sente que algo inesquec\u00edvel chegou: um cen\u00e1rio de colinas onde a conex\u00e3o com a natureza, a divers\u00e3o na neve e as lembran\u00e7as compartilhadas \u00e0 mesa fazem um dia muito patag\u00f4nico.<\/p>\n<p data-start=\"862\" data-end=\"1084\">Dispon\u00edvel <strong data-start=\"873\" data-end=\"926\">de 10 de junho a 15 de agosto de 2025<\/strong>, Este plano re\u00fane emo\u00e7\u00e3o e relaxamento ao ar livre em um ref\u00fagio \u00fanico em Cerro Lopez. Perfeito para desfrutar em casal, com a fam\u00edlia ou com amigos.<\/p>\n<h3 data-start=\"1091\" data-end=\"1127\">Momentos que deixam sua marca<\/h3>\n<p data-start=\"1129\" data-end=\"1286\"><strong data-start=\"1129\" data-end=\"1149\">Subida em 4\u00d74:<\/strong> Come\u00e7ar faz parte da magia. A viagem pelas trilhas de montanha at\u00e9 o Ref\u00fagio Traves\u00eda surpreende com florestas e panoramas de pura neve.<\/p>\n<p data-start=\"1288\" data-end=\"1418\"><strong data-start=\"1288\" data-end=\"1314\">Jogos de tren\u00f3:<\/strong> Sinta a adrenalina ao descer as encostas nevadas em um culipat\u00edn - risadas garantidas para jovens e adultos!<\/p>\n<p data-start=\"1420\" data-end=\"1539\"><strong data-start=\"1420\" data-end=\"1446\">Raquetes de neve:<\/strong> Trilhas brancas para caminhadas na neve. Uma viagem curta e cheia de charme.<\/p>\n<p data-start=\"1541\" data-end=\"1719\"><strong data-start=\"1541\" data-end=\"1566\">Comida muito regional:<\/strong> Escolha um menu de almo\u00e7o ou lanche: empanadas, fondue ou iguarias patag\u00f4nicas servidas em um ambiente aconchegante, entre bate-papos e m\u00fasica ao vivo.<\/p>\n<h3 data-start=\"1726\" data-end=\"1745\">Quando e como participar?<\/h3>\n<p data-start=\"1747\" data-end=\"1779\">Escolha o turno que melhor se adapte ao seu dia:<\/p>\n<ul data-start=\"1780\" data-end=\"1844\">\n<li data-start=\"1780\" data-end=\"1812\">\n<p data-start=\"1782\" data-end=\"1812\">Turno da manh\u00e3: 08h30min \u00e0s 14h30min.<\/p>\n<\/li>\n<li data-start=\"1813\" data-end=\"1844\">\n<p data-start=\"1815\" data-end=\"1844\">Turno da tarde: 12:30 \u00e0s 18:30 hs.<\/p>\n<\/li>\n<\/ul>\n<p data-start=\"1846\" data-end=\"1980\">As sa\u00eddas s\u00e3o de pontos de encontro pr\u00f3ximos ao centro de Bariloche e entre o km 8 da Av. Bustillo e a Av. Pioneros.<\/p>\n<h3 data-start=\"1987\" data-end=\"2019\">O que voc\u00ea incluiu?<\/h3>\n<ul data-start=\"2021\" data-end=\"2230\">\n<li data-start=\"2021\" data-end=\"2070\">\n<p data-start=\"2023\" data-end=\"2070\">Traslados de e para os pontos acordados.<\/p>\n<\/li>\n<li data-start=\"2071\" data-end=\"2098\">\n<p data-start=\"2073\" data-end=\"2098\">Subida em uma van 4\u00d74.<\/p>\n<\/li>\n<li data-start=\"2099\" data-end=\"2130\">\n<p data-start=\"2101\" data-end=\"2130\">Passeio guiado com raquetes de neve.<\/p>\n<\/li>\n<li data-start=\"2131\" data-end=\"2151\">\n<p data-start=\"2133\" data-end=\"2151\">Tren\u00f3.<\/p>\n<\/li>\n<li data-start=\"2152\" data-end=\"2183\">\n<p data-start=\"2154\" data-end=\"2183\">Show de m\u00fasica ao vivo no abrigo.<\/p>\n<\/li>\n<li data-start=\"2184\" data-end=\"2230\">\n<p data-start=\"2186\" data-end=\"2230\">Almo\u00e7o ou lanche, dependendo de seu turno.<\/p>\n<\/li>\n<\/ul>\n<p data-start=\"2232\" data-end=\"2291\"><strong data-start=\"2232\" data-end=\"2247\">N\u00e3o inclu\u00eddo:<\/strong> equipamento de neve e bebidas para a refei\u00e7\u00e3o.<\/p>\n<h3 data-start=\"2298\" data-end=\"2322\">Perguntas frequentes<\/h3>\n<p data-start=\"2324\" data-end=\"2482\"><strong data-start=\"2324\" data-end=\"2359\">Todas as idades podem participar?<\/strong><br data-start=\"2359\" data-end=\"2362\" \/>Sim, \u00e9 um plano ideal para adultos e para crian\u00e7as a partir de 5 anos de idade. Ele n\u00e3o exige nenhuma condi\u00e7\u00e3o f\u00edsica especial.<\/p>\n<p data-start=\"2484\" data-end=\"2640\"><strong data-start=\"2484\" data-end=\"2510\">O que levar?<\/strong><br data-start=\"2510\" data-end=\"2513\" \/>Agasalhos, cal\u00e7ados \u00e0 prova d'\u00e1gua, chap\u00e9u, luvas e \u00f3culos de sol. O vestu\u00e1rio t\u00e9cnico n\u00e3o est\u00e1 inclu\u00eddo na experi\u00eancia.<\/p>\n<p data-start=\"2642\" data-end=\"2758\"><strong data-start=\"2642\" data-end=\"2677\">O traslado sai do hotel?<\/strong><br data-start=\"2677\" data-end=\"2680\" \/>N\u00e3o, a sa\u00edda \u00e9 feita de locais pr\u00f3ximos \u00e0 acomoda\u00e7\u00e3o, em pontos de encontro definidos.<\/p>","protected":false},"excerpt":{"rendered":"<p>O Extremo Encantado oferece uma experi\u00eancia de inverno diferente. Participe de passeios em ve\u00edculos 4\u00d74, passeios de tren\u00f3 e circuitos de caminhada guiados, terminando com uma proposta gastron\u00f4mica t\u00edpica. \u00c9 uma oportunidade \u00fanica de desfrutar de uma paisagem natural excepcional.<\/p>","protected":false},"featured_media":0,"comment_status":"open","ping_status":"closed","template":"","meta":[],"product_brand":[],"product_cat":[15],"product_tag":[],"class_list":{"0":"post-52","1":"product","2":"type-product","3":"status-publish","5":"product_cat-sin-categorizar","7":"first","8":"instock","9":"sold-individually","10":"purchasable","11":"product-type-booking"},"booking_location":"","booking_location_type":"","booking_duration":1,"booking_duration_unit":"hour","booking_buffer":0,"booking_cost":0,"booking_resources":[],"exclude_global_add_ons":[],"addons":[],"yoast_head":"<!-- This site is optimized with the Yoast SEO Premium plugin v25.2 (Yoast SEO v25.2) - https:\/\/yoast.com\/wordpress\/plugins\/seo\/ -->\n<title>Extremo Encantado: Aventura en la Nieve al Estilo Patag\u00f3nico - Ski Bariloche<\/title>\n<meta name=\"robots\" content=\"index, follow, max-snippet:-1, max-image-preview:large, max-video-preview:-1\" \/>\n<link rel=\"canonical\" href=\"https:\/\/skibariloche.ar\/pt\/produto\/fim-encantado\/\" \/>\n<meta property=\"og:locale\" content=\"pt_BR\" \/>\n<meta property=\"og:type\" content=\"article\" \/>\n<meta property=\"og:title\" content=\"Extremo Encantado: Aventura en la Nieve al Estilo Patag\u00f3nico\" \/>\n<meta property=\"og:description\" content=\"Extremo Encantado brinda una vivencia de invierno diferente. Sumate a recorridos en veh\u00edculos 4\u00d74, paseos en trineo y circuitos caminando con gu\u00eda, finalizando con una propuesta culinaria t\u00edpica. Es una ocasi\u00f3n \u00fanica para disfrutar de un paisaje natural excepcional.\" \/>\n<meta property=\"og:url\" content=\"https:\/\/skibariloche.ar\/pt\/produto\/fim-encantado\/\" \/>\n<meta property=\"og:site_name\" content=\"Ski Bariloche\" \/>\n<meta property=\"article:modified_time\" content=\"2025-06-21T14:04:38+00:00\" \/>\n<meta name=\"twitter:card\" content=\"summary_large_image\" \/>\n<meta name=\"twitter:label1\" content=\"Pre\u00e7o\" \/>\n\t<meta name=\"twitter:data1\" content=\"&#036;301,600.00\" \/>\n\t<meta name=\"twitter:label2\" content=\"Disponibilidade\" \/>\n\t<meta name=\"twitter:data2\" content=\"Em Estoque\" \/>\n<script type=\"application\/ld+json\" class=\"yoast-schema-graph\">{\"@context\":\"https:\/\/schema.org\",\"@graph\":[{\"@type\":\"WebPage\",\"@id\":\"https:\/\/skibariloche.ar\/producto\/extremo-encantado\/\",\"url\":\"https:\/\/skibariloche.ar\/producto\/extremo-encantado\/\",\"name\":\"Extremo Encantado: Aventura en la Nieve al Estilo Patag\u00f3nico - Ski Bariloche\",\"isPartOf\":{\"@id\":\"https:\/\/skibariloche.ar\/#website\"},\"datePublished\":\"2025-06-13T14:24:56+00:00\",\"dateModified\":\"2025-06-21T14:04:38+00:00\",\"breadcrumb\":{\"@id\":\"https:\/\/skibariloche.ar\/producto\/extremo-encantado\/#breadcrumb\"},\"inLanguage\":\"pt-BR\",\"potentialAction\":[{\"@type\":\"ReadAction\",\"target\":[\"https:\/\/skibariloche.ar\/producto\/extremo-encantado\/\"]}]},{\"@type\":\"BreadcrumbList\",\"@id\":\"https:\/\/skibariloche.ar\/producto\/extremo-encantado\/#breadcrumb\",\"itemListElement\":[{\"@type\":\"ListItem\",\"position\":1,\"name\":\"Inicio\",\"item\":\"https:\/\/skibariloche.ar\/\"},{\"@type\":\"ListItem\",\"position\":2,\"name\":\"Tienda\",\"item\":\"https:\/\/skibariloche.ar\/tienda\/\"},{\"@type\":\"ListItem\",\"position\":3,\"name\":\"Extremo Encantado: Aventura en la Nieve al Estilo Patag\u00f3nico\"}]},{\"@type\":\"WebSite\",\"@id\":\"https:\/\/skibariloche.ar\/#website\",\"url\":\"https:\/\/skibariloche.ar\/\",\"name\":\"Ski Bariloche\",\"description\":\"\",\"potentialAction\":[{\"@type\":\"SearchAction\",\"target\":{\"@type\":\"EntryPoint\",\"urlTemplate\":\"https:\/\/skibariloche.ar\/?s={search_term_string}\"},\"query-input\":{\"@type\":\"PropertyValueSpecification\",\"valueRequired\":true,\"valueName\":\"search_term_string\"}}],\"inLanguage\":\"pt-BR\"}]}<\/script>\n<meta property=\"product:price:amount\" content=\"301600.00\" \/>\n<meta property=\"product:price:currency\" content=\"ARS\" \/>\n<meta property=\"og:availability\" content=\"instock\" \/>\n<meta property=\"product:availability\" content=\"instock\" \/>\n<meta property=\"product:retailer_item_id\" content=\"ADV2025EXENCL99\" \/>\n<meta property=\"product:condition\" content=\"new\" \/>\n<!-- \/ Yoast SEO Premium plugin. -->","yoast_head_json":{"title":"Enchanted Extreme: Aventura na neve ao estilo da Patag\u00f4nia - Ski Bariloche","robots":{"index":"index","follow":"follow","max-snippet":"max-snippet:-1","max-image-preview":"max-image-preview:large","max-video-preview":"max-video-preview:-1"},"canonical":"https:\/\/skibariloche.ar\/pt\/produto\/fim-encantado\/","og_locale":"pt_BR","og_type":"article","og_title":"Extremo Encantado: Aventura en la Nieve al Estilo Patag\u00f3nico","og_description":"Extremo Encantado brinda una vivencia de invierno diferente. Sumate a recorridos en veh\u00edculos 4\u00d74, paseos en trineo y circuitos caminando con gu\u00eda, finalizando con una propuesta culinaria t\u00edpica. Es una ocasi\u00f3n \u00fanica para disfrutar de un paisaje natural excepcional.","og_url":"https:\/\/skibariloche.ar\/pt\/produto\/fim-encantado\/","og_site_name":"Ski Bariloche","article_modified_time":"2025-06-21T14:04:38+00:00","twitter_card":"summary_large_image","twitter_misc":{"Pre\u00e7o":"&#36;301,600.00","Disponibilidade":"Em Estoque"},"schema":{"@context":"https:\/\/schema.org","@graph":[{"@type":"WebPage","@id":"https:\/\/skibariloche.ar\/producto\/extremo-encantado\/","url":"https:\/\/skibariloche.ar\/producto\/extremo-encantado\/","name":"Enchanted Extreme: Aventura na neve ao estilo da Patag\u00f4nia - Ski Bariloche","isPartOf":{"@id":"https:\/\/skibariloche.ar\/#website"},"datePublished":"2025-06-13T14:24:56+00:00","dateModified":"2025-06-21T14:04:38+00:00","breadcrumb":{"@id":"https:\/\/skibariloche.ar\/producto\/extremo-encantado\/#breadcrumb"},"inLanguage":"pt-BR","potentialAction":[{"@type":"ReadAction","target":["https:\/\/skibariloche.ar\/producto\/extremo-encantado\/"]}]},{"@type":"BreadcrumbList","@id":"https:\/\/skibariloche.ar\/producto\/extremo-encantado\/#breadcrumb","itemListElement":[{"@type":"ListItem","position":1,"name":"Inicio","item":"https:\/\/skibariloche.ar\/"},{"@type":"ListItem","position":2,"name":"Tienda","item":"https:\/\/skibariloche.ar\/tienda\/"},{"@type":"ListItem","position":3,"name":"Extremo Encantado: Aventura en la Nieve al Estilo Patag\u00f3nico"}]},{"@type":"WebSite","@id":"https:\/\/skibariloche.ar\/#website","url":"https:\/\/skibariloche.ar\/","name":"Ski Bariloche","description":"","potentialAction":[{"@type":"SearchAction","target":{"@type":"EntryPoint","urlTemplate":"https:\/\/skibariloche.ar\/?s={search_term_string}"},"query-input":{"@type":"PropertyValueSpecification","valueRequired":true,"valueName":"search_term_string"}}],"inLanguage":"pt-BR"}]},"product_price_amount":"301600.00","product_price_currency":"ARS","og_availability":"instock","product_availability":"instock","product_retailer_item_id":"ADV2025EXENCL99","product_condition":"new"},"_links":{"self":[{"href":"https:\/\/skibariloche.ar\/pt\/wp-json\/wp\/v2\/product\/52","targetHints":{"allow":["GET"]}}],"collection":[{"href":"https:\/\/skibariloche.ar\/pt\/wp-json\/wp\/v2\/product"}],"about":[{"href":"https:\/\/skibariloche.ar\/pt\/wp-json\/wp\/v2\/types\/product"}],"replies":[{"embeddable":true,"href":"https:\/\/skibariloche.ar\/pt\/wp-json\/wp\/v2\/comments?post=52"}],"wp:attachment":[{"href":"https:\/\/skibariloche.ar\/pt\/wp-json\/wp\/v2\/media?parent=52"}],"wp:term":[{"taxonomy":"product_brand","embeddable":true,"href":"https:\/\/skibariloche.ar\/pt\/wp-json\/wp\/v2\/product_brand?post=52"},{"taxonomy":"product_cat","embeddable":true,"href":"https:\/\/skibariloche.ar\/pt\/wp-json\/wp\/v2\/product_cat?post=52"},{"taxonomy":"product_tag","embeddable":true,"href":"https:\/\/skibariloche.ar\/pt\/wp-json\/wp\/v2\/product_tag?post=52"}],"curies":[{"name":"wp","href":"https:\/\/api.w.org\/{rel}","templated":true}]}}