{"id":47,"date":"2025-06-13T11:23:08","date_gmt":"2025-06-13T14:23:08","guid":{"rendered":"https:\/\/skibariloche.ar\/producto\/vivi-tu-bautismo-de-ski-snow-en-la-nieve-en-el-cerro-catedral\/"},"modified":"2025-06-21T12:31:20","modified_gmt":"2025-06-21T15:31:20","slug":"clase-bautismo-ski-snow-cerro-catedral","status":"publish","type":"product","link":"https:\/\/skibariloche.ar\/pt\/produto\/aula-de-batismo-esqui-neve-esqui-cerro-catedral\/","title":{"rendered":"Experimente seu batismo de esqui\/snowboard na neve em Cerro Catedral"},"content":{"rendered":"<h3 data-start=\"406\" data-end=\"513\"><strong data-start=\"410\" data-end=\"513\">Experimente sua estreia na neve: sinta o prazer de esquiar ou praticar snowboard no Cerro Catedral<\/strong><\/h3>\n<p data-start=\"515\" data-end=\"808\">Voc\u00ea j\u00e1 se imaginou deslizando pela neve? Este plano foi feito sob medida para voc\u00ea. Destinado \u00e0queles que est\u00e3o dando seus primeiros passos, o plano <strong data-start=\"665\" data-end=\"701\">Aula de batismo no Cerro Catedral<\/strong> permite que voc\u00ea descubra os esportes brancos na esta\u00e7\u00e3o de esqui mais famosa da Am\u00e9rica do Sul.<\/p>\n<p data-start=\"810\" data-end=\"1150\">Do centro de Bariloche, n\u00f3s o levaremos diretamente \u00e0 base da montanha em uma viagem confort\u00e1vel e segura. Ao chegar, n\u00f3s o equiparemos com tudo o que voc\u00ea precisa e voc\u00ea partir\u00e1 em um <strong data-start=\"975\" data-end=\"1002\">Aula em grupo de 2 horas<\/strong> guiado por instrutores experientes. Adote as t\u00e9cnicas iniciais, ganhe confian\u00e7a desde o primeiro minuto e desfrute de um dia na neve em seu pr\u00f3prio ritmo.<\/p>\n<p data-start=\"1152\" data-end=\"1280\">No final da aula, voc\u00ea pode continuar treinando o quanto quiser pelo resto do dia em \u00e1reas ideais para iniciantes.<\/p>\n<p data-start=\"1282\" data-end=\"1422\">Voc\u00ea pode participar todos os dias, de 1\u00ba de abril a 15 de agosto, das 8:00 \u00e0s 16:00 hs. Recomendado para crian\u00e7as acima de 12 anos de idade.<\/p>\n<h3 data-start=\"1429\" data-end=\"1463\"><strong data-start=\"1433\" data-end=\"1463\">O que a experi\u00eancia inclui?<\/strong><\/h3>\n<p data-start=\"1465\" data-end=\"1691\">O pacote inclui traslado de ida e volta do centro de Bariloche at\u00e9 o km 8 da Av. Bustillo ou Pioneros, equipamento completo de esqui ou snowboard, aulas intensivas em grupo e acesso gratuito \u00e0s pistas.<\/p>\n<p data-start=\"1693\" data-end=\"1785\">N\u00e3o inclui roupas de neve, alimenta\u00e7\u00e3o ou ingressos para telef\u00e9ricos ou outros meios de eleva\u00e7\u00e3o.<\/p>\n<h3 data-start=\"1792\" data-end=\"1820\"><strong data-start=\"1796\" data-end=\"1820\">Perguntas frequentes<\/strong><\/h3>\n<p data-start=\"1822\" data-end=\"1958\"><strong data-start=\"1822\" data-end=\"1865\">\u00c9 necess\u00e1rio ter experi\u00eancia anterior?<\/strong><br data-start=\"1865\" data-end=\"1868\" \/>N\u00e3o, ele foi projetado apenas para aqueles que nunca andaram de esquis ou prancha.<\/p>\n<p data-start=\"1960\" data-end=\"2063\"><strong data-start=\"1960\" data-end=\"2001\">Qual \u00e9 a idade m\u00ednima para participar?<\/strong><br data-start=\"2001\" data-end=\"2004\" \/>Voc\u00ea pode participar se tiver 12 anos de idade ou mais.<\/p>\n<p data-start=\"2065\" data-end=\"2218\"><strong data-start=\"2065\" data-end=\"2120\">Ainda posso usar o equipamento depois da aula?<\/strong><br data-start=\"2120\" data-end=\"2123\" \/>Sim, o equipamento est\u00e1 \u00e0 sua disposi\u00e7\u00e3o durante todo o dia para que voc\u00ea possa aproveit\u00e1-lo ao m\u00e1ximo.<\/p>\n<p data-start=\"2220\" data-end=\"2347\"><strong data-start=\"2220\" data-end=\"2267\">O passe para o telef\u00e9rico est\u00e1 inclu\u00eddo?<\/strong><br data-start=\"2267\" data-end=\"2270\" \/>N\u00e3o, o acesso aos elevadores \u00e9 pago separadamente e n\u00e3o est\u00e1 inclu\u00eddo no pre\u00e7o.<\/p>","protected":false},"excerpt":{"rendered":"<p>Aproveite a experi\u00eancia \u00fanica de se iniciar no esqui ou no snowboard no renomado Cerro Catedral. O servi\u00e7o inclui traslado, equipamento completo e uma aula personalizada com sa\u00edda de Bariloche, combinando adrenalina, conforto e exclusividade.<\/p>","protected":false},"featured_media":0,"comment_status":"open","ping_status":"closed","template":"","meta":[],"product_brand":[],"product_cat":[15],"product_tag":[],"class_list":{"0":"post-47","1":"product","2":"type-product","3":"status-publish","5":"product_cat-sin-categorizar","7":"first","8":"instock","9":"sold-individually","10":"purchasable","11":"product-type-booking"},"booking_location":"","booking_location_type":"","booking_duration":1,"booking_duration_unit":"hour","booking_buffer":0,"booking_cost":144000,"booking_resources":[],"exclude_global_add_ons":[],"addons":[],"yoast_head":"<!-- This site is optimized with the Yoast SEO Premium plugin v25.2 (Yoast SEO v25.2) - https:\/\/yoast.com\/wordpress\/plugins\/seo\/ -->\n<title>Viv\u00ed tu Bautismo de ski \/ snow en la Nieve en el Cerro Catedral - Ski Bariloche<\/title>\n<meta name=\"robots\" content=\"index, follow, max-snippet:-1, max-image-preview:large, max-video-preview:-1\" \/>\n<link rel=\"canonical\" href=\"https:\/\/skibariloche.ar\/pt\/produto\/aula-de-batismo-esqui-neve-esqui-cerro-catedral\/\" \/>\n<meta property=\"og:locale\" content=\"pt_BR\" \/>\n<meta property=\"og:type\" content=\"article\" \/>\n<meta property=\"og:title\" content=\"Viv\u00ed tu Bautismo de ski \/ snow en la Nieve en el Cerro Catedral\" \/>\n<meta property=\"og:description\" content=\"Disfrut\u00e1 de la experiencia \u00fanica de iniciarte en ski o snowboard en el reconocido Cerro Catedral. El servicio contempla traslado, equipo completo y una clase personalizada partiendo desde Bariloche, combinando adrenalina, confort y exclusividad.\" \/>\n<meta property=\"og:url\" content=\"https:\/\/skibariloche.ar\/pt\/produto\/aula-de-batismo-esqui-neve-esqui-cerro-catedral\/\" \/>\n<meta property=\"og:site_name\" content=\"Ski Bariloche\" \/>\n<meta property=\"article:modified_time\" content=\"2025-06-21T15:31:20+00:00\" \/>\n<meta name=\"twitter:card\" content=\"summary_large_image\" \/>\n<meta name=\"twitter:label1\" content=\"Pre\u00e7o\" \/>\n\t<meta name=\"twitter:data1\" content=\"&#036;144,000.00\" \/>\n\t<meta name=\"twitter:label2\" content=\"Disponibilidade\" \/>\n\t<meta name=\"twitter:data2\" content=\"Em Estoque\" \/>\n<script type=\"application\/ld+json\" class=\"yoast-schema-graph\">{\"@context\":\"https:\/\/schema.org\",\"@graph\":[{\"@type\":\"WebPage\",\"@id\":\"https:\/\/skibariloche.ar\/producto\/clase-bautismo-ski-snow-cerro-catedral\/\",\"url\":\"https:\/\/skibariloche.ar\/producto\/clase-bautismo-ski-snow-cerro-catedral\/\",\"name\":\"Viv\u00ed tu Bautismo de ski \/ snow en la Nieve en el Cerro Catedral - Ski Bariloche\",\"isPartOf\":{\"@id\":\"https:\/\/skibariloche.ar\/#website\"},\"datePublished\":\"2025-06-13T14:23:08+00:00\",\"dateModified\":\"2025-06-21T15:31:20+00:00\",\"breadcrumb\":{\"@id\":\"https:\/\/skibariloche.ar\/producto\/clase-bautismo-ski-snow-cerro-catedral\/#breadcrumb\"},\"inLanguage\":\"pt-BR\",\"potentialAction\":[{\"@type\":\"ReadAction\",\"target\":[\"https:\/\/skibariloche.ar\/producto\/clase-bautismo-ski-snow-cerro-catedral\/\"]}]},{\"@type\":\"BreadcrumbList\",\"@id\":\"https:\/\/skibariloche.ar\/producto\/clase-bautismo-ski-snow-cerro-catedral\/#breadcrumb\",\"itemListElement\":[{\"@type\":\"ListItem\",\"position\":1,\"name\":\"Inicio\",\"item\":\"https:\/\/skibariloche.ar\/\"},{\"@type\":\"ListItem\",\"position\":2,\"name\":\"Tienda\",\"item\":\"https:\/\/skibariloche.ar\/tienda\/\"},{\"@type\":\"ListItem\",\"position\":3,\"name\":\"Viv\u00ed tu Bautismo de ski \/ snow en la Nieve en el Cerro Catedral\"}]},{\"@type\":\"WebSite\",\"@id\":\"https:\/\/skibariloche.ar\/#website\",\"url\":\"https:\/\/skibariloche.ar\/\",\"name\":\"Ski Bariloche\",\"description\":\"\",\"potentialAction\":[{\"@type\":\"SearchAction\",\"target\":{\"@type\":\"EntryPoint\",\"urlTemplate\":\"https:\/\/skibariloche.ar\/?s={search_term_string}\"},\"query-input\":{\"@type\":\"PropertyValueSpecification\",\"valueRequired\":true,\"valueName\":\"search_term_string\"}}],\"inLanguage\":\"pt-BR\"}]}<\/script>\n<meta property=\"product:price:amount\" content=\"144000.00\" \/>\n<meta property=\"product:price:currency\" content=\"ARS\" \/>\n<meta property=\"og:availability\" content=\"instock\" \/>\n<meta property=\"product:availability\" content=\"instock\" \/>\n<meta property=\"product:retailer_item_id\" content=\"ADV2025CLBADEBK70\" \/>\n<meta property=\"product:condition\" content=\"new\" \/>\n<!-- \/ Yoast SEO Premium plugin. -->","yoast_head_json":{"title":"Experimente seu batismo de esqui\/snowboard na neve no Cerro Catedral - Ski Bariloche","robots":{"index":"index","follow":"follow","max-snippet":"max-snippet:-1","max-image-preview":"max-image-preview:large","max-video-preview":"max-video-preview:-1"},"canonical":"https:\/\/skibariloche.ar\/pt\/produto\/aula-de-batismo-esqui-neve-esqui-cerro-catedral\/","og_locale":"pt_BR","og_type":"article","og_title":"Viv\u00ed tu Bautismo de ski \/ snow en la Nieve en el Cerro Catedral","og_description":"Disfrut\u00e1 de la experiencia \u00fanica de iniciarte en ski o snowboard en el reconocido Cerro Catedral. El servicio contempla traslado, equipo completo y una clase personalizada partiendo desde Bariloche, combinando adrenalina, confort y exclusividad.","og_url":"https:\/\/skibariloche.ar\/pt\/produto\/aula-de-batismo-esqui-neve-esqui-cerro-catedral\/","og_site_name":"Ski Bariloche","article_modified_time":"2025-06-21T15:31:20+00:00","twitter_card":"summary_large_image","twitter_misc":{"Pre\u00e7o":"&#36;144,000.00","Disponibilidade":"Em Estoque"},"schema":{"@context":"https:\/\/schema.org","@graph":[{"@type":"WebPage","@id":"https:\/\/skibariloche.ar\/producto\/clase-bautismo-ski-snow-cerro-catedral\/","url":"https:\/\/skibariloche.ar\/producto\/clase-bautismo-ski-snow-cerro-catedral\/","name":"Experimente seu batismo de esqui\/snowboard na neve no Cerro Catedral - Ski Bariloche","isPartOf":{"@id":"https:\/\/skibariloche.ar\/#website"},"datePublished":"2025-06-13T14:23:08+00:00","dateModified":"2025-06-21T15:31:20+00:00","breadcrumb":{"@id":"https:\/\/skibariloche.ar\/producto\/clase-bautismo-ski-snow-cerro-catedral\/#breadcrumb"},"inLanguage":"pt-BR","potentialAction":[{"@type":"ReadAction","target":["https:\/\/skibariloche.ar\/producto\/clase-bautismo-ski-snow-cerro-catedral\/"]}]},{"@type":"BreadcrumbList","@id":"https:\/\/skibariloche.ar\/producto\/clase-bautismo-ski-snow-cerro-catedral\/#breadcrumb","itemListElement":[{"@type":"ListItem","position":1,"name":"Inicio","item":"https:\/\/skibariloche.ar\/"},{"@type":"ListItem","position":2,"name":"Tienda","item":"https:\/\/skibariloche.ar\/tienda\/"},{"@type":"ListItem","position":3,"name":"Viv\u00ed tu Bautismo de ski \/ snow en la Nieve en el Cerro Catedral"}]},{"@type":"WebSite","@id":"https:\/\/skibariloche.ar\/#website","url":"https:\/\/skibariloche.ar\/","name":"Ski Bariloche","description":"","potentialAction":[{"@type":"SearchAction","target":{"@type":"EntryPoint","urlTemplate":"https:\/\/skibariloche.ar\/?s={search_term_string}"},"query-input":{"@type":"PropertyValueSpecification","valueRequired":true,"valueName":"search_term_string"}}],"inLanguage":"pt-BR"}]},"product_price_amount":"144000.00","product_price_currency":"ARS","og_availability":"instock","product_availability":"instock","product_retailer_item_id":"ADV2025CLBADEBK70","product_condition":"new"},"_links":{"self":[{"href":"https:\/\/skibariloche.ar\/pt\/wp-json\/wp\/v2\/product\/47","targetHints":{"allow":["GET"]}}],"collection":[{"href":"https:\/\/skibariloche.ar\/pt\/wp-json\/wp\/v2\/product"}],"about":[{"href":"https:\/\/skibariloche.ar\/pt\/wp-json\/wp\/v2\/types\/product"}],"replies":[{"embeddable":true,"href":"https:\/\/skibariloche.ar\/pt\/wp-json\/wp\/v2\/comments?post=47"}],"wp:attachment":[{"href":"https:\/\/skibariloche.ar\/pt\/wp-json\/wp\/v2\/media?parent=47"}],"wp:term":[{"taxonomy":"product_brand","embeddable":true,"href":"https:\/\/skibariloche.ar\/pt\/wp-json\/wp\/v2\/product_brand?post=47"},{"taxonomy":"product_cat","embeddable":true,"href":"https:\/\/skibariloche.ar\/pt\/wp-json\/wp\/v2\/product_cat?post=47"},{"taxonomy":"product_tag","embeddable":true,"href":"https:\/\/skibariloche.ar\/pt\/wp-json\/wp\/v2\/product_tag?post=47"}],"curies":[{"name":"wp","href":"https:\/\/api.w.org\/{rel}","templated":true}]}}