{"id":44,"date":"2025-06-13T11:22:03","date_gmt":"2025-06-13T14:22:03","guid":{"rendered":"https:\/\/skibariloche.ar\/producto\/navegacion-por-nahuel-huapi-isla-victoria-y-bosque-de-arrayanes-sin-traslado\/"},"modified":"2025-06-17T18:28:13","modified_gmt":"2025-06-17T21:28:13","slug":"isla-victoria-y-bosque-de-arrayanes-sin-traslado","status":"publish","type":"product","link":"https:\/\/skibariloche.ar\/pt\/produto\/victoria-island-e-arrayanes-forest-sem-realocacao\/","title":{"rendered":"Navega\u00e7\u00e3o Nahuel Huapi: Ilha Victoria e Floresta Arrayanes sem traslado"},"content":{"rendered":"<h3 data-start=\"304\" data-end=\"381\">Conhe\u00e7a a aut\u00eantica Patag\u00f4nia com o apoio da Bariloche Excursions<\/h3>\n<p data-start=\"383\" data-end=\"761\">Navegue pelas \u00e1guas do Nahuel Huapi e surpreenda-se com dois cart\u00f5es postais ic\u00f4nicos da regi\u00e3o: a majestosa Ilha Victoria e o encantador Bosque de Arrayanes. Esta proposta, perfeita se voc\u00ea j\u00e1 estiver em Bariloche e preferir chegar diretamente a Puerto Pa\u00f1uelo, lhe d\u00e1 total liberdade e o plus de nosso servi\u00e7o especializado. Aproveite essa oportunidade de viajar em seu pr\u00f3prio ritmo.<\/p>\n<h3 data-start=\"763\" data-end=\"808\">Circuito e destaques<\/h3>\n<p data-start=\"810\" data-end=\"1136\">O dia come\u00e7a em <strong data-start=\"832\" data-end=\"850\">Puerto Pa\u00f1uelo<\/strong>, no 25\u00ba quil\u00f4metro da Avenida Bustillo. De l\u00e1, voc\u00ea embarca em um catamar\u00e3 panor\u00e2mico para viver uma experi\u00eancia \u00fanica no lago. O primeiro ponto \u00e9 o <strong data-start=\"1006\" data-end=\"1032\">Pen\u00ednsula de Quetrihu\u00e9<\/strong>, onde uma caminhada pelas trilhas bem cuidadas da exclusiva floresta de murtas do planeta o aguarda.<\/p>\n<p data-start=\"1138\" data-end=\"1365\">A viagem continua at\u00e9 o m\u00e1gico <strong data-start=\"1166\" data-end=\"1183\">Ilha Victoria<\/strong>, com estradas que levam ao <strong data-start=\"1246\" data-end=\"1264\">Praia de El Toro<\/strong>, famosa por suas areias vulc\u00e2nicas e vest\u00edgios de culturas antigas, incluindo fascinantes pinturas rupestres.<\/p>\n<h3 data-start=\"1367\" data-end=\"1387\">Principais fatos<\/h3>\n<ul data-start=\"1389\" data-end=\"1663\">\n<li data-start=\"1389\" data-end=\"1435\">\n<p data-start=\"1391\" data-end=\"1435\"><strong data-start=\"1391\" data-end=\"1412\">Dura\u00e7\u00e3o planejada<\/strong>: das 13:00 \u00e0s 18:30 hs<\/p>\n<\/li>\n<li data-start=\"1436\" data-end=\"1521\">\n<p data-start=\"1438\" data-end=\"1521\"><strong data-start=\"1438\" data-end=\"1449\">Inclui<\/strong>Travessia do lago em catamar\u00e3 com um guia especializado em todos os momentos.<\/p>\n<\/li>\n<li data-start=\"1522\" data-end=\"1663\">\n<p data-start=\"1524\" data-end=\"1663\"><strong data-start=\"1524\" data-end=\"1538\">N\u00e3o inclui<\/strong>: traslado para Puerto Pa\u00f1uelo, taxas portu\u00e1rias e acesso ao Parque Nacional, refei\u00e7\u00f5es (op\u00e7\u00f5es dispon\u00edveis a bordo e na ilha)<\/p>\n<\/li>\n<\/ul>\n<h3 data-start=\"1665\" data-end=\"1694\">Auto-acesso<\/h3>\n<p data-start=\"1696\" data-end=\"1943\">Puerto Pa\u00f1uelo est\u00e1 localizado a apenas meia hora de dist\u00e2ncia do centro de Bariloche, no quil\u00f4metro 25 da Avenida Bustillo. Voc\u00ea pode chegar l\u00e1 de carro particular, remis ou \u00f4nibus. Quando voc\u00ea faz a reserva, n\u00f3s lhe damos todos os detalhes para chegar l\u00e1 facilmente e sem desvios.<\/p>\n<h3 data-start=\"1950\" data-end=\"1974\">Perguntas frequentes<\/h3>\n<p data-start=\"1976\" data-end=\"2212\"><strong data-start=\"1976\" data-end=\"2028\">Onde posso pagar as taxas do parque e de embarque?<\/strong><br data-start=\"2028\" data-end=\"2031\" \/>Eles s\u00e3o pagos em dinheiro no mesmo dia, quando voc\u00ea chega a Puerto Pa\u00f1uelo. N\u00e3o s\u00e3o pagos por residentes locais, pessoas com defici\u00eancia, crian\u00e7as menores de 6 anos e aposentados argentinos.<\/p>\n<p data-start=\"2214\" data-end=\"2368\"><strong data-start=\"2214\" data-end=\"2260\">H\u00e1 descontos para visitantes estrangeiros?<\/strong><br data-start=\"2260\" data-end=\"2263\" \/>N\u00e3o. Os benef\u00edcios da taxa se aplicam apenas a residentes na Argentina que possam comprovar isso.<\/p>\n<p data-start=\"2370\" data-end=\"2524\"><strong data-start=\"2370\" data-end=\"2402\">Qual vaso \u00e9 usado?<\/strong><br data-start=\"2402\" data-end=\"2405\" \/>Voc\u00ea geralmente navega no lend\u00e1rio <strong data-start=\"2457\" data-end=\"2477\">Modesta Victoria<\/strong>, O pre\u00e7o pode variar de acordo com a disponibilidade no momento.<\/p>\n<p data-start=\"2526\" data-end=\"2689\"><strong data-start=\"2526\" data-end=\"2587\">Posso levar comida comigo ou h\u00e1 alternativas no passeio?<\/strong><br data-start=\"2587\" data-end=\"2590\" \/>Voc\u00ea tem a op\u00e7\u00e3o de trazer sua pr\u00f3pria comida e bebidas ou comprar comida e bebidas no catamar\u00e3 ou na Ilha Victoria.<\/p>","protected":false},"excerpt":{"rendered":"<p>Vivi uma experi\u00eancia incompar\u00e1vel viajando pelo <strong>Ilha Victoria<\/strong> e o <strong>Floresta Myrtle<\/strong>, no cora\u00e7\u00e3o da Patag\u00f4nia. Descobri a imponente <strong>Lago Nahuel Huapi<\/strong> enquanto voc\u00ea percorre trilhas cercadas por uma natureza vibrante e encontra vest\u00edgios de povos nativos. Aproveite essa ocasi\u00e3o especial para desfrutar de um ambiente verdadeiramente on\u00edrico.<\/p>","protected":false},"featured_media":0,"comment_status":"open","ping_status":"closed","template":"","meta":[],"product_brand":[],"product_cat":[15],"product_tag":[],"class_list":{"0":"post-44","1":"product","2":"type-product","3":"status-publish","5":"product_cat-sin-categorizar","7":"first","8":"instock","9":"sold-individually","10":"purchasable","11":"product-type-booking"},"booking_location":"","booking_location_type":"","booking_duration":1,"booking_duration_unit":"hour","booking_buffer":0,"booking_cost":0,"booking_resources":[],"exclude_global_add_ons":[],"addons":[],"yoast_head":"<!-- This site is optimized with the Yoast SEO Premium plugin v25.2 (Yoast SEO v25.2) - https:\/\/yoast.com\/wordpress\/plugins\/seo\/ -->\n<title>Navegaci\u00f3n por Nahuel Huapi: Isla Victoria y Bosque de Arrayanes sin traslado - Ski Bariloche<\/title>\n<meta name=\"robots\" content=\"index, follow, max-snippet:-1, max-image-preview:large, max-video-preview:-1\" \/>\n<link rel=\"canonical\" href=\"https:\/\/skibariloche.ar\/pt\/produto\/victoria-island-e-arrayanes-forest-sem-realocacao\/\" \/>\n<meta property=\"og:locale\" content=\"pt_BR\" \/>\n<meta property=\"og:type\" content=\"article\" \/>\n<meta property=\"og:title\" content=\"Navegaci\u00f3n por Nahuel Huapi: Isla Victoria y Bosque de Arrayanes sin traslado\" \/>\n<meta property=\"og:description\" content=\"Viv\u00ed una experiencia incomparable recorriendo la Isla Victoria y el Bosque de Arrayanes, en pleno coraz\u00f3n de la Patagonia. Descubr\u00ed la imponencia del lago Nahuel Huapi mientras te intern\u00e1s en caminos rodeados de naturaleza vibrante y encontr\u00e1s huellas de pueblos originarios. Aprovech\u00e1 esta ocasi\u00f3n especial para disfrutar de un entorno realmente so\u00f1ado.\" \/>\n<meta property=\"og:url\" content=\"https:\/\/skibariloche.ar\/pt\/produto\/victoria-island-e-arrayanes-forest-sem-realocacao\/\" \/>\n<meta property=\"og:site_name\" content=\"Ski Bariloche\" \/>\n<meta property=\"article:modified_time\" content=\"2025-06-17T21:28:13+00:00\" \/>\n<meta name=\"twitter:card\" content=\"summary_large_image\" \/>\n<meta name=\"twitter:label1\" content=\"Pre\u00e7o\" \/>\n\t<meta name=\"twitter:data1\" content=\"&#036;114,000.00\" \/>\n\t<meta name=\"twitter:label2\" content=\"Disponibilidade\" \/>\n\t<meta name=\"twitter:data2\" content=\"Em Estoque\" \/>\n<script type=\"application\/ld+json\" class=\"yoast-schema-graph\">{\"@context\":\"https:\/\/schema.org\",\"@graph\":[{\"@type\":\"WebPage\",\"@id\":\"https:\/\/skibariloche.ar\/producto\/isla-victoria-y-bosque-de-arrayanes-sin-traslado\/\",\"url\":\"https:\/\/skibariloche.ar\/producto\/isla-victoria-y-bosque-de-arrayanes-sin-traslado\/\",\"name\":\"Navegaci\u00f3n por Nahuel Huapi: Isla Victoria y Bosque de Arrayanes sin traslado - Ski Bariloche\",\"isPartOf\":{\"@id\":\"https:\/\/skibariloche.ar\/#website\"},\"datePublished\":\"2025-06-13T14:22:03+00:00\",\"dateModified\":\"2025-06-17T21:28:13+00:00\",\"breadcrumb\":{\"@id\":\"https:\/\/skibariloche.ar\/producto\/isla-victoria-y-bosque-de-arrayanes-sin-traslado\/#breadcrumb\"},\"inLanguage\":\"pt-BR\",\"potentialAction\":[{\"@type\":\"ReadAction\",\"target\":[\"https:\/\/skibariloche.ar\/producto\/isla-victoria-y-bosque-de-arrayanes-sin-traslado\/\"]}]},{\"@type\":\"BreadcrumbList\",\"@id\":\"https:\/\/skibariloche.ar\/producto\/isla-victoria-y-bosque-de-arrayanes-sin-traslado\/#breadcrumb\",\"itemListElement\":[{\"@type\":\"ListItem\",\"position\":1,\"name\":\"Inicio\",\"item\":\"https:\/\/skibariloche.ar\/\"},{\"@type\":\"ListItem\",\"position\":2,\"name\":\"Tienda\",\"item\":\"https:\/\/skibariloche.ar\/tienda\/\"},{\"@type\":\"ListItem\",\"position\":3,\"name\":\"Navegaci\u00f3n por Nahuel Huapi: Isla Victoria y Bosque de Arrayanes sin traslado\"}]},{\"@type\":\"WebSite\",\"@id\":\"https:\/\/skibariloche.ar\/#website\",\"url\":\"https:\/\/skibariloche.ar\/\",\"name\":\"Ski Bariloche\",\"description\":\"\",\"potentialAction\":[{\"@type\":\"SearchAction\",\"target\":{\"@type\":\"EntryPoint\",\"urlTemplate\":\"https:\/\/skibariloche.ar\/?s={search_term_string}\"},\"query-input\":{\"@type\":\"PropertyValueSpecification\",\"valueRequired\":true,\"valueName\":\"search_term_string\"}}],\"inLanguage\":\"pt-BR\"}]}<\/script>\n<meta property=\"product:price:amount\" content=\"114000.00\" \/>\n<meta property=\"product:price:currency\" content=\"ARS\" \/>\n<meta property=\"og:availability\" content=\"instock\" \/>\n<meta property=\"product:availability\" content=\"instock\" \/>\n<meta property=\"product:retailer_item_id\" content=\"ADV2025ISVIYB4A10\" \/>\n<meta property=\"product:condition\" content=\"new\" \/>\n<!-- \/ Yoast SEO Premium plugin. -->","yoast_head_json":{"title":"Navega\u00e7\u00e3o Nahuel Huapi: Ilha Victoria e Bosque de Arrayanes sem traslado - Ski Bariloche","robots":{"index":"index","follow":"follow","max-snippet":"max-snippet:-1","max-image-preview":"max-image-preview:large","max-video-preview":"max-video-preview:-1"},"canonical":"https:\/\/skibariloche.ar\/pt\/produto\/victoria-island-e-arrayanes-forest-sem-realocacao\/","og_locale":"pt_BR","og_type":"article","og_title":"Navegaci\u00f3n por Nahuel Huapi: Isla Victoria y Bosque de Arrayanes sin traslado","og_description":"Viv\u00ed una experiencia incomparable recorriendo la Isla Victoria y el Bosque de Arrayanes, en pleno coraz\u00f3n de la Patagonia. Descubr\u00ed la imponencia del lago Nahuel Huapi mientras te intern\u00e1s en caminos rodeados de naturaleza vibrante y encontr\u00e1s huellas de pueblos originarios. Aprovech\u00e1 esta ocasi\u00f3n especial para disfrutar de un entorno realmente so\u00f1ado.","og_url":"https:\/\/skibariloche.ar\/pt\/produto\/victoria-island-e-arrayanes-forest-sem-realocacao\/","og_site_name":"Ski Bariloche","article_modified_time":"2025-06-17T21:28:13+00:00","twitter_card":"summary_large_image","twitter_misc":{"Pre\u00e7o":"&#36;114,000.00","Disponibilidade":"Em Estoque"},"schema":{"@context":"https:\/\/schema.org","@graph":[{"@type":"WebPage","@id":"https:\/\/skibariloche.ar\/producto\/isla-victoria-y-bosque-de-arrayanes-sin-traslado\/","url":"https:\/\/skibariloche.ar\/producto\/isla-victoria-y-bosque-de-arrayanes-sin-traslado\/","name":"Navega\u00e7\u00e3o Nahuel Huapi: Ilha Victoria e Bosque de Arrayanes sem traslado - Ski Bariloche","isPartOf":{"@id":"https:\/\/skibariloche.ar\/#website"},"datePublished":"2025-06-13T14:22:03+00:00","dateModified":"2025-06-17T21:28:13+00:00","breadcrumb":{"@id":"https:\/\/skibariloche.ar\/producto\/isla-victoria-y-bosque-de-arrayanes-sin-traslado\/#breadcrumb"},"inLanguage":"pt-BR","potentialAction":[{"@type":"ReadAction","target":["https:\/\/skibariloche.ar\/producto\/isla-victoria-y-bosque-de-arrayanes-sin-traslado\/"]}]},{"@type":"BreadcrumbList","@id":"https:\/\/skibariloche.ar\/producto\/isla-victoria-y-bosque-de-arrayanes-sin-traslado\/#breadcrumb","itemListElement":[{"@type":"ListItem","position":1,"name":"Inicio","item":"https:\/\/skibariloche.ar\/"},{"@type":"ListItem","position":2,"name":"Tienda","item":"https:\/\/skibariloche.ar\/tienda\/"},{"@type":"ListItem","position":3,"name":"Navegaci\u00f3n por Nahuel Huapi: Isla Victoria y Bosque de Arrayanes sin traslado"}]},{"@type":"WebSite","@id":"https:\/\/skibariloche.ar\/#website","url":"https:\/\/skibariloche.ar\/","name":"Ski Bariloche","description":"","potentialAction":[{"@type":"SearchAction","target":{"@type":"EntryPoint","urlTemplate":"https:\/\/skibariloche.ar\/?s={search_term_string}"},"query-input":{"@type":"PropertyValueSpecification","valueRequired":true,"valueName":"search_term_string"}}],"inLanguage":"pt-BR"}]},"product_price_amount":"114000.00","product_price_currency":"ARS","og_availability":"instock","product_availability":"instock","product_retailer_item_id":"ADV2025ISVIYB4A10","product_condition":"new"},"_links":{"self":[{"href":"https:\/\/skibariloche.ar\/pt\/wp-json\/wp\/v2\/product\/44","targetHints":{"allow":["GET"]}}],"collection":[{"href":"https:\/\/skibariloche.ar\/pt\/wp-json\/wp\/v2\/product"}],"about":[{"href":"https:\/\/skibariloche.ar\/pt\/wp-json\/wp\/v2\/types\/product"}],"replies":[{"embeddable":true,"href":"https:\/\/skibariloche.ar\/pt\/wp-json\/wp\/v2\/comments?post=44"}],"wp:attachment":[{"href":"https:\/\/skibariloche.ar\/pt\/wp-json\/wp\/v2\/media?parent=44"}],"wp:term":[{"taxonomy":"product_brand","embeddable":true,"href":"https:\/\/skibariloche.ar\/pt\/wp-json\/wp\/v2\/product_brand?post=44"},{"taxonomy":"product_cat","embeddable":true,"href":"https:\/\/skibariloche.ar\/pt\/wp-json\/wp\/v2\/product_cat?post=44"},{"taxonomy":"product_tag","embeddable":true,"href":"https:\/\/skibariloche.ar\/pt\/wp-json\/wp\/v2\/product_tag?post=44"}],"curies":[{"name":"wp","href":"https:\/\/api.w.org\/{rel}","templated":true}]}}