{"id":43,"date":"2025-06-13T11:21:38","date_gmt":"2025-06-13T14:21:38","guid":{"rendered":"https:\/\/skibariloche.ar\/producto\/excursion-a-puerto-blest-y-lago-frias-con-traslado\/"},"modified":"2025-06-21T12:31:06","modified_gmt":"2025-06-21T15:31:06","slug":"puerto-blest-cascada-los-cantaros-lago-frias","status":"publish","type":"product","link":"https:\/\/skibariloche.ar\/pt\/produto\/puerto-blest-cachoeira-los-cantaros-lago-frias\/","title":{"rendered":"Excurs\u00e3o a Puerto Blest e Lago Frias com traslado"},"content":{"rendered":"<h2>Conhe\u00e7a a Ess\u00eancia de Puerto Blest e a cachoeira \u201cLos C\u00e1ntaros\u201d.\u201d<\/h2>\n<p>Venha conhecer um passeio \u00fanico que come\u00e7a no tradicional <strong>Puerto Pa\u00f1uelo<\/strong>, a poucos minutos do centro de San Carlos de Bariloche. Desfrute de uma navega\u00e7\u00e3o tranquila de aproximadamente uma hora, na qual voc\u00ea conhecer\u00e1 o m\u00edtico <strong>Ilhota Sentinela<\/strong>, o ref\u00fagio final do grande Perito Moreno.<\/p>\n<p>Em seguida, a viagem continua por trilhas elevadas que o convidam a contemplar a imponente <strong>Cachoeira Los C\u00e1ntaros<\/strong>. Esse espet\u00e1culo natural, ladeado por gigantescas paredes de pedra, abriga um antigo lari\u00e7o com mais de 1.500 anos de idade.<\/p>\n<h3>Navega\u00e7\u00e3o panor\u00e2mica em Nahuel Huapi<\/h3>\n<p>Embarque em um confort\u00e1vel catamar\u00e3 para admirar <strong>vistas incompar\u00e1veis do Lago Nahuel Huapi<\/strong> e os imponentes picos da <strong>Cordilheira dos Andes<\/strong>. Permita-se conectar com a beleza de suas ilhotas e com o maravilhoso cen\u00e1rio que identifica a \u00e1rea.<\/p>\n<h2>Tour Lago Frias: um canto secreto<\/h2>\n<p>Quando voc\u00ea chegar a Puerto Blest, um recanto que surpreende viajantes de todo o mundo, olhe para a m\u00e1gica <strong>Lago Frias<\/strong>. Seu tom esmeralda caracter\u00edstico vem dos minerais trazidos pelo derretimento da neve do Cerro Tronador.<\/p>\n<p>Para estender seu passeio, um traslado de \u00f4nibus de 3 km o levar\u00e1 a <strong>Porto Alegre<\/strong>, onde voc\u00ea pode embarcar para conhecer mais de perto suas \u00e1guas encantadoras.<\/p>\n<h3>Propostas variadas para aproveitar<\/h3>\n<ul>\n<li>Passeios a p\u00e9 na floresta de Vald\u00edvia, um santu\u00e1rio de flora e fauna imponentes.<\/li>\n<li>Passeios de barco no silencioso Lago Frias, que o encantam com paisagens de outro mundo.<\/li>\n<\/ul>\n<h2>Fatos importantes sobre a experi\u00eancia<\/h2>\n<ul>\n<li><strong>Dura\u00e7\u00e3o:<\/strong> Das 8h30 \u00e0s 17h30, aproximadamente.<\/li>\n<li><strong>Ele inclui:<\/strong> Traslado de ida e volta, guia durante o passeio aqu\u00e1tico e passeios a p\u00e9.<\/li>\n<li><strong>N\u00e3o inclu\u00eddo:<\/strong> Almo\u00e7os (h\u00e1 op\u00e7\u00f5es em confeitarias) e entrada no Parque Nacional.<\/li>\n<\/ul>\n<h2>Perguntas frequentes<\/h2>\n<ul>\n<li><strong>Como \u00e9 paga a taxa de entrada no Parque Nacional?<\/strong><br \/>\nO valor deve ser pago no dia do passeio em Puerto Pa\u00f1uelo, somente em dinheiro e em pesos argentinos. A popula\u00e7\u00e3o local e as crian\u00e7as com menos de cinco anos de idade t\u00eam acesso a benef\u00edcios especiais.<\/li>\n<li><strong>H\u00e1 descontos para aposentados de outros pa\u00edses?<\/strong><br \/>\nN\u00e3o, os descontos se aplicam apenas aos aposentados argentinos, que devem apresentar sua carteira de identidade ao embarcar no barco.<\/li>\n<li><strong>\u00c9 poss\u00edvel levar comida particular?<\/strong><br \/>\nObviamente, voc\u00ea pode levar sua pr\u00f3pria comida ou fazer refei\u00e7\u00f5es no barco e nos paradores.<\/li>\n<li><strong>Qual embarca\u00e7\u00e3o opera o passeio?<\/strong><br \/>\nEm geral, o Modesta Victoria cl\u00e1ssico \u00e9 usado, embora o barco possa ser trocado se as circunst\u00e2ncias exigirem.<\/li>\n<li><strong>\u00c9 poss\u00edvel combinar com outras excurs\u00f5es?<\/strong><br \/>\nSim, especialmente se voc\u00ea sair \u00e0 tarde. Sugerimos que voc\u00ea o adicione ao Circuito Chico para aproveitar ao m\u00e1ximo sua visita.<\/li>\n<\/ul>","protected":false},"excerpt":{"rendered":"<p>Desfrute de uma experi\u00eancia \u00fanica em Puerto Blest e na cachoeira \u00abLos C\u00e1ntaros\u00bb. Fa\u00e7a um passeio de barco e maravilhe-se com a natureza imponente do Lago Frias. Adquira j\u00e1 sua passagem e deixe-se envolver por paisagens inesquec\u00edveis.<\/p>","protected":false},"featured_media":0,"comment_status":"open","ping_status":"closed","template":"","meta":[],"product_brand":[],"product_cat":[15],"product_tag":[],"class_list":{"0":"post-43","1":"product","2":"type-product","3":"status-publish","5":"product_cat-sin-categorizar","7":"first","8":"instock","9":"sold-individually","10":"purchasable","11":"product-type-booking"},"booking_location":"","booking_location_type":"","booking_duration":1,"booking_duration_unit":"hour","booking_buffer":0,"booking_cost":0,"booking_resources":[],"exclude_global_add_ons":[],"addons":[],"yoast_head":"<!-- This site is optimized with the Yoast SEO Premium plugin v25.2 (Yoast SEO v25.2) - https:\/\/yoast.com\/wordpress\/plugins\/seo\/ -->\n<title>Excursi\u00f3n a Puerto Blest y Lago Fr\u00edas con traslado - Ski Bariloche<\/title>\n<meta name=\"robots\" content=\"index, follow, max-snippet:-1, max-image-preview:large, max-video-preview:-1\" \/>\n<link rel=\"canonical\" href=\"https:\/\/skibariloche.ar\/pt\/produto\/puerto-blest-cachoeira-los-cantaros-lago-frias\/\" \/>\n<meta property=\"og:locale\" content=\"pt_BR\" \/>\n<meta property=\"og:type\" content=\"article\" \/>\n<meta property=\"og:title\" content=\"Excursi\u00f3n a Puerto Blest y Lago Fr\u00edas con traslado\" \/>\n<meta property=\"og:description\" content=\"Disfrut\u00e1 una experiencia \u00fanica en Puerto Blest y el salto \u00abLos C\u00e1ntaros\u00bb. Animate a navegar y maravillate con la naturaleza imponente del Lago Fr\u00edas. Sac\u00e1 tu pasaje ahora y dejate envolver por paisajes inolvidables.\" \/>\n<meta property=\"og:url\" content=\"https:\/\/skibariloche.ar\/pt\/produto\/puerto-blest-cachoeira-los-cantaros-lago-frias\/\" \/>\n<meta property=\"og:site_name\" content=\"Ski Bariloche\" \/>\n<meta property=\"article:modified_time\" content=\"2025-06-21T15:31:06+00:00\" \/>\n<meta name=\"twitter:card\" content=\"summary_large_image\" \/>\n<meta name=\"twitter:label1\" content=\"Pre\u00e7o\" \/>\n\t<meta name=\"twitter:data1\" content=\"&#036;179,000.00\" \/>\n\t<meta name=\"twitter:label2\" content=\"Disponibilidade\" \/>\n\t<meta name=\"twitter:data2\" content=\"Em Estoque\" \/>\n<script type=\"application\/ld+json\" class=\"yoast-schema-graph\">{\"@context\":\"https:\/\/schema.org\",\"@graph\":[{\"@type\":\"WebPage\",\"@id\":\"https:\/\/skibariloche.ar\/producto\/puerto-blest-cascada-los-cantaros-lago-frias\/\",\"url\":\"https:\/\/skibariloche.ar\/producto\/puerto-blest-cascada-los-cantaros-lago-frias\/\",\"name\":\"Excursi\u00f3n a Puerto Blest y Lago Fr\u00edas con traslado - Ski Bariloche\",\"isPartOf\":{\"@id\":\"https:\/\/skibariloche.ar\/#website\"},\"datePublished\":\"2025-06-13T14:21:38+00:00\",\"dateModified\":\"2025-06-21T15:31:06+00:00\",\"breadcrumb\":{\"@id\":\"https:\/\/skibariloche.ar\/producto\/puerto-blest-cascada-los-cantaros-lago-frias\/#breadcrumb\"},\"inLanguage\":\"pt-BR\",\"potentialAction\":[{\"@type\":\"ReadAction\",\"target\":[\"https:\/\/skibariloche.ar\/producto\/puerto-blest-cascada-los-cantaros-lago-frias\/\"]}]},{\"@type\":\"BreadcrumbList\",\"@id\":\"https:\/\/skibariloche.ar\/producto\/puerto-blest-cascada-los-cantaros-lago-frias\/#breadcrumb\",\"itemListElement\":[{\"@type\":\"ListItem\",\"position\":1,\"name\":\"Inicio\",\"item\":\"https:\/\/skibariloche.ar\/\"},{\"@type\":\"ListItem\",\"position\":2,\"name\":\"Tienda\",\"item\":\"https:\/\/skibariloche.ar\/tienda\/\"},{\"@type\":\"ListItem\",\"position\":3,\"name\":\"Excursi\u00f3n a Puerto Blest y Lago Fr\u00edas con traslado\"}]},{\"@type\":\"WebSite\",\"@id\":\"https:\/\/skibariloche.ar\/#website\",\"url\":\"https:\/\/skibariloche.ar\/\",\"name\":\"Ski Bariloche\",\"description\":\"\",\"potentialAction\":[{\"@type\":\"SearchAction\",\"target\":{\"@type\":\"EntryPoint\",\"urlTemplate\":\"https:\/\/skibariloche.ar\/?s={search_term_string}\"},\"query-input\":{\"@type\":\"PropertyValueSpecification\",\"valueRequired\":true,\"valueName\":\"search_term_string\"}}],\"inLanguage\":\"pt-BR\"}]}<\/script>\n<meta property=\"product:price:amount\" content=\"179000.00\" \/>\n<meta property=\"product:price:currency\" content=\"ARS\" \/>\n<meta property=\"og:availability\" content=\"instock\" \/>\n<meta property=\"product:availability\" content=\"instock\" \/>\n<meta property=\"product:retailer_item_id\" content=\"ADV2025PUBLYC9CR1\" \/>\n<meta property=\"product:condition\" content=\"new\" \/>\n<!-- \/ Yoast SEO Premium plugin. -->","yoast_head_json":{"title":"Excurs\u00e3o a Puerto Blest e Lago Frias com traslado - Ski Bariloche","robots":{"index":"index","follow":"follow","max-snippet":"max-snippet:-1","max-image-preview":"max-image-preview:large","max-video-preview":"max-video-preview:-1"},"canonical":"https:\/\/skibariloche.ar\/pt\/produto\/puerto-blest-cachoeira-los-cantaros-lago-frias\/","og_locale":"pt_BR","og_type":"article","og_title":"Excursi\u00f3n a Puerto Blest y Lago Fr\u00edas con traslado","og_description":"Disfrut\u00e1 una experiencia \u00fanica en Puerto Blest y el salto \u00abLos C\u00e1ntaros\u00bb. Animate a navegar y maravillate con la naturaleza imponente del Lago Fr\u00edas. Sac\u00e1 tu pasaje ahora y dejate envolver por paisajes inolvidables.","og_url":"https:\/\/skibariloche.ar\/pt\/produto\/puerto-blest-cachoeira-los-cantaros-lago-frias\/","og_site_name":"Ski Bariloche","article_modified_time":"2025-06-21T15:31:06+00:00","twitter_card":"summary_large_image","twitter_misc":{"Pre\u00e7o":"&#36;179,000.00","Disponibilidade":"Em Estoque"},"schema":{"@context":"https:\/\/schema.org","@graph":[{"@type":"WebPage","@id":"https:\/\/skibariloche.ar\/producto\/puerto-blest-cascada-los-cantaros-lago-frias\/","url":"https:\/\/skibariloche.ar\/producto\/puerto-blest-cascada-los-cantaros-lago-frias\/","name":"Excurs\u00e3o a Puerto Blest e Lago Frias com traslado - Ski Bariloche","isPartOf":{"@id":"https:\/\/skibariloche.ar\/#website"},"datePublished":"2025-06-13T14:21:38+00:00","dateModified":"2025-06-21T15:31:06+00:00","breadcrumb":{"@id":"https:\/\/skibariloche.ar\/producto\/puerto-blest-cascada-los-cantaros-lago-frias\/#breadcrumb"},"inLanguage":"pt-BR","potentialAction":[{"@type":"ReadAction","target":["https:\/\/skibariloche.ar\/producto\/puerto-blest-cascada-los-cantaros-lago-frias\/"]}]},{"@type":"BreadcrumbList","@id":"https:\/\/skibariloche.ar\/producto\/puerto-blest-cascada-los-cantaros-lago-frias\/#breadcrumb","itemListElement":[{"@type":"ListItem","position":1,"name":"Inicio","item":"https:\/\/skibariloche.ar\/"},{"@type":"ListItem","position":2,"name":"Tienda","item":"https:\/\/skibariloche.ar\/tienda\/"},{"@type":"ListItem","position":3,"name":"Excursi\u00f3n a Puerto Blest y Lago Fr\u00edas con traslado"}]},{"@type":"WebSite","@id":"https:\/\/skibariloche.ar\/#website","url":"https:\/\/skibariloche.ar\/","name":"Ski Bariloche","description":"","potentialAction":[{"@type":"SearchAction","target":{"@type":"EntryPoint","urlTemplate":"https:\/\/skibariloche.ar\/?s={search_term_string}"},"query-input":{"@type":"PropertyValueSpecification","valueRequired":true,"valueName":"search_term_string"}}],"inLanguage":"pt-BR"}]},"product_price_amount":"179000.00","product_price_currency":"ARS","og_availability":"instock","product_availability":"instock","product_retailer_item_id":"ADV2025PUBLYC9CR1","product_condition":"new"},"_links":{"self":[{"href":"https:\/\/skibariloche.ar\/pt\/wp-json\/wp\/v2\/product\/43","targetHints":{"allow":["GET"]}}],"collection":[{"href":"https:\/\/skibariloche.ar\/pt\/wp-json\/wp\/v2\/product"}],"about":[{"href":"https:\/\/skibariloche.ar\/pt\/wp-json\/wp\/v2\/types\/product"}],"replies":[{"embeddable":true,"href":"https:\/\/skibariloche.ar\/pt\/wp-json\/wp\/v2\/comments?post=43"}],"wp:attachment":[{"href":"https:\/\/skibariloche.ar\/pt\/wp-json\/wp\/v2\/media?parent=43"}],"wp:term":[{"taxonomy":"product_brand","embeddable":true,"href":"https:\/\/skibariloche.ar\/pt\/wp-json\/wp\/v2\/product_brand?post=43"},{"taxonomy":"product_cat","embeddable":true,"href":"https:\/\/skibariloche.ar\/pt\/wp-json\/wp\/v2\/product_cat?post=43"},{"taxonomy":"product_tag","embeddable":true,"href":"https:\/\/skibariloche.ar\/pt\/wp-json\/wp\/v2\/product_tag?post=43"}],"curies":[{"name":"wp","href":"https:\/\/api.w.org\/{rel}","templated":true}]}}