{"id":42,"date":"2025-06-13T11:21:20","date_gmt":"2025-06-13T14:21:20","guid":{"rendered":"https:\/\/skibariloche.ar\/producto\/puerto-blest-y-cascada-los-cantaros-con-traslado\/"},"modified":"2025-06-21T12:31:08","modified_gmt":"2025-06-21T15:31:08","slug":"puerto-blest-cascada-los-cantaros-con-traslado","status":"publish","type":"product","link":"https:\/\/skibariloche.ar\/pt\/produto\/cachoeira-puerto-blest-los-cantaros-com-traslado\/","title":{"rendered":"Puerto Blest e Cachoeira \u201cLos Cantaros\u201d com traslado"},"content":{"rendered":"<h2>Experimente a Aventura Esplendorosa em Puerto Blest e a cachoeira \u201cLos C\u00e1ntaros\u201d.\u201d<\/h2>\n<p>Deixe-se surpreender por uma experi\u00eancia exclusiva na Patag\u00f4nia Argentina. Escolhendo seu traslado, voc\u00ea partir\u00e1 do cora\u00e7\u00e3o de Bariloche at\u00e9 o renomado Puerto Pa\u00f1uelo, localizado a apenas 25 km do centro. No caminho, aproveite para se maravilhar com o m\u00edstico cart\u00e3o-postal andino e a calma profunda dos lagos do sul.<\/p>\n<h3>Uma caminhada que faz a diferen\u00e7a<\/h3>\n<p>Suba em um catamar\u00e3 e navegue por cerca de uma hora. No caminho, voc\u00ea conhecer\u00e1 a ilhota Centinela, um recanto cheio de hist\u00f3ria que abriga os restos do amado Perito Moreno. A viagem culmina em passarelas que levam \u00e0 fascinante <strong>Cachoeira Los C\u00e1ntaros<\/strong>, A \u00e1rea \u00e9 cercada por imensas paredes de granito esculpidas por geleiras, de modo que a for\u00e7a da natureza o deixar\u00e1 sem palavras.<\/p>\n<h3>Os segredos de Puerto Blest<\/h3>\n<ul>\n<li><strong>Bah\u00eda de Ensue\u00f1o:<\/strong> Desfrute de vistas panor\u00e2micas da ba\u00eda e do lago Frias, cujas \u00e1guas verdes v\u00eam diretamente das geleiras do imponente Cerro Tronador.<\/li>\n<li><strong>Trilhas na floresta tropical de Vald\u00edvia:<\/strong> Caminhe por suas trilhas e sinta a energia da biodiversidade \u00fanica desse ecossistema irrepet\u00edvel.<\/li>\n<\/ul>\n<h3>Crie mem\u00f3rias exclusivas<\/h3>\n<p>A experi\u00eancia termina com o retorno pelo Brazo Blest, enquanto o Cerro Tronador se despede em tons dourados, gerando um cart\u00e3o postal indel\u00e9vel para inspir\u00e1-lo a voltar.<\/p>\n<h3>Principais dados<\/h3>\n<ul>\n<li><strong>Hor\u00e1rio:<\/strong> Das 8:30 \u00e0s 18:00 horas.<\/li>\n<li><strong>Ele inclui:<\/strong> Traslados de ida e volta, excurs\u00e3o guiada de catamar\u00e3 e trilhas guiadas pela floresta.<\/li>\n<li><strong>N\u00e3o inclu\u00eddo:<\/strong> Alimenta\u00e7\u00e3o (h\u00e1 alternativas gastron\u00f4micas durante a experi\u00eancia), taxas de entrada no Parque Nacional e taxas de embarque.<\/li>\n<\/ul>\n<h3>Preocupa\u00e7\u00f5es comuns<\/h3>\n<h4>Pessoas de todas as idades podem participar?<\/h4>\n<p>\u00c9 claro que essa proposta foi criada para que jovens e adultos possam se divertir.<\/p>\n<h4>O que devo vestir?<\/h4>\n<p>\u00c9 melhor usar roupas confort\u00e1veis e cal\u00e7ados adequados para caminhar, al\u00e9m de um casaco para o caso de o tempo mudar.<\/p>\n<h4>A cachoeira \u201cLos C\u00e1ntaros\u201d fica aberta o ano todo?<\/h4>\n<p>Em geral, a excurs\u00e3o est\u00e1 dispon\u00edvel durante todo o ano, embora no inverno seja aconselh\u00e1vel verificar com anteced\u00eancia para garantir a disponibilidade.<\/p>","protected":false},"excerpt":{"rendered":"<p>Participe de uma viagem inesquec\u00edvel a Puerto Blest e \u00e0 imponente cachoeira \u00abLos C\u00e1ntaros\u00bb. Desfrute de um passeio de catamar\u00e3 no Lago Nahuel Huapi e descubra a exuberante floresta tropical valdiviana. Essa experi\u00eancia lhe proporciona vistas \u00fanicas e momentos aut\u00eanticos de encontro com o ambiente natural. Garanta seu lugar e sinta a ess\u00eancia da Patag\u00f4nia como nunca antes.<\/p>","protected":false},"featured_media":0,"comment_status":"open","ping_status":"closed","template":"","meta":[],"product_brand":[],"product_cat":[15],"product_tag":[],"class_list":{"0":"post-42","1":"product","2":"type-product","3":"status-publish","5":"product_cat-sin-categorizar","7":"first","8":"instock","9":"sold-individually","10":"purchasable","11":"product-type-booking"},"booking_location":"","booking_location_type":"","booking_duration":1,"booking_duration_unit":"hour","booking_buffer":0,"booking_cost":0,"booking_resources":[],"exclude_global_add_ons":[],"addons":[],"yoast_head":"<!-- This site is optimized with the Yoast SEO Premium plugin v25.2 (Yoast SEO v25.2) - https:\/\/yoast.com\/wordpress\/plugins\/seo\/ -->\n<title>Puerto Blest y Cascada &quot;Los Cantaros&quot; con traslado - Ski Bariloche<\/title>\n<meta name=\"robots\" content=\"index, follow, max-snippet:-1, max-image-preview:large, max-video-preview:-1\" \/>\n<link rel=\"canonical\" href=\"https:\/\/skibariloche.ar\/pt\/produto\/cachoeira-puerto-blest-los-cantaros-com-traslado\/\" \/>\n<meta property=\"og:locale\" content=\"pt_BR\" \/>\n<meta property=\"og:type\" content=\"article\" \/>\n<meta property=\"og:title\" content=\"Puerto Blest y Cascada &quot;Los Cantaros&quot; con traslado\" \/>\n<meta property=\"og:description\" content=\"Sumate a una traves\u00eda inolvidable hacia Puerto Blest y la imponente Cascada \u00abLos C\u00e1ntaros\u00bb. Disfrut\u00e1 de un paseo en catamar\u00e1n por el lago Nahuel Huapi y descubr\u00ed la exuberante selva valdiviana. Esta experiencia te regala vistas \u00fanicas y momentos aut\u00e9nticos de encuentro con el entorno natural. Asegur\u00e1 tu cupo y sent\u00ed la esencia patag\u00f3nica como nunca antes.\" \/>\n<meta property=\"og:url\" content=\"https:\/\/skibariloche.ar\/pt\/produto\/cachoeira-puerto-blest-los-cantaros-com-traslado\/\" \/>\n<meta property=\"og:site_name\" content=\"Ski Bariloche\" \/>\n<meta property=\"article:modified_time\" content=\"2025-06-21T15:31:08+00:00\" \/>\n<meta name=\"twitter:card\" content=\"summary_large_image\" \/>\n<meta name=\"twitter:label1\" content=\"Pre\u00e7o\" \/>\n\t<meta name=\"twitter:data1\" content=\"&#036;133,000.00\" \/>\n\t<meta name=\"twitter:label2\" content=\"Disponibilidade\" \/>\n\t<meta name=\"twitter:data2\" content=\"Em Estoque\" \/>\n<script type=\"application\/ld+json\" class=\"yoast-schema-graph\">{\"@context\":\"https:\/\/schema.org\",\"@graph\":[{\"@type\":\"WebPage\",\"@id\":\"https:\/\/skibariloche.ar\/producto\/puerto-blest-cascada-los-cantaros-con-traslado\/\",\"url\":\"https:\/\/skibariloche.ar\/producto\/puerto-blest-cascada-los-cantaros-con-traslado\/\",\"name\":\"Puerto Blest y Cascada \\\"Los Cantaros\\\" con traslado - Ski Bariloche\",\"isPartOf\":{\"@id\":\"https:\/\/skibariloche.ar\/#website\"},\"datePublished\":\"2025-06-13T14:21:20+00:00\",\"dateModified\":\"2025-06-21T15:31:08+00:00\",\"breadcrumb\":{\"@id\":\"https:\/\/skibariloche.ar\/producto\/puerto-blest-cascada-los-cantaros-con-traslado\/#breadcrumb\"},\"inLanguage\":\"pt-BR\",\"potentialAction\":[{\"@type\":\"ReadAction\",\"target\":[\"https:\/\/skibariloche.ar\/producto\/puerto-blest-cascada-los-cantaros-con-traslado\/\"]}]},{\"@type\":\"BreadcrumbList\",\"@id\":\"https:\/\/skibariloche.ar\/producto\/puerto-blest-cascada-los-cantaros-con-traslado\/#breadcrumb\",\"itemListElement\":[{\"@type\":\"ListItem\",\"position\":1,\"name\":\"Inicio\",\"item\":\"https:\/\/skibariloche.ar\/\"},{\"@type\":\"ListItem\",\"position\":2,\"name\":\"Tienda\",\"item\":\"https:\/\/skibariloche.ar\/tienda\/\"},{\"@type\":\"ListItem\",\"position\":3,\"name\":\"Puerto Blest y Cascada \u00abLos Cantaros\u00bb con traslado\"}]},{\"@type\":\"WebSite\",\"@id\":\"https:\/\/skibariloche.ar\/#website\",\"url\":\"https:\/\/skibariloche.ar\/\",\"name\":\"Ski Bariloche\",\"description\":\"\",\"potentialAction\":[{\"@type\":\"SearchAction\",\"target\":{\"@type\":\"EntryPoint\",\"urlTemplate\":\"https:\/\/skibariloche.ar\/?s={search_term_string}\"},\"query-input\":{\"@type\":\"PropertyValueSpecification\",\"valueRequired\":true,\"valueName\":\"search_term_string\"}}],\"inLanguage\":\"pt-BR\"}]}<\/script>\n<meta property=\"product:price:amount\" content=\"133000.00\" \/>\n<meta property=\"product:price:currency\" content=\"ARS\" \/>\n<meta property=\"og:availability\" content=\"instock\" \/>\n<meta property=\"product:availability\" content=\"instock\" \/>\n<meta property=\"product:retailer_item_id\" content=\"ADV2025PUBLYCO2Q8\" \/>\n<meta property=\"product:condition\" content=\"new\" \/>\n<!-- \/ Yoast SEO Premium plugin. -->","yoast_head_json":{"title":"Puerto Blest e cachoeira \"Los Cantaros\" com traslado - Ski Bariloche","robots":{"index":"index","follow":"follow","max-snippet":"max-snippet:-1","max-image-preview":"max-image-preview:large","max-video-preview":"max-video-preview:-1"},"canonical":"https:\/\/skibariloche.ar\/pt\/produto\/cachoeira-puerto-blest-los-cantaros-com-traslado\/","og_locale":"pt_BR","og_type":"article","og_title":"Puerto Blest y Cascada \"Los Cantaros\" con traslado","og_description":"Sumate a una traves\u00eda inolvidable hacia Puerto Blest y la imponente Cascada \u00abLos C\u00e1ntaros\u00bb. Disfrut\u00e1 de un paseo en catamar\u00e1n por el lago Nahuel Huapi y descubr\u00ed la exuberante selva valdiviana. Esta experiencia te regala vistas \u00fanicas y momentos aut\u00e9nticos de encuentro con el entorno natural. Asegur\u00e1 tu cupo y sent\u00ed la esencia patag\u00f3nica como nunca antes.","og_url":"https:\/\/skibariloche.ar\/pt\/produto\/cachoeira-puerto-blest-los-cantaros-com-traslado\/","og_site_name":"Ski Bariloche","article_modified_time":"2025-06-21T15:31:08+00:00","twitter_card":"summary_large_image","twitter_misc":{"Pre\u00e7o":"&#36;133,000.00","Disponibilidade":"Em Estoque"},"schema":{"@context":"https:\/\/schema.org","@graph":[{"@type":"WebPage","@id":"https:\/\/skibariloche.ar\/producto\/puerto-blest-cascada-los-cantaros-con-traslado\/","url":"https:\/\/skibariloche.ar\/producto\/puerto-blest-cascada-los-cantaros-con-traslado\/","name":"Puerto Blest e cachoeira \"Los Cantaros\" com traslado - Ski Bariloche","isPartOf":{"@id":"https:\/\/skibariloche.ar\/#website"},"datePublished":"2025-06-13T14:21:20+00:00","dateModified":"2025-06-21T15:31:08+00:00","breadcrumb":{"@id":"https:\/\/skibariloche.ar\/producto\/puerto-blest-cascada-los-cantaros-con-traslado\/#breadcrumb"},"inLanguage":"pt-BR","potentialAction":[{"@type":"ReadAction","target":["https:\/\/skibariloche.ar\/producto\/puerto-blest-cascada-los-cantaros-con-traslado\/"]}]},{"@type":"BreadcrumbList","@id":"https:\/\/skibariloche.ar\/producto\/puerto-blest-cascada-los-cantaros-con-traslado\/#breadcrumb","itemListElement":[{"@type":"ListItem","position":1,"name":"Inicio","item":"https:\/\/skibariloche.ar\/"},{"@type":"ListItem","position":2,"name":"Tienda","item":"https:\/\/skibariloche.ar\/tienda\/"},{"@type":"ListItem","position":3,"name":"Puerto Blest y Cascada \u00abLos Cantaros\u00bb con traslado"}]},{"@type":"WebSite","@id":"https:\/\/skibariloche.ar\/#website","url":"https:\/\/skibariloche.ar\/","name":"Ski Bariloche","description":"","potentialAction":[{"@type":"SearchAction","target":{"@type":"EntryPoint","urlTemplate":"https:\/\/skibariloche.ar\/?s={search_term_string}"},"query-input":{"@type":"PropertyValueSpecification","valueRequired":true,"valueName":"search_term_string"}}],"inLanguage":"pt-BR"}]},"product_price_amount":"133000.00","product_price_currency":"ARS","og_availability":"instock","product_availability":"instock","product_retailer_item_id":"ADV2025PUBLYCO2Q8","product_condition":"new"},"_links":{"self":[{"href":"https:\/\/skibariloche.ar\/pt\/wp-json\/wp\/v2\/product\/42","targetHints":{"allow":["GET"]}}],"collection":[{"href":"https:\/\/skibariloche.ar\/pt\/wp-json\/wp\/v2\/product"}],"about":[{"href":"https:\/\/skibariloche.ar\/pt\/wp-json\/wp\/v2\/types\/product"}],"replies":[{"embeddable":true,"href":"https:\/\/skibariloche.ar\/pt\/wp-json\/wp\/v2\/comments?post=42"}],"wp:attachment":[{"href":"https:\/\/skibariloche.ar\/pt\/wp-json\/wp\/v2\/media?parent=42"}],"wp:term":[{"taxonomy":"product_brand","embeddable":true,"href":"https:\/\/skibariloche.ar\/pt\/wp-json\/wp\/v2\/product_brand?post=42"},{"taxonomy":"product_cat","embeddable":true,"href":"https:\/\/skibariloche.ar\/pt\/wp-json\/wp\/v2\/product_cat?post=42"},{"taxonomy":"product_tag","embeddable":true,"href":"https:\/\/skibariloche.ar\/pt\/wp-json\/wp\/v2\/product_tag?post=42"}],"curies":[{"name":"wp","href":"https:\/\/api.w.org\/{rel}","templated":true}]}}