{"id":41,"date":"2025-06-13T11:21:01","date_gmt":"2025-06-13T14:21:01","guid":{"rendered":"https:\/\/skibariloche.ar\/producto\/isla-victoria-y-bosque-de-arrayanes-con-traslado\/"},"modified":"2025-06-21T12:31:11","modified_gmt":"2025-06-21T15:31:11","slug":"isla-victoria-y-bosque-arrayanes","status":"publish","type":"product","link":"https:\/\/skibariloche.ar\/pt\/produto\/ilha-de-victoria-e-floresta-de-arrayanes\/","title":{"rendered":"Isla Victoria e Bosque de Arrayanes com traslado"},"content":{"rendered":"<h2>Conhe\u00e7a a Isla Victoria e a m\u00e1gica Myrtle Forest<\/h2>\n<p>Entre na ess\u00eancia da Patag\u00f4nia com esta experi\u00eancia que o levar\u00e1 da encantadora Bariloche \u00e0s paisagens \u00fanicas da regi\u00e3o da Patag\u00f4nia. <strong>Ilha Victoria<\/strong> e o <strong>Floresta Myrtle<\/strong>. A viagem come\u00e7a em <strong>Puerto Pa\u00f1uelo<\/strong>, abrindo a porta para um passeio emocionante em \u00e1guas claras.<\/p>\n<h3>Viagem Nosso itiner\u00e1rio dos sonhos<\/h3>\n<p>Comece seu plano com um passeio de barco de uma hora at\u00e9 a deslumbrante pen\u00ednsula de <strong>Quetrihu\u00e9<\/strong>, onde voc\u00ea encontrar\u00e1 a \u00fanica floresta de murta do planeta. Esse canto, cheio de lendas e magia, foi a fonte de inspira\u00e7\u00e3o para o filme ic\u00f4nico <em>Bambi<\/em> Disney.<\/p>\n<p>Em seguida, o barco leva voc\u00ea at\u00e9 <strong>Porto de Anchorena<\/strong> em <strong>Ilha Victoria<\/strong>; L\u00e1 voc\u00ea poder\u00e1 se perder entre pequenas trilhas repletas de vegeta\u00e7\u00e3o nativa e se aproximar do <strong>Praia de El Toro<\/strong>, \u00c9 famosa por suas pinturas rupestres antigas e sua areia vulc\u00e2nica exclusiva.<\/p>\n<h3>O que voc\u00ea precisa saber sobre essa sa\u00edda<\/h3>\n<ul>\n<li><strong>Tipo de sa\u00edda:<\/strong> Caminhada guiada ao redor do lago e trekking entre \u00e1rvores com s\u00e9culos de hist\u00f3ria.<\/li>\n<li><strong>Hor\u00e1rio:<\/strong> Das 12:30 hs \u00e0s 19:00 hs.<\/li>\n<li><strong>Ele inclui:<\/strong> Traslado de ida e volta, acompanhado por guias especializados na natureza regional.<\/li>\n<li><strong>Importante:<\/strong> As refei\u00e7\u00f5es n\u00e3o est\u00e3o inclu\u00eddas, mas h\u00e1 v\u00e1rios paradores; as taxas do parque e as taxas de embarque devem ser pagas na chegada.<\/li>\n<\/ul>\n<p>Essa proposta \u00fanica \u00e9 a sua chance de conhecer um ambiente natural que nunca deixa de surpreender. Aproveite ao m\u00e1ximo e reserve seu lugar em uma aventura da qual voc\u00ea sempre se lembrar\u00e1.<\/p>\n<h3>Consultas de sa\u00edda comuns<\/h3>\n<ul>\n<li><strong>Onde posso pagar as taxas de entrada e de embarque?<\/strong><br \/>\nAs taxas devem ser pagas em dinheiro no dia da excurs\u00e3o em Puerto Pa\u00f1uelo. H\u00e1 exce\u00e7\u00f5es para residentes e determinados grupos.<\/li>\n<li><strong>Os aposentados estrangeiros t\u00eam benef\u00edcios?<\/strong><br \/>\nOs descontos est\u00e3o dispon\u00edveis apenas para residentes na Argentina. \u00c9 necess\u00e1rio comprovar a condi\u00e7\u00e3o antes de embarcar no barco.<\/li>\n<li><strong>H\u00e1 op\u00e7\u00f5es para comer durante o passeio?<\/strong><br \/>\nObviamente, voc\u00ea encontrar\u00e1 ofertas de alimentos a bordo e ao longo da rota. Trazer sua pr\u00f3pria comida tamb\u00e9m \u00e9 uma boa alternativa.<\/li>\n<li><strong>Qual \u00e9 o barco usado para a viagem?<\/strong><br \/>\nEm geral, ele \u00e9 transportado a bordo do hist\u00f3rico <strong>Modesta Victoria<\/strong>, altera\u00e7\u00f5es podem ser feitas dependendo da disponibilidade.<\/li>\n<\/ul>","protected":false},"excerpt":{"rendered":"<p>Desfrute ao m\u00e1ximo da Patag\u00f4nia com nossa visita \u00e0 Ilha Victoria e ao Bosque de Arrayanes. Inclui traslados para que voc\u00ea conhe\u00e7a cen\u00e1rios incr\u00edveis e trilhas cercadas pela natureza, em um inesquec\u00edvel passeio de barco. Reserve seu lugar e deixe-se surpreender pela beleza \u00fanica desses destinos.<\/p>","protected":false},"featured_media":0,"comment_status":"open","ping_status":"closed","template":"","meta":[],"product_brand":[],"product_cat":[15],"product_tag":[],"class_list":{"0":"post-41","1":"product","2":"type-product","3":"status-publish","5":"product_cat-sin-categorizar","7":"first","8":"instock","9":"sold-individually","10":"purchasable","11":"product-type-booking"},"booking_location":"","booking_location_type":"","booking_duration":1,"booking_duration_unit":"hour","booking_buffer":0,"booking_cost":0,"booking_resources":[],"exclude_global_add_ons":[],"addons":[],"yoast_head":"<!-- This site is optimized with the Yoast SEO Premium plugin v25.2 (Yoast SEO v25.2) - https:\/\/yoast.com\/wordpress\/plugins\/seo\/ -->\n<title>Isla Victoria y Bosque de Arrayanes con Traslado - Ski Bariloche<\/title>\n<meta name=\"robots\" content=\"index, follow, max-snippet:-1, max-image-preview:large, max-video-preview:-1\" \/>\n<link rel=\"canonical\" href=\"https:\/\/skibariloche.ar\/pt\/produto\/ilha-de-victoria-e-floresta-de-arrayanes\/\" \/>\n<meta property=\"og:locale\" content=\"pt_BR\" \/>\n<meta property=\"og:type\" content=\"article\" \/>\n<meta property=\"og:title\" content=\"Isla Victoria y Bosque de Arrayanes con Traslado\" \/>\n<meta property=\"og:description\" content=\"Disfrut\u00e1 al m\u00e1ximo la Patagonia con nuestra visita a Isla Victoria y el Bosque de Arrayanes. Incluye traslados para que recorras escenarios asombrosos y senderos rodeados de naturaleza, en un paseo en barco inolvidable. Reserv\u00e1 tu lugar y dejate sorprender por la belleza singular de estos destinos.\" \/>\n<meta property=\"og:url\" content=\"https:\/\/skibariloche.ar\/pt\/produto\/ilha-de-victoria-e-floresta-de-arrayanes\/\" \/>\n<meta property=\"og:site_name\" content=\"Ski Bariloche\" \/>\n<meta property=\"article:modified_time\" content=\"2025-06-21T15:31:11+00:00\" \/>\n<meta name=\"twitter:card\" content=\"summary_large_image\" \/>\n<meta name=\"twitter:label1\" content=\"Pre\u00e7o\" \/>\n\t<meta name=\"twitter:data1\" content=\"&#036;133,000.00\" \/>\n\t<meta name=\"twitter:label2\" content=\"Disponibilidade\" \/>\n\t<meta name=\"twitter:data2\" content=\"Em Estoque\" \/>\n<script type=\"application\/ld+json\" class=\"yoast-schema-graph\">{\"@context\":\"https:\/\/schema.org\",\"@graph\":[{\"@type\":\"WebPage\",\"@id\":\"https:\/\/skibariloche.ar\/producto\/isla-victoria-y-bosque-arrayanes\/\",\"url\":\"https:\/\/skibariloche.ar\/producto\/isla-victoria-y-bosque-arrayanes\/\",\"name\":\"Isla Victoria y Bosque de Arrayanes con Traslado - Ski Bariloche\",\"isPartOf\":{\"@id\":\"https:\/\/skibariloche.ar\/#website\"},\"datePublished\":\"2025-06-13T14:21:01+00:00\",\"dateModified\":\"2025-06-21T15:31:11+00:00\",\"breadcrumb\":{\"@id\":\"https:\/\/skibariloche.ar\/producto\/isla-victoria-y-bosque-arrayanes\/#breadcrumb\"},\"inLanguage\":\"pt-BR\",\"potentialAction\":[{\"@type\":\"ReadAction\",\"target\":[\"https:\/\/skibariloche.ar\/producto\/isla-victoria-y-bosque-arrayanes\/\"]}]},{\"@type\":\"BreadcrumbList\",\"@id\":\"https:\/\/skibariloche.ar\/producto\/isla-victoria-y-bosque-arrayanes\/#breadcrumb\",\"itemListElement\":[{\"@type\":\"ListItem\",\"position\":1,\"name\":\"Inicio\",\"item\":\"https:\/\/skibariloche.ar\/\"},{\"@type\":\"ListItem\",\"position\":2,\"name\":\"Tienda\",\"item\":\"https:\/\/skibariloche.ar\/tienda\/\"},{\"@type\":\"ListItem\",\"position\":3,\"name\":\"Isla Victoria y Bosque de Arrayanes con Traslado\"}]},{\"@type\":\"WebSite\",\"@id\":\"https:\/\/skibariloche.ar\/#website\",\"url\":\"https:\/\/skibariloche.ar\/\",\"name\":\"Ski Bariloche\",\"description\":\"\",\"potentialAction\":[{\"@type\":\"SearchAction\",\"target\":{\"@type\":\"EntryPoint\",\"urlTemplate\":\"https:\/\/skibariloche.ar\/?s={search_term_string}\"},\"query-input\":{\"@type\":\"PropertyValueSpecification\",\"valueRequired\":true,\"valueName\":\"search_term_string\"}}],\"inLanguage\":\"pt-BR\"}]}<\/script>\n<meta property=\"product:price:amount\" content=\"133000.00\" \/>\n<meta property=\"product:price:currency\" content=\"ARS\" \/>\n<meta property=\"og:availability\" content=\"instock\" \/>\n<meta property=\"product:availability\" content=\"instock\" \/>\n<meta property=\"product:retailer_item_id\" content=\"ADV2025ISVIYBMX11\" \/>\n<meta property=\"product:condition\" content=\"new\" \/>\n<!-- \/ Yoast SEO Premium plugin. -->","yoast_head_json":{"title":"Ilha Victoria e Bosque de Arrayanes com traslado - Ski Bariloche","robots":{"index":"index","follow":"follow","max-snippet":"max-snippet:-1","max-image-preview":"max-image-preview:large","max-video-preview":"max-video-preview:-1"},"canonical":"https:\/\/skibariloche.ar\/pt\/produto\/ilha-de-victoria-e-floresta-de-arrayanes\/","og_locale":"pt_BR","og_type":"article","og_title":"Isla Victoria y Bosque de Arrayanes con Traslado","og_description":"Disfrut\u00e1 al m\u00e1ximo la Patagonia con nuestra visita a Isla Victoria y el Bosque de Arrayanes. Incluye traslados para que recorras escenarios asombrosos y senderos rodeados de naturaleza, en un paseo en barco inolvidable. Reserv\u00e1 tu lugar y dejate sorprender por la belleza singular de estos destinos.","og_url":"https:\/\/skibariloche.ar\/pt\/produto\/ilha-de-victoria-e-floresta-de-arrayanes\/","og_site_name":"Ski Bariloche","article_modified_time":"2025-06-21T15:31:11+00:00","twitter_card":"summary_large_image","twitter_misc":{"Pre\u00e7o":"&#36;133,000.00","Disponibilidade":"Em Estoque"},"schema":{"@context":"https:\/\/schema.org","@graph":[{"@type":"WebPage","@id":"https:\/\/skibariloche.ar\/producto\/isla-victoria-y-bosque-arrayanes\/","url":"https:\/\/skibariloche.ar\/producto\/isla-victoria-y-bosque-arrayanes\/","name":"Ilha Victoria e Bosque de Arrayanes com traslado - Ski Bariloche","isPartOf":{"@id":"https:\/\/skibariloche.ar\/#website"},"datePublished":"2025-06-13T14:21:01+00:00","dateModified":"2025-06-21T15:31:11+00:00","breadcrumb":{"@id":"https:\/\/skibariloche.ar\/producto\/isla-victoria-y-bosque-arrayanes\/#breadcrumb"},"inLanguage":"pt-BR","potentialAction":[{"@type":"ReadAction","target":["https:\/\/skibariloche.ar\/producto\/isla-victoria-y-bosque-arrayanes\/"]}]},{"@type":"BreadcrumbList","@id":"https:\/\/skibariloche.ar\/producto\/isla-victoria-y-bosque-arrayanes\/#breadcrumb","itemListElement":[{"@type":"ListItem","position":1,"name":"Inicio","item":"https:\/\/skibariloche.ar\/"},{"@type":"ListItem","position":2,"name":"Tienda","item":"https:\/\/skibariloche.ar\/tienda\/"},{"@type":"ListItem","position":3,"name":"Isla Victoria y Bosque de Arrayanes con Traslado"}]},{"@type":"WebSite","@id":"https:\/\/skibariloche.ar\/#website","url":"https:\/\/skibariloche.ar\/","name":"Ski Bariloche","description":"","potentialAction":[{"@type":"SearchAction","target":{"@type":"EntryPoint","urlTemplate":"https:\/\/skibariloche.ar\/?s={search_term_string}"},"query-input":{"@type":"PropertyValueSpecification","valueRequired":true,"valueName":"search_term_string"}}],"inLanguage":"pt-BR"}]},"product_price_amount":"133000.00","product_price_currency":"ARS","og_availability":"instock","product_availability":"instock","product_retailer_item_id":"ADV2025ISVIYBMX11","product_condition":"new"},"_links":{"self":[{"href":"https:\/\/skibariloche.ar\/pt\/wp-json\/wp\/v2\/product\/41","targetHints":{"allow":["GET"]}}],"collection":[{"href":"https:\/\/skibariloche.ar\/pt\/wp-json\/wp\/v2\/product"}],"about":[{"href":"https:\/\/skibariloche.ar\/pt\/wp-json\/wp\/v2\/types\/product"}],"replies":[{"embeddable":true,"href":"https:\/\/skibariloche.ar\/pt\/wp-json\/wp\/v2\/comments?post=41"}],"wp:attachment":[{"href":"https:\/\/skibariloche.ar\/pt\/wp-json\/wp\/v2\/media?parent=41"}],"wp:term":[{"taxonomy":"product_brand","embeddable":true,"href":"https:\/\/skibariloche.ar\/pt\/wp-json\/wp\/v2\/product_brand?post=41"},{"taxonomy":"product_cat","embeddable":true,"href":"https:\/\/skibariloche.ar\/pt\/wp-json\/wp\/v2\/product_cat?post=41"},{"taxonomy":"product_tag","embeddable":true,"href":"https:\/\/skibariloche.ar\/pt\/wp-json\/wp\/v2\/product_tag?post=41"}],"curies":[{"name":"wp","href":"https:\/\/api.w.org\/{rel}","templated":true}]}}