{"id":31,"date":"2025-06-13T11:17:25","date_gmt":"2025-06-13T14:17:25","guid":{"rendered":"https:\/\/skibariloche.ar\/producto\/circuito-chico-y-cerro-campanario-explora-bariloche-como-nunca-antes\/"},"modified":"2025-06-17T17:46:28","modified_gmt":"2025-06-17T20:46:28","slug":"circuito-chico-cerro-campanario","status":"publish","type":"product","link":"https:\/\/skibariloche.ar\/pt\/produto\/cerro-campanario-small-circuit\/","title":{"rendered":"Circuito Chico e Cerro Campanario: explore Bariloche como nunca antes"},"content":{"rendered":"<h3 data-start=\"417\" data-end=\"500\"><strong data-start=\"421\" data-end=\"500\">Cart\u00f5es postais incompar\u00e1veis, rotas cl\u00e1ssicas e vistas panor\u00e2micas que o deixar\u00e3o emocionado.<\/strong><\/h3>\n<p data-start=\"502\" data-end=\"756\">Desfrute de meio dia percorrendo os locais mais representativos de Bariloche com este passeio projetado para aqueles que procuram mergulhar em paisagens, hist\u00f3rias e cen\u00e1rios que ficar\u00e3o gravados em suas mem\u00f3rias. Os <strong data-start=\"677\" data-end=\"695\">Circuito pequeno<\/strong> \u00e9 a melhor alternativa para come\u00e7ar sua aventura na Patag\u00f4nia.<\/p>\n<p data-start=\"758\" data-end=\"1088\">A atividade come\u00e7a em pontos de encontro localizados entre o centro da cidade e o km 8 da Av. Bustillo ou Av. Pioneros. Ao longo da rota, voc\u00ea seguir\u00e1 a costa da <strong data-start=\"910\" data-end=\"931\">Lago Nahuel Huapi<\/strong>, admirar a impressionante <strong data-start=\"957\" data-end=\"976\">Hotel Llao Llao<\/strong>, o tradicional <strong data-start=\"993\" data-end=\"1016\">Capela de S\u00e3o Eduardo<\/strong> e o <strong data-start=\"1022\" data-end=\"1040\">Puerto Pa\u00f1uelo<\/strong>, de onde partem as excurs\u00f5es no lago.<\/p>\n<p data-start=\"1090\" data-end=\"1241\">Al\u00e9m disso, voc\u00ea poder\u00e1 visitar lugares como <strong data-start=\"1125\" data-end=\"1140\">Vila Tacul<\/strong>, o <strong data-start=\"1145\" data-end=\"1163\">Lago escondido<\/strong> e o <strong data-start=\"1169\" data-end=\"1184\">Cerro L\u00f3pez<\/strong>, A rota \u00e9 uma \u00f3tima maneira de tirar \u00f3timas fotos e absorver a tranquilidade do sul.<\/p>\n<p data-start=\"1243\" data-end=\"1484\">A turn\u00ea termina no <strong data-start=\"1272\" data-end=\"1292\">Cerro Campanario<\/strong>, A vista do topo \u00e9 de tirar o f\u00f4lego, com a chance de pegar um telef\u00e9rico e se deliciar com uma das vistas mais incr\u00edveis do mundo. Do topo, a paisagem de colinas, espelhos d'\u00e1gua e vales \u00e9 de tirar o f\u00f4lego.<\/p>\n<p data-start=\"1486\" data-end=\"1665\">O passeio est\u00e1 dispon\u00edvel das 8h30min \u00e0s 12h30min ou das 15h \u00e0s 19h. Inclui traslado e guia profissional em espanhol (h\u00e1 tamb\u00e9m uma op\u00e7\u00e3o bil\u00edngue). N\u00e3o inclui o ingresso do telef\u00e9rico nem as refei\u00e7\u00f5es.<\/p>\n<h3 data-start=\"1672\" data-end=\"1700\"><strong data-start=\"1676\" data-end=\"1700\">D\u00favidas comuns<\/strong><\/h3>\n<p data-start=\"1702\" data-end=\"1844\"><strong data-start=\"1702\" data-end=\"1746\">Essa caminhada pode ser combinada com outra caminhada?<\/strong><br data-start=\"1746\" data-end=\"1749\" \/>Sem d\u00favida, \u00e9 perfeito para acrescentar uma tarde no <strong data-start=\"1787\" data-end=\"1805\">Cerro Catedral<\/strong> ou uma visita ao <strong data-start=\"1813\" data-end=\"1830\">Ilha Victoria<\/strong>.<\/p>\n<p data-start=\"1846\" data-end=\"1951\"><strong data-start=\"1846\" data-end=\"1878\">Ele inclui o telef\u00e9rico?<\/strong><br data-start=\"1878\" data-end=\"1881\" \/>N\u00e3o, a subida ao Cerro Campanario \u00e9 opcional e deve ser paga na base.<\/p>\n<p data-start=\"1953\" data-end=\"2056\"><strong data-start=\"1953\" data-end=\"1986\">Como fa\u00e7o para entrar no Llao Llao Llao Hotel?<\/strong><br data-start=\"1986\" data-end=\"1989\" \/>N\u00e3o. Voc\u00ea apenas contempla a vista panor\u00e2mica e a beleza do ambiente natural.<\/p>\n<p data-start=\"2058\" data-end=\"2192\"><strong data-start=\"2058\" data-end=\"2082\">O passeio \u00e9 fisicamente exigente?<\/strong><br data-start=\"2082\" data-end=\"2085\" \/>N\u00e3o \u00e9 necess\u00e1rio nenhum esfor\u00e7o f\u00edsico. \u00c9 adequado para todos e altamente recomendado se for sua primeira vez em Bariloche.<\/p>","protected":false},"excerpt":{"rendered":"<p>Explore Bariloche com o cl\u00e1ssico Circuito Chico e experimente a subida ao Cerro Campanario. Caminhe pela pitoresca Avenida Bustillo, aprecie a vista do emblem\u00e1tico Hotel Llao Llao e suba o Cerro Campanario para contemplar um panorama \u00fanico. Uma experi\u00eancia repleta de paisagens, conforto e uma aventura inigual\u00e1vel.<\/p>","protected":false},"featured_media":0,"comment_status":"open","ping_status":"closed","template":"","meta":[],"product_brand":[],"product_cat":[15],"product_tag":[],"class_list":{"0":"post-31","1":"product","2":"type-product","3":"status-publish","5":"product_cat-sin-categorizar","7":"first","8":"instock","9":"sold-individually","10":"purchasable","11":"product-type-booking"},"booking_location":"","booking_location_type":"","booking_duration":1,"booking_duration_unit":"hour","booking_buffer":0,"booking_cost":26000,"booking_resources":[],"exclude_global_add_ons":[],"addons":[],"yoast_head":"<!-- This site is optimized with the Yoast SEO Premium plugin v25.2 (Yoast SEO v25.2) - https:\/\/yoast.com\/wordpress\/plugins\/seo\/ -->\n<title>Circuito Chico y Cerro Campanario: explor\u00e1 Bariloche como nunca antes - Ski Bariloche<\/title>\n<meta name=\"robots\" content=\"index, follow, max-snippet:-1, max-image-preview:large, max-video-preview:-1\" \/>\n<link rel=\"canonical\" href=\"https:\/\/skibariloche.ar\/pt\/produto\/cerro-campanario-small-circuit\/\" \/>\n<meta property=\"og:locale\" content=\"pt_BR\" \/>\n<meta property=\"og:type\" content=\"article\" \/>\n<meta property=\"og:title\" content=\"Circuito Chico y Cerro Campanario: explor\u00e1 Bariloche como nunca antes\" \/>\n<meta property=\"og:description\" content=\"Explor\u00e1 Bariloche con el cl\u00e1sico Circuito Chico y viv\u00ed la subida al Cerro Campanario. Transit\u00e1 la pintoresca Avenida Bustillo, disfrut\u00e1 las vistas del emblem\u00e1tico Hotel Llao Llao y ascend\u00e9 al Cerro Campanario para contemplar un panorama \u00fanico. Una experiencia llena de paisajes, comodidad y una aventura inmejorable.\" \/>\n<meta property=\"og:url\" content=\"https:\/\/skibariloche.ar\/pt\/produto\/cerro-campanario-small-circuit\/\" \/>\n<meta property=\"og:site_name\" content=\"Ski Bariloche\" \/>\n<meta property=\"article:modified_time\" content=\"2025-06-17T20:46:28+00:00\" \/>\n<meta name=\"twitter:card\" content=\"summary_large_image\" \/>\n<meta name=\"twitter:label1\" content=\"Pre\u00e7o\" \/>\n\t<meta name=\"twitter:data1\" content=\"&#036;26,000.00\" \/>\n\t<meta name=\"twitter:label2\" content=\"Disponibilidade\" \/>\n\t<meta name=\"twitter:data2\" content=\"Em Estoque\" \/>\n<script type=\"application\/ld+json\" class=\"yoast-schema-graph\">{\"@context\":\"https:\/\/schema.org\",\"@graph\":[{\"@type\":\"WebPage\",\"@id\":\"https:\/\/skibariloche.ar\/producto\/circuito-chico-cerro-campanario\/\",\"url\":\"https:\/\/skibariloche.ar\/producto\/circuito-chico-cerro-campanario\/\",\"name\":\"Circuito Chico y Cerro Campanario: explor\u00e1 Bariloche como nunca antes - Ski Bariloche\",\"isPartOf\":{\"@id\":\"https:\/\/skibariloche.ar\/#website\"},\"datePublished\":\"2025-06-13T14:17:25+00:00\",\"dateModified\":\"2025-06-17T20:46:28+00:00\",\"breadcrumb\":{\"@id\":\"https:\/\/skibariloche.ar\/producto\/circuito-chico-cerro-campanario\/#breadcrumb\"},\"inLanguage\":\"pt-BR\",\"potentialAction\":[{\"@type\":\"ReadAction\",\"target\":[\"https:\/\/skibariloche.ar\/producto\/circuito-chico-cerro-campanario\/\"]}]},{\"@type\":\"BreadcrumbList\",\"@id\":\"https:\/\/skibariloche.ar\/producto\/circuito-chico-cerro-campanario\/#breadcrumb\",\"itemListElement\":[{\"@type\":\"ListItem\",\"position\":1,\"name\":\"Inicio\",\"item\":\"https:\/\/skibariloche.ar\/\"},{\"@type\":\"ListItem\",\"position\":2,\"name\":\"Tienda\",\"item\":\"https:\/\/skibariloche.ar\/tienda\/\"},{\"@type\":\"ListItem\",\"position\":3,\"name\":\"Circuito Chico y Cerro Campanario: explor\u00e1 Bariloche como nunca antes\"}]},{\"@type\":\"WebSite\",\"@id\":\"https:\/\/skibariloche.ar\/#website\",\"url\":\"https:\/\/skibariloche.ar\/\",\"name\":\"Ski Bariloche\",\"description\":\"\",\"potentialAction\":[{\"@type\":\"SearchAction\",\"target\":{\"@type\":\"EntryPoint\",\"urlTemplate\":\"https:\/\/skibariloche.ar\/?s={search_term_string}\"},\"query-input\":{\"@type\":\"PropertyValueSpecification\",\"valueRequired\":true,\"valueName\":\"search_term_string\"}}],\"inLanguage\":\"pt-BR\"}]}<\/script>\n<meta property=\"product:price:amount\" content=\"26000.00\" \/>\n<meta property=\"product:price:currency\" content=\"ARS\" \/>\n<meta property=\"og:availability\" content=\"instock\" \/>\n<meta property=\"product:availability\" content=\"instock\" \/>\n<meta property=\"product:retailer_item_id\" content=\"ADV2025CICHYC1KOR\" \/>\n<meta property=\"product:condition\" content=\"new\" \/>\n<!-- \/ Yoast SEO Premium plugin. -->","yoast_head_json":{"title":"Circuito Chico e Cerro Campanario: explore Bariloche como nunca antes - Ski Bariloche","robots":{"index":"index","follow":"follow","max-snippet":"max-snippet:-1","max-image-preview":"max-image-preview:large","max-video-preview":"max-video-preview:-1"},"canonical":"https:\/\/skibariloche.ar\/pt\/produto\/cerro-campanario-small-circuit\/","og_locale":"pt_BR","og_type":"article","og_title":"Circuito Chico y Cerro Campanario: explor\u00e1 Bariloche como nunca antes","og_description":"Explor\u00e1 Bariloche con el cl\u00e1sico Circuito Chico y viv\u00ed la subida al Cerro Campanario. Transit\u00e1 la pintoresca Avenida Bustillo, disfrut\u00e1 las vistas del emblem\u00e1tico Hotel Llao Llao y ascend\u00e9 al Cerro Campanario para contemplar un panorama \u00fanico. Una experiencia llena de paisajes, comodidad y una aventura inmejorable.","og_url":"https:\/\/skibariloche.ar\/pt\/produto\/cerro-campanario-small-circuit\/","og_site_name":"Ski Bariloche","article_modified_time":"2025-06-17T20:46:28+00:00","twitter_card":"summary_large_image","twitter_misc":{"Pre\u00e7o":"&#36;26,000.00","Disponibilidade":"Em Estoque"},"schema":{"@context":"https:\/\/schema.org","@graph":[{"@type":"WebPage","@id":"https:\/\/skibariloche.ar\/producto\/circuito-chico-cerro-campanario\/","url":"https:\/\/skibariloche.ar\/producto\/circuito-chico-cerro-campanario\/","name":"Circuito Chico e Cerro Campanario: explore Bariloche como nunca antes - Ski Bariloche","isPartOf":{"@id":"https:\/\/skibariloche.ar\/#website"},"datePublished":"2025-06-13T14:17:25+00:00","dateModified":"2025-06-17T20:46:28+00:00","breadcrumb":{"@id":"https:\/\/skibariloche.ar\/producto\/circuito-chico-cerro-campanario\/#breadcrumb"},"inLanguage":"pt-BR","potentialAction":[{"@type":"ReadAction","target":["https:\/\/skibariloche.ar\/producto\/circuito-chico-cerro-campanario\/"]}]},{"@type":"BreadcrumbList","@id":"https:\/\/skibariloche.ar\/producto\/circuito-chico-cerro-campanario\/#breadcrumb","itemListElement":[{"@type":"ListItem","position":1,"name":"Inicio","item":"https:\/\/skibariloche.ar\/"},{"@type":"ListItem","position":2,"name":"Tienda","item":"https:\/\/skibariloche.ar\/tienda\/"},{"@type":"ListItem","position":3,"name":"Circuito Chico y Cerro Campanario: explor\u00e1 Bariloche como nunca antes"}]},{"@type":"WebSite","@id":"https:\/\/skibariloche.ar\/#website","url":"https:\/\/skibariloche.ar\/","name":"Ski Bariloche","description":"","potentialAction":[{"@type":"SearchAction","target":{"@type":"EntryPoint","urlTemplate":"https:\/\/skibariloche.ar\/?s={search_term_string}"},"query-input":{"@type":"PropertyValueSpecification","valueRequired":true,"valueName":"search_term_string"}}],"inLanguage":"pt-BR"}]},"product_price_amount":"26000.00","product_price_currency":"ARS","og_availability":"instock","product_availability":"instock","product_retailer_item_id":"ADV2025CICHYC1KOR","product_condition":"new"},"_links":{"self":[{"href":"https:\/\/skibariloche.ar\/pt\/wp-json\/wp\/v2\/product\/31","targetHints":{"allow":["GET"]}}],"collection":[{"href":"https:\/\/skibariloche.ar\/pt\/wp-json\/wp\/v2\/product"}],"about":[{"href":"https:\/\/skibariloche.ar\/pt\/wp-json\/wp\/v2\/types\/product"}],"replies":[{"embeddable":true,"href":"https:\/\/skibariloche.ar\/pt\/wp-json\/wp\/v2\/comments?post=31"}],"wp:attachment":[{"href":"https:\/\/skibariloche.ar\/pt\/wp-json\/wp\/v2\/media?parent=31"}],"wp:term":[{"taxonomy":"product_brand","embeddable":true,"href":"https:\/\/skibariloche.ar\/pt\/wp-json\/wp\/v2\/product_brand?post=31"},{"taxonomy":"product_cat","embeddable":true,"href":"https:\/\/skibariloche.ar\/pt\/wp-json\/wp\/v2\/product_cat?post=31"},{"taxonomy":"product_tag","embeddable":true,"href":"https:\/\/skibariloche.ar\/pt\/wp-json\/wp\/v2\/product_tag?post=31"}],"curies":[{"name":"wp","href":"https:\/\/api.w.org\/{rel}","templated":true}]}}