{"id":22,"date":"2025-06-13T11:14:41","date_gmt":"2025-06-13T14:14:41","guid":{"rendered":"https:\/\/skibariloche.ar\/producto\/seguro-de-reprogramacion\/"},"modified":"2025-06-13T11:14:43","modified_gmt":"2025-06-13T14:14:43","slug":"seguro-de-reprogramacion","status":"publish","type":"product","link":"https:\/\/skibariloche.ar\/pt\/produto\/reprogramacao-de-seguro\/","title":{"rendered":"Reprograma\u00e7\u00e3o do seguro"},"content":{"rendered":"<p>\u00bfSurgi\u00f3 un imprevisto? \u00a1No te hagas drama! Con el Seguro de Reprogramaci\u00f3n ajust\u00e1s la fecha de tu excursi\u00f3n sin cargos extra.<\/p>\n<ul>\n<li>&#x2705; Ten\u00e9s tiempo hasta las 19 hs del d\u00eda previo a la salida para modificar tu reserva.<\/li>\n<li>&#x2705; La nueva fecha depender\u00e1 de la disponibilidad.<\/li>\n<li>&#x2705; V\u00e1lido solamente para la misma excursi\u00f3n que contrataste.<\/li>\n<\/ul>\n<p>&#x1f4cc; Este seguro se puede sumar hasta 30 minutos despu\u00e9s de emitir tu voucher. Si no lo agreg\u00e1s, la empresa no se responsabiliza por cambios o reprogramaciones.<\/p>","protected":false},"excerpt":{"rendered":"<p>Voc\u00ea pode alterar o dia de sua viagem sem pagar nada a mais. Total seguran\u00e7a para organizar suas atividades.<\/p>","protected":false},"featured_media":23,"comment_status":"open","ping_status":"closed","template":"","meta":[],"product_brand":[],"product_cat":[15],"product_tag":[],"class_list":{"0":"post-22","1":"product","2":"type-product","3":"status-publish","4":"has-post-thumbnail","6":"product_cat-sin-categorizar","8":"first","9":"instock","10":"purchasable","11":"product-type-simple"},"booking_location":null,"booking_location_type":null,"booking_duration":null,"booking_duration_unit":null,"booking_buffer":null,"booking_cost":null,"booking_resources":null,"exclude_global_add_ons":[],"addons":[],"yoast_head":"<!-- This site is optimized with the Yoast SEO Premium plugin v25.2 (Yoast SEO v25.2) - https:\/\/yoast.com\/wordpress\/plugins\/seo\/ -->\n<title>Seguro de Reprogramaci\u00f3n - Ski Bariloche<\/title>\n<meta name=\"robots\" content=\"index, follow, max-snippet:-1, max-image-preview:large, max-video-preview:-1\" \/>\n<link rel=\"canonical\" href=\"https:\/\/skibariloche.ar\/pt\/produto\/reprogramacao-de-seguro\/\" \/>\n<meta property=\"og:locale\" content=\"pt_BR\" \/>\n<meta property=\"og:type\" content=\"article\" \/>\n<meta property=\"og:title\" content=\"Seguro de Reprogramaci\u00f3n\" \/>\n<meta property=\"og:description\" content=\"Pod\u00e9s cambiar el d\u00eda de tu paseo sin pagar extra. Seguridad total para organizar tus actividades.\" \/>\n<meta property=\"og:url\" content=\"https:\/\/skibariloche.ar\/pt\/produto\/reprogramacao-de-seguro\/\" \/>\n<meta property=\"og:site_name\" content=\"Ski Bariloche\" \/>\n<meta property=\"article:modified_time\" content=\"2025-06-13T14:14:43+00:00\" \/>\n<meta property=\"og:image\" content=\"https:\/\/skibariloche.ar\/wp-content\/uploads\/sites\/6\/2025\/06\/erico-marcelino-QVDeb-BIdgU-unsplash1-scaled-1.jpg\" \/>\n\t<meta property=\"og:image:width\" content=\"2560\" \/>\n\t<meta property=\"og:image:height\" content=\"1829\" \/>\n\t<meta property=\"og:image:type\" content=\"image\/jpeg\" \/>\n<meta name=\"twitter:card\" content=\"summary_large_image\" \/>\n<meta name=\"twitter:label1\" content=\"Pre\u00e7o\" \/>\n\t<meta name=\"twitter:data1\" content=\"&#036;15,000.00\" \/>\n\t<meta name=\"twitter:label2\" content=\"Disponibilidade\" \/>\n\t<meta name=\"twitter:data2\" content=\"Em Estoque\" \/>\n<script type=\"application\/ld+json\" class=\"yoast-schema-graph\">{\"@context\":\"https:\/\/schema.org\",\"@graph\":[{\"@type\":\"WebPage\",\"@id\":\"https:\/\/skibariloche.ar\/producto\/seguro-de-reprogramacion\/\",\"url\":\"https:\/\/skibariloche.ar\/producto\/seguro-de-reprogramacion\/\",\"name\":\"Seguro de Reprogramaci\u00f3n - Ski Bariloche\",\"isPartOf\":{\"@id\":\"https:\/\/skibariloche.ar\/#website\"},\"primaryImageOfPage\":{\"@id\":\"https:\/\/skibariloche.ar\/producto\/seguro-de-reprogramacion\/#primaryimage\"},\"image\":{\"@id\":\"https:\/\/skibariloche.ar\/producto\/seguro-de-reprogramacion\/#primaryimage\"},\"thumbnailUrl\":\"https:\/\/skibariloche.ar\/wp-content\/uploads\/sites\/6\/2025\/06\/erico-marcelino-QVDeb-BIdgU-unsplash1-scaled-1.jpg\",\"datePublished\":\"2025-06-13T14:14:41+00:00\",\"dateModified\":\"2025-06-13T14:14:43+00:00\",\"breadcrumb\":{\"@id\":\"https:\/\/skibariloche.ar\/producto\/seguro-de-reprogramacion\/#breadcrumb\"},\"inLanguage\":\"pt-BR\",\"potentialAction\":[{\"@type\":\"ReadAction\",\"target\":[\"https:\/\/skibariloche.ar\/producto\/seguro-de-reprogramacion\/\"]}]},{\"@type\":\"ImageObject\",\"inLanguage\":\"pt-BR\",\"@id\":\"https:\/\/skibariloche.ar\/producto\/seguro-de-reprogramacion\/#primaryimage\",\"url\":\"https:\/\/skibariloche.ar\/wp-content\/uploads\/sites\/6\/2025\/06\/erico-marcelino-QVDeb-BIdgU-unsplash1-scaled-1.jpg\",\"contentUrl\":\"https:\/\/skibariloche.ar\/wp-content\/uploads\/sites\/6\/2025\/06\/erico-marcelino-QVDeb-BIdgU-unsplash1-scaled-1.jpg\",\"width\":2560,\"height\":1829},{\"@type\":\"BreadcrumbList\",\"@id\":\"https:\/\/skibariloche.ar\/producto\/seguro-de-reprogramacion\/#breadcrumb\",\"itemListElement\":[{\"@type\":\"ListItem\",\"position\":1,\"name\":\"Inicio\",\"item\":\"https:\/\/skibariloche.ar\/\"},{\"@type\":\"ListItem\",\"position\":2,\"name\":\"Tienda\",\"item\":\"https:\/\/skibariloche.ar\/tienda\/\"},{\"@type\":\"ListItem\",\"position\":3,\"name\":\"Seguro de Reprogramaci\u00f3n\"}]},{\"@type\":\"WebSite\",\"@id\":\"https:\/\/skibariloche.ar\/#website\",\"url\":\"https:\/\/skibariloche.ar\/\",\"name\":\"Ski Bariloche\",\"description\":\"\",\"potentialAction\":[{\"@type\":\"SearchAction\",\"target\":{\"@type\":\"EntryPoint\",\"urlTemplate\":\"https:\/\/skibariloche.ar\/?s={search_term_string}\"},\"query-input\":{\"@type\":\"PropertyValueSpecification\",\"valueRequired\":true,\"valueName\":\"search_term_string\"}}],\"inLanguage\":\"pt-BR\"}]}<\/script>\n<meta property=\"product:price:amount\" content=\"15000.00\" \/>\n<meta property=\"product:price:currency\" content=\"ARS\" \/>\n<meta property=\"og:availability\" content=\"instock\" \/>\n<meta property=\"product:availability\" content=\"instock\" \/>\n<meta property=\"product:condition\" content=\"new\" \/>\n<!-- \/ Yoast SEO Premium plugin. -->","yoast_head_json":{"title":"Reprograma\u00e7\u00e3o do seguro - Ski Bariloche","robots":{"index":"index","follow":"follow","max-snippet":"max-snippet:-1","max-image-preview":"max-image-preview:large","max-video-preview":"max-video-preview:-1"},"canonical":"https:\/\/skibariloche.ar\/pt\/produto\/reprogramacao-de-seguro\/","og_locale":"pt_BR","og_type":"article","og_title":"Seguro de Reprogramaci\u00f3n","og_description":"Pod\u00e9s cambiar el d\u00eda de tu paseo sin pagar extra. Seguridad total para organizar tus actividades.","og_url":"https:\/\/skibariloche.ar\/pt\/produto\/reprogramacao-de-seguro\/","og_site_name":"Ski Bariloche","article_modified_time":"2025-06-13T14:14:43+00:00","og_image":[{"width":2560,"height":1829,"url":"https:\/\/skibariloche.ar\/wp-content\/uploads\/sites\/6\/2025\/06\/erico-marcelino-QVDeb-BIdgU-unsplash1-scaled-1.jpg","type":"image\/jpeg"}],"twitter_card":"summary_large_image","twitter_misc":{"Pre\u00e7o":"&#36;15,000.00","Disponibilidade":"Em Estoque"},"schema":{"@context":"https:\/\/schema.org","@graph":[{"@type":"WebPage","@id":"https:\/\/skibariloche.ar\/producto\/seguro-de-reprogramacion\/","url":"https:\/\/skibariloche.ar\/producto\/seguro-de-reprogramacion\/","name":"Reprograma\u00e7\u00e3o do seguro - Ski Bariloche","isPartOf":{"@id":"https:\/\/skibariloche.ar\/#website"},"primaryImageOfPage":{"@id":"https:\/\/skibariloche.ar\/producto\/seguro-de-reprogramacion\/#primaryimage"},"image":{"@id":"https:\/\/skibariloche.ar\/producto\/seguro-de-reprogramacion\/#primaryimage"},"thumbnailUrl":"https:\/\/skibariloche.ar\/wp-content\/uploads\/sites\/6\/2025\/06\/erico-marcelino-QVDeb-BIdgU-unsplash1-scaled-1.jpg","datePublished":"2025-06-13T14:14:41+00:00","dateModified":"2025-06-13T14:14:43+00:00","breadcrumb":{"@id":"https:\/\/skibariloche.ar\/producto\/seguro-de-reprogramacion\/#breadcrumb"},"inLanguage":"pt-BR","potentialAction":[{"@type":"ReadAction","target":["https:\/\/skibariloche.ar\/producto\/seguro-de-reprogramacion\/"]}]},{"@type":"ImageObject","inLanguage":"pt-BR","@id":"https:\/\/skibariloche.ar\/producto\/seguro-de-reprogramacion\/#primaryimage","url":"https:\/\/skibariloche.ar\/wp-content\/uploads\/sites\/6\/2025\/06\/erico-marcelino-QVDeb-BIdgU-unsplash1-scaled-1.jpg","contentUrl":"https:\/\/skibariloche.ar\/wp-content\/uploads\/sites\/6\/2025\/06\/erico-marcelino-QVDeb-BIdgU-unsplash1-scaled-1.jpg","width":2560,"height":1829},{"@type":"BreadcrumbList","@id":"https:\/\/skibariloche.ar\/producto\/seguro-de-reprogramacion\/#breadcrumb","itemListElement":[{"@type":"ListItem","position":1,"name":"Inicio","item":"https:\/\/skibariloche.ar\/"},{"@type":"ListItem","position":2,"name":"Tienda","item":"https:\/\/skibariloche.ar\/tienda\/"},{"@type":"ListItem","position":3,"name":"Seguro de Reprogramaci\u00f3n"}]},{"@type":"WebSite","@id":"https:\/\/skibariloche.ar\/#website","url":"https:\/\/skibariloche.ar\/","name":"Ski Bariloche","description":"","potentialAction":[{"@type":"SearchAction","target":{"@type":"EntryPoint","urlTemplate":"https:\/\/skibariloche.ar\/?s={search_term_string}"},"query-input":{"@type":"PropertyValueSpecification","valueRequired":true,"valueName":"search_term_string"}}],"inLanguage":"pt-BR"}]},"product_price_amount":"15000.00","product_price_currency":"ARS","og_availability":"instock","product_availability":"instock","product_condition":"new"},"_links":{"self":[{"href":"https:\/\/skibariloche.ar\/pt\/wp-json\/wp\/v2\/product\/22","targetHints":{"allow":["GET"]}}],"collection":[{"href":"https:\/\/skibariloche.ar\/pt\/wp-json\/wp\/v2\/product"}],"about":[{"href":"https:\/\/skibariloche.ar\/pt\/wp-json\/wp\/v2\/types\/product"}],"replies":[{"embeddable":true,"href":"https:\/\/skibariloche.ar\/pt\/wp-json\/wp\/v2\/comments?post=22"}],"wp:featuredmedia":[{"embeddable":true,"href":"https:\/\/skibariloche.ar\/pt\/wp-json\/wp\/v2\/media\/23"}],"wp:attachment":[{"href":"https:\/\/skibariloche.ar\/pt\/wp-json\/wp\/v2\/media?parent=22"}],"wp:term":[{"taxonomy":"product_brand","embeddable":true,"href":"https:\/\/skibariloche.ar\/pt\/wp-json\/wp\/v2\/product_brand?post=22"},{"taxonomy":"product_cat","embeddable":true,"href":"https:\/\/skibariloche.ar\/pt\/wp-json\/wp\/v2\/product_cat?post=22"},{"taxonomy":"product_tag","embeddable":true,"href":"https:\/\/skibariloche.ar\/pt\/wp-json\/wp\/v2\/product_tag?post=22"}],"curies":[{"name":"wp","href":"https:\/\/api.w.org\/{rel}","templated":true}]}}