{"id":18,"date":"2025-06-13T11:14:29","date_gmt":"2025-06-13T14:14:29","guid":{"rendered":"https:\/\/skibariloche.ar\/producto\/pack-de-reserva-flexible\/"},"modified":"2025-06-13T11:14:31","modified_gmt":"2025-06-13T14:14:31","slug":"pack-de-reserva-flexible","status":"publish","type":"product","link":"https:\/\/skibariloche.ar\/pt\/produto\/pacote-de-reserva-flexivel\/","title":{"rendered":"Pacote de reserva flex\u00edvel"},"content":{"rendered":"<p>\u00bfBusc\u00e1s total libertad para tus planes? Con el Pack de Reserva Flexible sum\u00e1s los beneficios del Seguro de Reprogramaci\u00f3n y el Seguro de Cancelaci\u00f3n en un solo producto.<br \/>\nEle inclui:<\/p>\n<ul>\n<li>&#x2705; Modific\u00e1 la fecha sin cargos extras hasta 24 horas antes de tu viaje.<\/li>\n<li>&#x2705; Cancel\u00e1 y recuper\u00e1 parte del monto hasta las 19 hs del d\u00eda previo.<\/li>\n<\/ul>\n<p>&#x1f4cc; Solo disponible hasta 30 minutos luego de generar tu voucher. Aprovech\u00e1 esta alternativa y asegurate un viaje sin estr\u00e9s ni vueltas.<\/p>","protected":false},"excerpt":{"rendered":"<p>Contrate ambos os seguros e garanta sua tranquilidade em caso de necessidade de remarca\u00e7\u00e3o ou cancelamento.<\/p>","protected":false},"featured_media":19,"comment_status":"open","ping_status":"closed","template":"","meta":[],"product_brand":[],"product_cat":[15],"product_tag":[],"class_list":{"0":"post-18","1":"product","2":"type-product","3":"status-publish","4":"has-post-thumbnail","6":"product_cat-sin-categorizar","8":"first","9":"instock","10":"sale","11":"purchasable","12":"product-type-simple"},"booking_location":null,"booking_location_type":null,"booking_duration":null,"booking_duration_unit":null,"booking_buffer":null,"booking_cost":null,"booking_resources":null,"exclude_global_add_ons":[],"addons":[],"yoast_head":"<!-- This site is optimized with the Yoast SEO Premium plugin v25.2 (Yoast SEO v25.2) - https:\/\/yoast.com\/wordpress\/plugins\/seo\/ -->\n<title>Pack de Reserva Flexible - Ski Bariloche<\/title>\n<meta name=\"robots\" content=\"index, follow, max-snippet:-1, max-image-preview:large, max-video-preview:-1\" \/>\n<link rel=\"canonical\" href=\"https:\/\/skibariloche.ar\/pt\/produto\/pacote-de-reserva-flexivel\/\" \/>\n<meta property=\"og:locale\" content=\"pt_BR\" \/>\n<meta property=\"og:type\" content=\"article\" \/>\n<meta property=\"og:title\" content=\"Pack de Reserva Flexible\" \/>\n<meta property=\"og:description\" content=\"Contrat\u00e1 los dos seguros y garantiz\u00e1 tu total tranquilidad ante cualquier necesidad de reprogramar o cancelar.\" \/>\n<meta property=\"og:url\" content=\"https:\/\/skibariloche.ar\/pt\/produto\/pacote-de-reserva-flexivel\/\" \/>\n<meta property=\"og:site_name\" content=\"Ski Bariloche\" \/>\n<meta property=\"article:modified_time\" content=\"2025-06-13T14:14:31+00:00\" \/>\n<meta property=\"og:image\" content=\"https:\/\/skibariloche.ar\/wp-content\/uploads\/sites\/6\/2025\/06\/toa-heftiba-eshljVjL4Ds-unsplash1-scaled-1.jpg\" \/>\n\t<meta property=\"og:image:width\" content=\"2560\" \/>\n\t<meta property=\"og:image:height\" content=\"1707\" \/>\n\t<meta property=\"og:image:type\" content=\"image\/jpeg\" \/>\n<meta name=\"twitter:card\" content=\"summary_large_image\" \/>\n<meta name=\"twitter:label1\" content=\"Pre\u00e7o\" \/>\n\t<meta name=\"twitter:data1\" content=\"&#036;25,000.00\" \/>\n\t<meta name=\"twitter:label2\" content=\"Disponibilidade\" \/>\n\t<meta name=\"twitter:data2\" content=\"Em Estoque\" \/>\n<script type=\"application\/ld+json\" class=\"yoast-schema-graph\">{\"@context\":\"https:\/\/schema.org\",\"@graph\":[{\"@type\":\"WebPage\",\"@id\":\"https:\/\/skibariloche.ar\/producto\/pack-de-reserva-flexible\/\",\"url\":\"https:\/\/skibariloche.ar\/producto\/pack-de-reserva-flexible\/\",\"name\":\"Pack de Reserva Flexible - Ski Bariloche\",\"isPartOf\":{\"@id\":\"https:\/\/skibariloche.ar\/#website\"},\"primaryImageOfPage\":{\"@id\":\"https:\/\/skibariloche.ar\/producto\/pack-de-reserva-flexible\/#primaryimage\"},\"image\":{\"@id\":\"https:\/\/skibariloche.ar\/producto\/pack-de-reserva-flexible\/#primaryimage\"},\"thumbnailUrl\":\"https:\/\/skibariloche.ar\/wp-content\/uploads\/sites\/6\/2025\/06\/toa-heftiba-eshljVjL4Ds-unsplash1-scaled-1.jpg\",\"datePublished\":\"2025-06-13T14:14:29+00:00\",\"dateModified\":\"2025-06-13T14:14:31+00:00\",\"breadcrumb\":{\"@id\":\"https:\/\/skibariloche.ar\/producto\/pack-de-reserva-flexible\/#breadcrumb\"},\"inLanguage\":\"pt-BR\",\"potentialAction\":[{\"@type\":\"ReadAction\",\"target\":[\"https:\/\/skibariloche.ar\/producto\/pack-de-reserva-flexible\/\"]}]},{\"@type\":\"ImageObject\",\"inLanguage\":\"pt-BR\",\"@id\":\"https:\/\/skibariloche.ar\/producto\/pack-de-reserva-flexible\/#primaryimage\",\"url\":\"https:\/\/skibariloche.ar\/wp-content\/uploads\/sites\/6\/2025\/06\/toa-heftiba-eshljVjL4Ds-unsplash1-scaled-1.jpg\",\"contentUrl\":\"https:\/\/skibariloche.ar\/wp-content\/uploads\/sites\/6\/2025\/06\/toa-heftiba-eshljVjL4Ds-unsplash1-scaled-1.jpg\",\"width\":2560,\"height\":1707},{\"@type\":\"BreadcrumbList\",\"@id\":\"https:\/\/skibariloche.ar\/producto\/pack-de-reserva-flexible\/#breadcrumb\",\"itemListElement\":[{\"@type\":\"ListItem\",\"position\":1,\"name\":\"Inicio\",\"item\":\"https:\/\/skibariloche.ar\/\"},{\"@type\":\"ListItem\",\"position\":2,\"name\":\"Tienda\",\"item\":\"https:\/\/skibariloche.ar\/tienda\/\"},{\"@type\":\"ListItem\",\"position\":3,\"name\":\"Pack de Reserva Flexible\"}]},{\"@type\":\"WebSite\",\"@id\":\"https:\/\/skibariloche.ar\/#website\",\"url\":\"https:\/\/skibariloche.ar\/\",\"name\":\"Ski Bariloche\",\"description\":\"\",\"potentialAction\":[{\"@type\":\"SearchAction\",\"target\":{\"@type\":\"EntryPoint\",\"urlTemplate\":\"https:\/\/skibariloche.ar\/?s={search_term_string}\"},\"query-input\":{\"@type\":\"PropertyValueSpecification\",\"valueRequired\":true,\"valueName\":\"search_term_string\"}}],\"inLanguage\":\"pt-BR\"}]}<\/script>\n<meta property=\"product:price:amount\" content=\"25000.00\" \/>\n<meta property=\"product:price:currency\" content=\"ARS\" \/>\n<meta property=\"og:availability\" content=\"instock\" \/>\n<meta property=\"product:availability\" content=\"instock\" \/>\n<meta property=\"product:condition\" content=\"new\" \/>\n<!-- \/ Yoast SEO Premium plugin. -->","yoast_head_json":{"title":"Pacote de reservas flex\u00edveis - Ski Bariloche","robots":{"index":"index","follow":"follow","max-snippet":"max-snippet:-1","max-image-preview":"max-image-preview:large","max-video-preview":"max-video-preview:-1"},"canonical":"https:\/\/skibariloche.ar\/pt\/produto\/pacote-de-reserva-flexivel\/","og_locale":"pt_BR","og_type":"article","og_title":"Pack de Reserva Flexible","og_description":"Contrat\u00e1 los dos seguros y garantiz\u00e1 tu total tranquilidad ante cualquier necesidad de reprogramar o cancelar.","og_url":"https:\/\/skibariloche.ar\/pt\/produto\/pacote-de-reserva-flexivel\/","og_site_name":"Ski Bariloche","article_modified_time":"2025-06-13T14:14:31+00:00","og_image":[{"width":2560,"height":1707,"url":"https:\/\/skibariloche.ar\/wp-content\/uploads\/sites\/6\/2025\/06\/toa-heftiba-eshljVjL4Ds-unsplash1-scaled-1.jpg","type":"image\/jpeg"}],"twitter_card":"summary_large_image","twitter_misc":{"Pre\u00e7o":"&#36;25,000.00","Disponibilidade":"Em Estoque"},"schema":{"@context":"https:\/\/schema.org","@graph":[{"@type":"WebPage","@id":"https:\/\/skibariloche.ar\/producto\/pack-de-reserva-flexible\/","url":"https:\/\/skibariloche.ar\/producto\/pack-de-reserva-flexible\/","name":"Pacote de reservas flex\u00edveis - Ski Bariloche","isPartOf":{"@id":"https:\/\/skibariloche.ar\/#website"},"primaryImageOfPage":{"@id":"https:\/\/skibariloche.ar\/producto\/pack-de-reserva-flexible\/#primaryimage"},"image":{"@id":"https:\/\/skibariloche.ar\/producto\/pack-de-reserva-flexible\/#primaryimage"},"thumbnailUrl":"https:\/\/skibariloche.ar\/wp-content\/uploads\/sites\/6\/2025\/06\/toa-heftiba-eshljVjL4Ds-unsplash1-scaled-1.jpg","datePublished":"2025-06-13T14:14:29+00:00","dateModified":"2025-06-13T14:14:31+00:00","breadcrumb":{"@id":"https:\/\/skibariloche.ar\/producto\/pack-de-reserva-flexible\/#breadcrumb"},"inLanguage":"pt-BR","potentialAction":[{"@type":"ReadAction","target":["https:\/\/skibariloche.ar\/producto\/pack-de-reserva-flexible\/"]}]},{"@type":"ImageObject","inLanguage":"pt-BR","@id":"https:\/\/skibariloche.ar\/producto\/pack-de-reserva-flexible\/#primaryimage","url":"https:\/\/skibariloche.ar\/wp-content\/uploads\/sites\/6\/2025\/06\/toa-heftiba-eshljVjL4Ds-unsplash1-scaled-1.jpg","contentUrl":"https:\/\/skibariloche.ar\/wp-content\/uploads\/sites\/6\/2025\/06\/toa-heftiba-eshljVjL4Ds-unsplash1-scaled-1.jpg","width":2560,"height":1707},{"@type":"BreadcrumbList","@id":"https:\/\/skibariloche.ar\/producto\/pack-de-reserva-flexible\/#breadcrumb","itemListElement":[{"@type":"ListItem","position":1,"name":"Inicio","item":"https:\/\/skibariloche.ar\/"},{"@type":"ListItem","position":2,"name":"Tienda","item":"https:\/\/skibariloche.ar\/tienda\/"},{"@type":"ListItem","position":3,"name":"Pack de Reserva Flexible"}]},{"@type":"WebSite","@id":"https:\/\/skibariloche.ar\/#website","url":"https:\/\/skibariloche.ar\/","name":"Ski Bariloche","description":"","potentialAction":[{"@type":"SearchAction","target":{"@type":"EntryPoint","urlTemplate":"https:\/\/skibariloche.ar\/?s={search_term_string}"},"query-input":{"@type":"PropertyValueSpecification","valueRequired":true,"valueName":"search_term_string"}}],"inLanguage":"pt-BR"}]},"product_price_amount":"25000.00","product_price_currency":"ARS","og_availability":"instock","product_availability":"instock","product_condition":"new"},"_links":{"self":[{"href":"https:\/\/skibariloche.ar\/pt\/wp-json\/wp\/v2\/product\/18","targetHints":{"allow":["GET"]}}],"collection":[{"href":"https:\/\/skibariloche.ar\/pt\/wp-json\/wp\/v2\/product"}],"about":[{"href":"https:\/\/skibariloche.ar\/pt\/wp-json\/wp\/v2\/types\/product"}],"replies":[{"embeddable":true,"href":"https:\/\/skibariloche.ar\/pt\/wp-json\/wp\/v2\/comments?post=18"}],"wp:featuredmedia":[{"embeddable":true,"href":"https:\/\/skibariloche.ar\/pt\/wp-json\/wp\/v2\/media\/19"}],"wp:attachment":[{"href":"https:\/\/skibariloche.ar\/pt\/wp-json\/wp\/v2\/media?parent=18"}],"wp:term":[{"taxonomy":"product_brand","embeddable":true,"href":"https:\/\/skibariloche.ar\/pt\/wp-json\/wp\/v2\/product_brand?post=18"},{"taxonomy":"product_cat","embeddable":true,"href":"https:\/\/skibariloche.ar\/pt\/wp-json\/wp\/v2\/product_cat?post=18"},{"taxonomy":"product_tag","embeddable":true,"href":"https:\/\/skibariloche.ar\/pt\/wp-json\/wp\/v2\/product_tag?post=18"}],"curies":[{"name":"wp","href":"https:\/\/api.w.org\/{rel}","templated":true}]}}