{"id":14,"date":"2025-06-13T11:13:14","date_gmt":"2025-06-13T14:13:14","guid":{"rendered":"https:\/\/skibariloche.ar\/producto\/vivencias-caminata-con-raquetas-y-sabores-regionales-refugio-neumeyer\/"},"modified":"2025-06-14T15:19:21","modified_gmt":"2025-06-14T18:19:21","slug":"vivencias-caminata-con-raquetas-y-sabores-regionales-refugio-neumeyer","status":"publish","type":"product","link":"https:\/\/skibariloche.ar\/pt\/produto\/experiencias-com-raquetes-de-neve-e-sabores-regionais-refugio-neumeyer\/","title":{"rendered":"Experi\u00eancias: Caminhada na neve e sabores regionais - Ref\u00fagio Neumeyer"},"content":{"rendered":"<h3 data-start=\"741\" data-end=\"771\">Principais vantagens<\/h3>\n<p data-start=\"773\" data-end=\"1275\"><strong data-start=\"773\" data-end=\"803\">Plano ideal para qualquer idade:<\/strong> Caminhada descontra\u00edda com raquetes de neve em trilhas nevadas, perfeita para crian\u00e7as, adultos e fam\u00edlias.<br data-start=\"884\" data-end=\"887\" \/><strong data-start=\"887\" data-end=\"914\">Flavours of Patagonia (Sabores da Patag\u00f4nia):<\/strong> Saboreie as iguarias regionais no cl\u00e1ssico, acolhedor e familiar Refugio Neumeyer.<br data-start=\"983\" data-end=\"986\" \/><strong data-start=\"986\" data-end=\"1012\">Jogos na neve:<\/strong> Saia das culipatinas para circuitos que s\u00e3o divertidos para todos.<br data-start=\"1074\" data-end=\"1077\" \/><strong data-start=\"1077\" data-end=\"1102\">Tudo inclu\u00eddo:<\/strong> Traslado de sua acomoda\u00e7\u00e3o em Bariloche, guia profissional e equipamento seguro.<br data-start=\"1173\" data-end=\"1176\" \/><strong data-start=\"1176\" data-end=\"1202\">Cart\u00f5es postais exclusivos:<\/strong> Descubra os majestosos panoramas da Cordilheira e a imensa Estepe Patag\u00f4nica.<\/p>\n<h2 data-start=\"1282\" data-end=\"1327\">Paisagens, calor e entretenimento para voc\u00ea<\/h2>\n<p data-start=\"1329\" data-end=\"1711\">Voc\u00ea come\u00e7a o dia com um traslado confort\u00e1vel e pontual de sua casa ou acomoda\u00e7\u00e3o em Bariloche para o Ref\u00fagio Neumeyer, localizado a apenas 20 km de dist\u00e2ncia, no cora\u00e7\u00e3o do Vale Challhuaco. Na chegada, guias especializados o preparar\u00e3o e o acompanhar\u00e3o em uma excurs\u00e3o com raquetes de neve em um bosque de lengas centen\u00e1rias. S\u00e3o feitas v\u00e1rias paradas ao longo do caminho para tirar fotos e se conectar com o meio ambiente.<\/p>\n<p data-start=\"1713\" data-end=\"2088\">A caminhada o levar\u00e1 ao Mirador del Valle, um ponto de vista panor\u00e2mico privilegiado para admirar a imponente Cordilheira dos Andes e a estepe. No caminho de volta ao ref\u00fagio, voc\u00ea ser\u00e1 convidado a relaxar e desfrutar de uma refei\u00e7\u00e3o t\u00edpica em um ambiente acolhedor e descontra\u00eddo. Para que o encerramento seja inesquec\u00edvel, voc\u00ea continuar\u00e1 brincando e rindo com os culipatines, uma proposta acess\u00edvel e divertida que nunca falha entre crian\u00e7as e adultos.<\/p>\n<h3 data-start=\"2095\" data-end=\"2125\">Perguntas frequentes (FAQ)<\/h3>\n<p data-start=\"2127\" data-end=\"2328\"><strong data-start=\"2127\" data-end=\"2159\">O que est\u00e1 inclu\u00eddo?<\/strong><br data-start=\"2159\" data-end=\"2162\" \/>Traslados de e para Bariloche, caminhada guiada com raquetes de neve, uso do ref\u00fagio, degusta\u00e7\u00e3o da culin\u00e1ria patag\u00f4nica com bebidas, culipatinas e uso livre das pistas.<\/p>\n<p data-start=\"2330\" data-end=\"2492\"><strong data-start=\"2330\" data-end=\"2358\">Ele \u00e9 destinado a meninos?<\/strong><br data-start=\"2358\" data-end=\"2361\" \/>Naturalmente, o passeio \u00e9 simples e inclusivo, ideal para fam\u00edlias com crian\u00e7as ou av\u00f3s, sem limite de idade.<\/p>\n<p data-start=\"2494\" data-end=\"2639\"><strong data-start=\"2494\" data-end=\"2558\">\u00c9 necess\u00e1rio ter experi\u00eancia ou treinamento pr\u00e9vio?<\/strong><br data-start=\"2558\" data-end=\"2561\" \/>N\u00e3o, qualquer pessoa em condi\u00e7\u00f5es f\u00edsicas normais pode participar e se divertir sem impedimentos.<\/p>\n<p data-start=\"2641\" data-end=\"2749\"><strong data-start=\"2641\" data-end=\"2662\">O que levar?<\/strong><br data-start=\"2662\" data-end=\"2665\" \/>Roupas confort\u00e1veis e quentes, sapatos ou botas \u00e0 prova d'\u00e1gua, luvas, chap\u00e9u e, se tiver, equipamento para neve.<\/p>","protected":false},"excerpt":{"rendered":"<p>Experimente o charme do Vale de Challhuaco com uma proposta criada para aqueles que querem se conectar com a natureza, viver aventuras tranquilas e criar mem\u00f3rias \u00fanicas. Caminhe por trilhas de \u00e1rvores cobertas de neve com raquetes de neve, saboreie iguarias locais em um abrigo aconchegante e deslize pela neve em um culipat\u00edn. \u00c9 a alternativa perfeita para fam\u00edlias, casais e grupos que desejam aproveitar ao m\u00e1ximo o inverno sem o esfor\u00e7o f\u00edsico.<\/p>","protected":false},"featured_media":0,"comment_status":"open","ping_status":"closed","template":"","meta":[],"product_brand":[],"product_cat":[15],"product_tag":[],"class_list":{"0":"post-14","1":"product","2":"type-product","3":"status-publish","5":"product_cat-sin-categorizar","7":"first","8":"instock","9":"sold-individually","10":"purchasable","11":"product-type-booking"},"booking_location":"","booking_location_type":"","booking_duration":1,"booking_duration_unit":"hour","booking_buffer":0,"booking_cost":0,"booking_resources":[],"exclude_global_add_ons":[],"addons":[],"yoast_head":"<!-- This site is optimized with the Yoast SEO Premium plugin v25.2 (Yoast SEO v25.2) - https:\/\/yoast.com\/wordpress\/plugins\/seo\/ -->\n<title>Vivencias: Caminata Con Raquetas Y Sabores Regionales-Refugio Neumeyer - Ski Bariloche<\/title>\n<meta name=\"robots\" content=\"index, follow, max-snippet:-1, max-image-preview:large, max-video-preview:-1\" \/>\n<link rel=\"canonical\" href=\"https:\/\/skibariloche.ar\/pt\/produto\/experiencias-com-raquetes-de-neve-e-sabores-regionais-refugio-neumeyer\/\" \/>\n<meta property=\"og:locale\" content=\"pt_BR\" \/>\n<meta property=\"og:type\" content=\"article\" \/>\n<meta property=\"og:title\" content=\"Vivencias: Caminata Con Raquetas Y Sabores Regionales-Refugio Neumeyer\" \/>\n<meta property=\"og:description\" content=\"Viv\u00ed el encanto del Valle del Challhuaco con una propuesta dise\u00f1ada para quienes desean conectar con la naturaleza, experimentar aventuras tranquilas y crear recuerdos \u00fanicos. Recorr\u00e9 senderos entre \u00e1rboles cubiertos de nieve con raquetas, sabore\u00e1 delicias locales en un refugio acogedor y deslizate en culipat\u00edn por la nieve. Es la alternativa perfecta para familias, parejas y grupos que buscan aprovechar el invierno sin grandes esfuerzos f\u00edsicos.\" \/>\n<meta property=\"og:url\" content=\"https:\/\/skibariloche.ar\/pt\/produto\/experiencias-com-raquetes-de-neve-e-sabores-regionais-refugio-neumeyer\/\" \/>\n<meta property=\"og:site_name\" content=\"Ski Bariloche\" \/>\n<meta property=\"article:modified_time\" content=\"2025-06-14T18:19:21+00:00\" \/>\n<meta name=\"twitter:card\" content=\"summary_large_image\" \/>\n<meta name=\"twitter:label1\" content=\"Pre\u00e7o\" \/>\n\t<meta name=\"twitter:data1\" content=\"&#036;190,000.00\" \/>\n\t<meta name=\"twitter:label2\" content=\"Disponibilidade\" \/>\n\t<meta name=\"twitter:data2\" content=\"Em Estoque\" \/>\n<script type=\"application\/ld+json\" class=\"yoast-schema-graph\">{\"@context\":\"https:\/\/schema.org\",\"@graph\":[{\"@type\":\"WebPage\",\"@id\":\"https:\/\/skibariloche.ar\/producto\/vivencias-caminata-con-raquetas-y-sabores-regionales-refugio-neumeyer\/\",\"url\":\"https:\/\/skibariloche.ar\/producto\/vivencias-caminata-con-raquetas-y-sabores-regionales-refugio-neumeyer\/\",\"name\":\"Vivencias: Caminata Con Raquetas Y Sabores Regionales-Refugio Neumeyer - Ski Bariloche\",\"isPartOf\":{\"@id\":\"https:\/\/skibariloche.ar\/#website\"},\"datePublished\":\"2025-06-13T14:13:14+00:00\",\"dateModified\":\"2025-06-14T18:19:21+00:00\",\"breadcrumb\":{\"@id\":\"https:\/\/skibariloche.ar\/producto\/vivencias-caminata-con-raquetas-y-sabores-regionales-refugio-neumeyer\/#breadcrumb\"},\"inLanguage\":\"pt-BR\",\"potentialAction\":[{\"@type\":\"ReadAction\",\"target\":[\"https:\/\/skibariloche.ar\/producto\/vivencias-caminata-con-raquetas-y-sabores-regionales-refugio-neumeyer\/\"]}]},{\"@type\":\"BreadcrumbList\",\"@id\":\"https:\/\/skibariloche.ar\/producto\/vivencias-caminata-con-raquetas-y-sabores-regionales-refugio-neumeyer\/#breadcrumb\",\"itemListElement\":[{\"@type\":\"ListItem\",\"position\":1,\"name\":\"Inicio\",\"item\":\"https:\/\/skibariloche.ar\/\"},{\"@type\":\"ListItem\",\"position\":2,\"name\":\"Tienda\",\"item\":\"https:\/\/skibariloche.ar\/tienda\/\"},{\"@type\":\"ListItem\",\"position\":3,\"name\":\"Vivencias: Caminata Con Raquetas Y Sabores Regionales-Refugio Neumeyer\"}]},{\"@type\":\"WebSite\",\"@id\":\"https:\/\/skibariloche.ar\/#website\",\"url\":\"https:\/\/skibariloche.ar\/\",\"name\":\"Ski Bariloche\",\"description\":\"\",\"potentialAction\":[{\"@type\":\"SearchAction\",\"target\":{\"@type\":\"EntryPoint\",\"urlTemplate\":\"https:\/\/skibariloche.ar\/?s={search_term_string}\"},\"query-input\":{\"@type\":\"PropertyValueSpecification\",\"valueRequired\":true,\"valueName\":\"search_term_string\"}}],\"inLanguage\":\"pt-BR\"}]}<\/script>\n<meta property=\"product:price:amount\" content=\"190000.00\" \/>\n<meta property=\"product:price:currency\" content=\"ARS\" \/>\n<meta property=\"og:availability\" content=\"instock\" \/>\n<meta property=\"product:availability\" content=\"instock\" \/>\n<meta property=\"product:retailer_item_id\" content=\"ADV2025VIENREK3Z9\" \/>\n<meta property=\"product:condition\" content=\"new\" \/>\n<!-- \/ Yoast SEO Premium plugin. -->","yoast_head_json":{"title":"Experi\u00eancias: Raquetes de neve e sabores regionais - Ref\u00fagio Neumeyer - Ski Bariloche","robots":{"index":"index","follow":"follow","max-snippet":"max-snippet:-1","max-image-preview":"max-image-preview:large","max-video-preview":"max-video-preview:-1"},"canonical":"https:\/\/skibariloche.ar\/pt\/produto\/experiencias-com-raquetes-de-neve-e-sabores-regionais-refugio-neumeyer\/","og_locale":"pt_BR","og_type":"article","og_title":"Vivencias: Caminata Con Raquetas Y Sabores Regionales-Refugio Neumeyer","og_description":"Viv\u00ed el encanto del Valle del Challhuaco con una propuesta dise\u00f1ada para quienes desean conectar con la naturaleza, experimentar aventuras tranquilas y crear recuerdos \u00fanicos. Recorr\u00e9 senderos entre \u00e1rboles cubiertos de nieve con raquetas, sabore\u00e1 delicias locales en un refugio acogedor y deslizate en culipat\u00edn por la nieve. Es la alternativa perfecta para familias, parejas y grupos que buscan aprovechar el invierno sin grandes esfuerzos f\u00edsicos.","og_url":"https:\/\/skibariloche.ar\/pt\/produto\/experiencias-com-raquetes-de-neve-e-sabores-regionais-refugio-neumeyer\/","og_site_name":"Ski Bariloche","article_modified_time":"2025-06-14T18:19:21+00:00","twitter_card":"summary_large_image","twitter_misc":{"Pre\u00e7o":"&#36;190,000.00","Disponibilidade":"Em Estoque"},"schema":{"@context":"https:\/\/schema.org","@graph":[{"@type":"WebPage","@id":"https:\/\/skibariloche.ar\/producto\/vivencias-caminata-con-raquetas-y-sabores-regionales-refugio-neumeyer\/","url":"https:\/\/skibariloche.ar\/producto\/vivencias-caminata-con-raquetas-y-sabores-regionales-refugio-neumeyer\/","name":"Experi\u00eancias: Raquetes de neve e sabores regionais - Ref\u00fagio Neumeyer - Ski Bariloche","isPartOf":{"@id":"https:\/\/skibariloche.ar\/#website"},"datePublished":"2025-06-13T14:13:14+00:00","dateModified":"2025-06-14T18:19:21+00:00","breadcrumb":{"@id":"https:\/\/skibariloche.ar\/producto\/vivencias-caminata-con-raquetas-y-sabores-regionales-refugio-neumeyer\/#breadcrumb"},"inLanguage":"pt-BR","potentialAction":[{"@type":"ReadAction","target":["https:\/\/skibariloche.ar\/producto\/vivencias-caminata-con-raquetas-y-sabores-regionales-refugio-neumeyer\/"]}]},{"@type":"BreadcrumbList","@id":"https:\/\/skibariloche.ar\/producto\/vivencias-caminata-con-raquetas-y-sabores-regionales-refugio-neumeyer\/#breadcrumb","itemListElement":[{"@type":"ListItem","position":1,"name":"Inicio","item":"https:\/\/skibariloche.ar\/"},{"@type":"ListItem","position":2,"name":"Tienda","item":"https:\/\/skibariloche.ar\/tienda\/"},{"@type":"ListItem","position":3,"name":"Vivencias: Caminata Con Raquetas Y Sabores Regionales-Refugio Neumeyer"}]},{"@type":"WebSite","@id":"https:\/\/skibariloche.ar\/#website","url":"https:\/\/skibariloche.ar\/","name":"Ski Bariloche","description":"","potentialAction":[{"@type":"SearchAction","target":{"@type":"EntryPoint","urlTemplate":"https:\/\/skibariloche.ar\/?s={search_term_string}"},"query-input":{"@type":"PropertyValueSpecification","valueRequired":true,"valueName":"search_term_string"}}],"inLanguage":"pt-BR"}]},"product_price_amount":"190000.00","product_price_currency":"ARS","og_availability":"instock","product_availability":"instock","product_retailer_item_id":"ADV2025VIENREK3Z9","product_condition":"new"},"_links":{"self":[{"href":"https:\/\/skibariloche.ar\/pt\/wp-json\/wp\/v2\/product\/14","targetHints":{"allow":["GET"]}}],"collection":[{"href":"https:\/\/skibariloche.ar\/pt\/wp-json\/wp\/v2\/product"}],"about":[{"href":"https:\/\/skibariloche.ar\/pt\/wp-json\/wp\/v2\/types\/product"}],"replies":[{"embeddable":true,"href":"https:\/\/skibariloche.ar\/pt\/wp-json\/wp\/v2\/comments?post=14"}],"wp:attachment":[{"href":"https:\/\/skibariloche.ar\/pt\/wp-json\/wp\/v2\/media?parent=14"}],"wp:term":[{"taxonomy":"product_brand","embeddable":true,"href":"https:\/\/skibariloche.ar\/pt\/wp-json\/wp\/v2\/product_brand?post=14"},{"taxonomy":"product_cat","embeddable":true,"href":"https:\/\/skibariloche.ar\/pt\/wp-json\/wp\/v2\/product_cat?post=14"},{"taxonomy":"product_tag","embeddable":true,"href":"https:\/\/skibariloche.ar\/pt\/wp-json\/wp\/v2\/product_tag?post=14"}],"curies":[{"name":"wp","href":"https:\/\/api.w.org\/{rel}","templated":true}]}}