{"id":46,"date":"2025-06-13T11:22:50","date_gmt":"2025-06-13T14:22:50","guid":{"rendered":"https:\/\/skibariloche.ar\/producto\/puerto-blest-y-cascada-los-cantaros-lago-frias-sin-traslado\/"},"modified":"2025-06-17T18:31:25","modified_gmt":"2025-06-17T21:31:25","slug":"puerto-blest-cascada-cantaros-lago-frias-sin-traslado","status":"publish","type":"product","link":"https:\/\/skibariloche.ar\/en\/product\/puerto-blest-waterfall-cantaros-lake-frias-without-transfer\/","title":{"rendered":"Puerto Blest and \u201cLos Cantaros\u201d Waterfall + Lake Frias without Transfer"},"content":{"rendered":"<h2>I felt the unique peace of Puerto Blest and the Cascada de los C\u00e1ntaros.<\/h2>\n<p>I left from <strong>Puerto Pa\u00f1uelo<\/strong>, only 25 km from <strong>San Carlos de Bariloche<\/strong>, and discovered an unforgettable experience while sailing the <strong>Nahuel Huapi Lake<\/strong>. Along the way, marvel at the <strong>Sentinel Islet<\/strong>, the resting place of the remains of the beloved <strong>Perito Moreno<\/strong>, and walk along spectacular footbridges towards the imposing <strong>Los C\u00e1ntaros Waterfall<\/strong>, surrounded by impressive granite formations.<\/p>\n<h3>A Profound Encounter with Nature<\/h3>\n<p>During the navigation, you will be able to contemplate the impressive landscapes of the <strong>Andes mountain range<\/strong> and the islands that adorn this Patagonian corner. At <strong>Puerto Blest<\/strong>, get lost in the silence of the <strong>Bay<\/strong> and admire the green tones of the <strong>Lake Frias<\/strong>, naturally tinted by the glaciers of the <strong>Cerro Tronador<\/strong>.<\/p>\n<h3>Adventurous Moments<\/h3>\n<ul>\n<li><strong>Organized hikes<\/strong> through the magical Valdivian rainforest, refuge of an incredible fauna and flora.<\/li>\n<li><strong>Accessible trails<\/strong> for everyone, ideal for walking at your own pace.<\/li>\n<\/ul>\n<h2>Ride Options and Onboard Services<\/h2>\n<p>The return finds you navigating the <strong>Blest Arm<\/strong> to <strong>Puerto Pa\u00f1uelo<\/strong>, enjoying the sunset that gives the <strong>Cerro Tronador<\/strong>. If you choose to go to the <strong>Lake Frias<\/strong>, you add a short bus ride of 3 km to <strong>Puerto Alegre<\/strong>, where you will embark on a modern motorboat to discover this dream lake.<\/p>\n<h3>Practical Information<\/h3>\n<ul>\n<li><strong>Duration:<\/strong> From 8:30 am to 5:00 pm.<\/li>\n<li><strong>Includes:<\/strong> Guided boat ride, circuits through the forest and crossing of Frias Lake.<\/li>\n<li><strong>Does not include:<\/strong> Transfers to <strong>Puerto Pa\u00f1uelo<\/strong>, meals (there are inns in the area) and fees to enter National Parks.<\/li>\n<\/ul>\n<h2>Frequently Asked Questions<\/h2>\n<ul>\n<li><strong>At what time are park and boarding taxes paid?<\/strong><br \/>\nBoth are paid in <strong>Puerto Pa\u00f1uelo<\/strong> in cash and in Argentine pesos on the same day of the trip. The following are exempted <strong>San Carlos de Bariloche<\/strong>, people with disabilities, children under five years of age and retired people.<\/li>\n<li><strong>Does the benefit for retirees apply only to Argentines?<\/strong><br \/>\nYes, the special fare is exclusive for national retirees and the corresponding ID must be presented during boarding.<\/li>\n<li><strong>How difficult are the hikes?<\/strong><br \/>\nAt <strong>Puerto Blest<\/strong> the trails are of varying complexity. The route to the <strong>Los C\u00e1ntaros Waterfall<\/strong> includes approximately 700 steps, with viewpoints and areas for breaks.<\/li>\n<\/ul>","protected":false},"excerpt":{"rendered":"<h2>Puerto Blest Adventure and \u00abLos C\u00e1ntaros\u00bb Waterfall\u00bb<\/h2>\n<p>Start your tour from <strong>Puerto Pa\u00f1uelo<\/strong> enjoying an unforgettable experience on their way to the <strong>Los C\u00e1ntaros Waterfall<\/strong>, crossing the calm waters of the <strong>Nahuel Huapi Lake<\/strong>. Marvel at the mysterious <strong>Lake Frias<\/strong> and walk the paths of the <strong>valdivian forest<\/strong> under the imposing frame offered by the <strong>Andes mountain range<\/strong>.<\/p>","protected":false},"featured_media":0,"comment_status":"open","ping_status":"closed","template":"","meta":[],"product_brand":[],"product_cat":[15],"product_tag":[],"class_list":{"0":"post-46","1":"product","2":"type-product","3":"status-publish","5":"product_cat-sin-categorizar","7":"first","8":"instock","9":"sold-individually","10":"purchasable","11":"product-type-booking"},"booking_location":"","booking_location_type":"","booking_duration":1,"booking_duration_unit":"hour","booking_buffer":0,"booking_cost":0,"booking_resources":[],"exclude_global_add_ons":[],"addons":[],"yoast_head":"<!-- This site is optimized with the Yoast SEO Premium plugin v25.2 (Yoast SEO v25.2) - https:\/\/yoast.com\/wordpress\/plugins\/seo\/ -->\n<title>Puerto Blest y Cascada \u201cLos Cantaros\u201d + Lago Frias sin Traslado - Ski Bariloche<\/title>\n<meta name=\"robots\" content=\"index, follow, max-snippet:-1, max-image-preview:large, max-video-preview:-1\" \/>\n<link rel=\"canonical\" href=\"https:\/\/skibariloche.ar\/en\/product\/puerto-blest-waterfall-cantaros-lake-frias-without-transfer\/\" \/>\n<meta property=\"og:locale\" content=\"en_US\" \/>\n<meta property=\"og:type\" content=\"article\" \/>\n<meta property=\"og:title\" content=\"Puerto Blest y Cascada \u201cLos Cantaros\u201d + Lago Frias sin Traslado\" \/>\n<meta property=\"og:description\" content=\"Aventura en Puerto Blest y Cascada \u00abLos C\u00e1ntaros\u00bb Empez\u00e1 tu recorrido desde Puerto Pa\u00f1uelo disfrutando de una experiencia inolvidable rumbo a la Cascada de los C\u00e1ntaros, cruzando las tranquilas aguas del lago Nahuel Huapi. Maravillate con el misterioso Lago Fr\u00edas y recorr\u00e9 los senderos de la selva valdiviana bajo el imponente marco que ofrece la cordillera de los Andes.\" \/>\n<meta property=\"og:url\" content=\"https:\/\/skibariloche.ar\/en\/product\/puerto-blest-waterfall-cantaros-lake-frias-without-transfer\/\" \/>\n<meta property=\"og:site_name\" content=\"Ski Bariloche\" \/>\n<meta property=\"article:modified_time\" content=\"2025-06-17T21:31:25+00:00\" \/>\n<meta name=\"twitter:card\" content=\"summary_large_image\" \/>\n<meta name=\"twitter:label1\" content=\"Price\" \/>\n\t<meta name=\"twitter:data1\" content=\"&#036;160,000.00\" \/>\n\t<meta name=\"twitter:label2\" content=\"Availability\" \/>\n\t<meta name=\"twitter:data2\" content=\"In stock\" \/>\n<script type=\"application\/ld+json\" class=\"yoast-schema-graph\">{\"@context\":\"https:\/\/schema.org\",\"@graph\":[{\"@type\":\"WebPage\",\"@id\":\"https:\/\/skibariloche.ar\/producto\/puerto-blest-cascada-cantaros-lago-frias-sin-traslado\/\",\"url\":\"https:\/\/skibariloche.ar\/producto\/puerto-blest-cascada-cantaros-lago-frias-sin-traslado\/\",\"name\":\"Puerto Blest y Cascada \u201cLos Cantaros\u201d + Lago Frias sin Traslado - Ski Bariloche\",\"isPartOf\":{\"@id\":\"https:\/\/skibariloche.ar\/#website\"},\"datePublished\":\"2025-06-13T14:22:50+00:00\",\"dateModified\":\"2025-06-17T21:31:25+00:00\",\"breadcrumb\":{\"@id\":\"https:\/\/skibariloche.ar\/producto\/puerto-blest-cascada-cantaros-lago-frias-sin-traslado\/#breadcrumb\"},\"inLanguage\":\"en-US\",\"potentialAction\":[{\"@type\":\"ReadAction\",\"target\":[\"https:\/\/skibariloche.ar\/producto\/puerto-blest-cascada-cantaros-lago-frias-sin-traslado\/\"]}]},{\"@type\":\"BreadcrumbList\",\"@id\":\"https:\/\/skibariloche.ar\/producto\/puerto-blest-cascada-cantaros-lago-frias-sin-traslado\/#breadcrumb\",\"itemListElement\":[{\"@type\":\"ListItem\",\"position\":1,\"name\":\"Inicio\",\"item\":\"https:\/\/skibariloche.ar\/\"},{\"@type\":\"ListItem\",\"position\":2,\"name\":\"Tienda\",\"item\":\"https:\/\/skibariloche.ar\/tienda\/\"},{\"@type\":\"ListItem\",\"position\":3,\"name\":\"Puerto Blest y Cascada \u201cLos Cantaros\u201d + Lago Frias sin Traslado\"}]},{\"@type\":\"WebSite\",\"@id\":\"https:\/\/skibariloche.ar\/#website\",\"url\":\"https:\/\/skibariloche.ar\/\",\"name\":\"Ski Bariloche\",\"description\":\"\",\"potentialAction\":[{\"@type\":\"SearchAction\",\"target\":{\"@type\":\"EntryPoint\",\"urlTemplate\":\"https:\/\/skibariloche.ar\/?s={search_term_string}\"},\"query-input\":{\"@type\":\"PropertyValueSpecification\",\"valueRequired\":true,\"valueName\":\"search_term_string\"}}],\"inLanguage\":\"en-US\"}]}<\/script>\n<meta property=\"product:price:amount\" content=\"160000.00\" \/>\n<meta property=\"product:price:currency\" content=\"ARS\" \/>\n<meta property=\"og:availability\" content=\"instock\" \/>\n<meta property=\"product:availability\" content=\"instock\" \/>\n<meta property=\"product:retailer_item_id\" content=\"ADV2025PUBLYC33V7\" \/>\n<meta property=\"product:condition\" content=\"new\" \/>\n<!-- \/ Yoast SEO Premium plugin. -->","yoast_head_json":{"title":"Puerto Blest and \u201cLos Cantaros\u201d Waterfall + Lake Frias without Transfer - Ski Bariloche","robots":{"index":"index","follow":"follow","max-snippet":"max-snippet:-1","max-image-preview":"max-image-preview:large","max-video-preview":"max-video-preview:-1"},"canonical":"https:\/\/skibariloche.ar\/en\/product\/puerto-blest-waterfall-cantaros-lake-frias-without-transfer\/","og_locale":"en_US","og_type":"article","og_title":"Puerto Blest y Cascada \u201cLos Cantaros\u201d + Lago Frias sin Traslado","og_description":"Aventura en Puerto Blest y Cascada \u00abLos C\u00e1ntaros\u00bb Empez\u00e1 tu recorrido desde Puerto Pa\u00f1uelo disfrutando de una experiencia inolvidable rumbo a la Cascada de los C\u00e1ntaros, cruzando las tranquilas aguas del lago Nahuel Huapi. Maravillate con el misterioso Lago Fr\u00edas y recorr\u00e9 los senderos de la selva valdiviana bajo el imponente marco que ofrece la cordillera de los Andes.","og_url":"https:\/\/skibariloche.ar\/en\/product\/puerto-blest-waterfall-cantaros-lake-frias-without-transfer\/","og_site_name":"Ski Bariloche","article_modified_time":"2025-06-17T21:31:25+00:00","twitter_card":"summary_large_image","twitter_misc":{"Price":"&#36;160,000.00","Availability":"In stock"},"schema":{"@context":"https:\/\/schema.org","@graph":[{"@type":"WebPage","@id":"https:\/\/skibariloche.ar\/producto\/puerto-blest-cascada-cantaros-lago-frias-sin-traslado\/","url":"https:\/\/skibariloche.ar\/producto\/puerto-blest-cascada-cantaros-lago-frias-sin-traslado\/","name":"Puerto Blest and \u201cLos Cantaros\u201d Waterfall + Lake Frias without Transfer - Ski Bariloche","isPartOf":{"@id":"https:\/\/skibariloche.ar\/#website"},"datePublished":"2025-06-13T14:22:50+00:00","dateModified":"2025-06-17T21:31:25+00:00","breadcrumb":{"@id":"https:\/\/skibariloche.ar\/producto\/puerto-blest-cascada-cantaros-lago-frias-sin-traslado\/#breadcrumb"},"inLanguage":"en-US","potentialAction":[{"@type":"ReadAction","target":["https:\/\/skibariloche.ar\/producto\/puerto-blest-cascada-cantaros-lago-frias-sin-traslado\/"]}]},{"@type":"BreadcrumbList","@id":"https:\/\/skibariloche.ar\/producto\/puerto-blest-cascada-cantaros-lago-frias-sin-traslado\/#breadcrumb","itemListElement":[{"@type":"ListItem","position":1,"name":"Inicio","item":"https:\/\/skibariloche.ar\/"},{"@type":"ListItem","position":2,"name":"Tienda","item":"https:\/\/skibariloche.ar\/tienda\/"},{"@type":"ListItem","position":3,"name":"Puerto Blest y Cascada \u201cLos Cantaros\u201d + Lago Frias sin Traslado"}]},{"@type":"WebSite","@id":"https:\/\/skibariloche.ar\/#website","url":"https:\/\/skibariloche.ar\/","name":"Ski Bariloche","description":"","potentialAction":[{"@type":"SearchAction","target":{"@type":"EntryPoint","urlTemplate":"https:\/\/skibariloche.ar\/?s={search_term_string}"},"query-input":{"@type":"PropertyValueSpecification","valueRequired":true,"valueName":"search_term_string"}}],"inLanguage":"en-US"}]},"product_price_amount":"160000.00","product_price_currency":"ARS","og_availability":"instock","product_availability":"instock","product_retailer_item_id":"ADV2025PUBLYC33V7","product_condition":"new"},"_links":{"self":[{"href":"https:\/\/skibariloche.ar\/en\/wp-json\/wp\/v2\/product\/46","targetHints":{"allow":["GET"]}}],"collection":[{"href":"https:\/\/skibariloche.ar\/en\/wp-json\/wp\/v2\/product"}],"about":[{"href":"https:\/\/skibariloche.ar\/en\/wp-json\/wp\/v2\/types\/product"}],"replies":[{"embeddable":true,"href":"https:\/\/skibariloche.ar\/en\/wp-json\/wp\/v2\/comments?post=46"}],"wp:attachment":[{"href":"https:\/\/skibariloche.ar\/en\/wp-json\/wp\/v2\/media?parent=46"}],"wp:term":[{"taxonomy":"product_brand","embeddable":true,"href":"https:\/\/skibariloche.ar\/en\/wp-json\/wp\/v2\/product_brand?post=46"},{"taxonomy":"product_cat","embeddable":true,"href":"https:\/\/skibariloche.ar\/en\/wp-json\/wp\/v2\/product_cat?post=46"},{"taxonomy":"product_tag","embeddable":true,"href":"https:\/\/skibariloche.ar\/en\/wp-json\/wp\/v2\/product_tag?post=46"}],"curies":[{"name":"wp","href":"https:\/\/api.w.org\/{rel}","templated":true}]}}