{"id":44,"date":"2025-06-13T11:22:03","date_gmt":"2025-06-13T14:22:03","guid":{"rendered":"https:\/\/skibariloche.ar\/producto\/navegacion-por-nahuel-huapi-isla-victoria-y-bosque-de-arrayanes-sin-traslado\/"},"modified":"2025-06-17T18:28:13","modified_gmt":"2025-06-17T21:28:13","slug":"isla-victoria-y-bosque-de-arrayanes-sin-traslado","status":"publish","type":"product","link":"https:\/\/skibariloche.ar\/en\/product\/victoria-island-and-arrayanes-forest-without-relocation\/","title":{"rendered":"Nahuel Huapi Navigation: Victoria Island and Arrayanes Forest without transfer"},"content":{"rendered":"<h3 data-start=\"304\" data-end=\"381\">Experience authentic Patagonia with the support of Bariloche Excursiones<\/h3>\n<p data-start=\"383\" data-end=\"761\">Set sail on the waters of the Nahuel Huapi and be surprised by two iconic postcards of the area: the majestic Victoria Island and the enchanting Arrayanes Forest. This proposal, perfect if you are already in Bariloche and prefer to arrive directly to Puerto Pa\u00f1uelo, gives you total freedom and the plus of our expert service. Take advantage of this opportunity to travel at your own pace.<\/p>\n<h3 data-start=\"763\" data-end=\"808\">Circuit and highlights<\/h3>\n<p data-start=\"810\" data-end=\"1136\">The day begins at <strong data-start=\"832\" data-end=\"850\">Puerto Pa\u00f1uelo<\/strong>, on km 25 of Bustillo Avenue. From there, you board a panoramic catamaran to embark on a unique experience on the lake. The first point is the <strong data-start=\"1006\" data-end=\"1032\">Quetrihu\u00e9 Peninsula<\/strong>, where a walk through the manicured trails of the planet's exclusive myrtle forest awaits you.<\/p>\n<p data-start=\"1138\" data-end=\"1365\">The tour continues to the magical <strong data-start=\"1166\" data-end=\"1183\">Victoria Island<\/strong>, with roads leading to the <strong data-start=\"1246\" data-end=\"1264\">El Toro Beach<\/strong>, famous for its volcanic sands and traces of ancient cultures, including fascinating cave paintings.<\/p>\n<h3 data-start=\"1367\" data-end=\"1387\">Key data<\/h3>\n<ul data-start=\"1389\" data-end=\"1663\">\n<li data-start=\"1389\" data-end=\"1435\">\n<p data-start=\"1391\" data-end=\"1435\"><strong data-start=\"1391\" data-end=\"1412\">Expected duration<\/strong>from 13:00 to 18:30 hs.<\/p>\n<\/li>\n<li data-start=\"1436\" data-end=\"1521\">\n<p data-start=\"1438\" data-end=\"1521\"><strong data-start=\"1438\" data-end=\"1449\">Includes<\/strong>Lake crossing by catamaran with a specialized guide at all times.<\/p>\n<\/li>\n<li data-start=\"1522\" data-end=\"1663\">\n<p data-start=\"1524\" data-end=\"1663\"><strong data-start=\"1524\" data-end=\"1538\">Does not include<\/strong>Transfer to Puerto Pa\u00f1uelo, port taxes and access to the National Park, meals (options available on board and on the island).<\/p>\n<\/li>\n<\/ul>\n<h3 data-start=\"1665\" data-end=\"1694\">Self-access<\/h3>\n<p data-start=\"1696\" data-end=\"1943\">Puerto Pa\u00f1uelo is located just half an hour from downtown Bariloche, at km 25 of Bustillo Avenue. You can go by private car, remis or bus. When booking, we give you all the details to get there easily and without any detours.<\/p>\n<h3 data-start=\"1950\" data-end=\"1974\">Frequently asked questions<\/h3>\n<p data-start=\"1976\" data-end=\"2212\"><strong data-start=\"1976\" data-end=\"2028\">Where do I pay the Park and boarding fees?<\/strong><br data-start=\"2028\" data-end=\"2031\" \/>They are paid in cash the same day, when you arrive at Puerto Pa\u00f1uelo. They are not paid by local residents, disabled people, children under 6 years old or Argentinean pensioners.<\/p>\n<p data-start=\"2214\" data-end=\"2368\"><strong data-start=\"2214\" data-end=\"2260\">Are there discounts for foreign visitors?<\/strong><br data-start=\"2260\" data-end=\"2263\" \/>No. The benefits in rates apply only to residents of Argentina who can prove it.<\/p>\n<p data-start=\"2370\" data-end=\"2524\"><strong data-start=\"2370\" data-end=\"2402\">Which vessel is used?<\/strong><br data-start=\"2402\" data-end=\"2405\" \/>Generally, you sail in the legendary <strong data-start=\"2457\" data-end=\"2477\">Modesta Victoria<\/strong>, although it could vary according to availability at the moment.<\/p>\n<p data-start=\"2526\" data-end=\"2689\"><strong data-start=\"2526\" data-end=\"2587\">Can I bring food or are there alternatives on the tour?<\/strong><br data-start=\"2587\" data-end=\"2590\" \/>You have the option to bring your own lunch or buy food and beverages on the catamaran or on Victoria Island.<\/p>","protected":false},"excerpt":{"rendered":"<p>I lived an unparalleled experience touring the <strong>Victoria Island<\/strong> and the <strong>Arrayanes Forest<\/strong>, in the heart of Patagonia. I discovered the imposing <strong>Nahuel Huapi Lake<\/strong> while you get into paths surrounded by vibrant nature and find traces of native peoples. Take advantage of this special occasion to enjoy a truly dreamed environment.<\/p>","protected":false},"featured_media":0,"comment_status":"open","ping_status":"closed","template":"","meta":[],"product_brand":[],"product_cat":[15],"product_tag":[],"class_list":{"0":"post-44","1":"product","2":"type-product","3":"status-publish","5":"product_cat-sin-categorizar","7":"first","8":"instock","9":"sold-individually","10":"purchasable","11":"product-type-booking"},"booking_location":"","booking_location_type":"","booking_duration":1,"booking_duration_unit":"hour","booking_buffer":0,"booking_cost":0,"booking_resources":[],"exclude_global_add_ons":[],"addons":[],"yoast_head":"<!-- This site is optimized with the Yoast SEO Premium plugin v25.2 (Yoast SEO v25.2) - https:\/\/yoast.com\/wordpress\/plugins\/seo\/ -->\n<title>Navegaci\u00f3n por Nahuel Huapi: Isla Victoria y Bosque de Arrayanes sin traslado - Ski Bariloche<\/title>\n<meta name=\"robots\" content=\"index, follow, max-snippet:-1, max-image-preview:large, max-video-preview:-1\" \/>\n<link rel=\"canonical\" href=\"https:\/\/skibariloche.ar\/en\/product\/victoria-island-and-arrayanes-forest-without-relocation\/\" \/>\n<meta property=\"og:locale\" content=\"en_US\" \/>\n<meta property=\"og:type\" content=\"article\" \/>\n<meta property=\"og:title\" content=\"Navegaci\u00f3n por Nahuel Huapi: Isla Victoria y Bosque de Arrayanes sin traslado\" \/>\n<meta property=\"og:description\" content=\"Viv\u00ed una experiencia incomparable recorriendo la Isla Victoria y el Bosque de Arrayanes, en pleno coraz\u00f3n de la Patagonia. Descubr\u00ed la imponencia del lago Nahuel Huapi mientras te intern\u00e1s en caminos rodeados de naturaleza vibrante y encontr\u00e1s huellas de pueblos originarios. Aprovech\u00e1 esta ocasi\u00f3n especial para disfrutar de un entorno realmente so\u00f1ado.\" \/>\n<meta property=\"og:url\" content=\"https:\/\/skibariloche.ar\/en\/product\/victoria-island-and-arrayanes-forest-without-relocation\/\" \/>\n<meta property=\"og:site_name\" content=\"Ski Bariloche\" \/>\n<meta property=\"article:modified_time\" content=\"2025-06-17T21:28:13+00:00\" \/>\n<meta name=\"twitter:card\" content=\"summary_large_image\" \/>\n<meta name=\"twitter:label1\" content=\"Price\" \/>\n\t<meta name=\"twitter:data1\" content=\"&#036;114,000.00\" \/>\n\t<meta name=\"twitter:label2\" content=\"Availability\" \/>\n\t<meta name=\"twitter:data2\" content=\"In stock\" \/>\n<script type=\"application\/ld+json\" class=\"yoast-schema-graph\">{\"@context\":\"https:\/\/schema.org\",\"@graph\":[{\"@type\":\"WebPage\",\"@id\":\"https:\/\/skibariloche.ar\/producto\/isla-victoria-y-bosque-de-arrayanes-sin-traslado\/\",\"url\":\"https:\/\/skibariloche.ar\/producto\/isla-victoria-y-bosque-de-arrayanes-sin-traslado\/\",\"name\":\"Navegaci\u00f3n por Nahuel Huapi: Isla Victoria y Bosque de Arrayanes sin traslado - Ski Bariloche\",\"isPartOf\":{\"@id\":\"https:\/\/skibariloche.ar\/#website\"},\"datePublished\":\"2025-06-13T14:22:03+00:00\",\"dateModified\":\"2025-06-17T21:28:13+00:00\",\"breadcrumb\":{\"@id\":\"https:\/\/skibariloche.ar\/producto\/isla-victoria-y-bosque-de-arrayanes-sin-traslado\/#breadcrumb\"},\"inLanguage\":\"en-US\",\"potentialAction\":[{\"@type\":\"ReadAction\",\"target\":[\"https:\/\/skibariloche.ar\/producto\/isla-victoria-y-bosque-de-arrayanes-sin-traslado\/\"]}]},{\"@type\":\"BreadcrumbList\",\"@id\":\"https:\/\/skibariloche.ar\/producto\/isla-victoria-y-bosque-de-arrayanes-sin-traslado\/#breadcrumb\",\"itemListElement\":[{\"@type\":\"ListItem\",\"position\":1,\"name\":\"Inicio\",\"item\":\"https:\/\/skibariloche.ar\/\"},{\"@type\":\"ListItem\",\"position\":2,\"name\":\"Tienda\",\"item\":\"https:\/\/skibariloche.ar\/tienda\/\"},{\"@type\":\"ListItem\",\"position\":3,\"name\":\"Navegaci\u00f3n por Nahuel Huapi: Isla Victoria y Bosque de Arrayanes sin traslado\"}]},{\"@type\":\"WebSite\",\"@id\":\"https:\/\/skibariloche.ar\/#website\",\"url\":\"https:\/\/skibariloche.ar\/\",\"name\":\"Ski Bariloche\",\"description\":\"\",\"potentialAction\":[{\"@type\":\"SearchAction\",\"target\":{\"@type\":\"EntryPoint\",\"urlTemplate\":\"https:\/\/skibariloche.ar\/?s={search_term_string}\"},\"query-input\":{\"@type\":\"PropertyValueSpecification\",\"valueRequired\":true,\"valueName\":\"search_term_string\"}}],\"inLanguage\":\"en-US\"}]}<\/script>\n<meta property=\"product:price:amount\" content=\"114000.00\" \/>\n<meta property=\"product:price:currency\" content=\"ARS\" \/>\n<meta property=\"og:availability\" content=\"instock\" \/>\n<meta property=\"product:availability\" content=\"instock\" \/>\n<meta property=\"product:retailer_item_id\" content=\"ADV2025ISVIYB4A10\" \/>\n<meta property=\"product:condition\" content=\"new\" \/>\n<!-- \/ Yoast SEO Premium plugin. -->","yoast_head_json":{"title":"Nahuel Huapi Navigation: Victoria Island and Arrayanes Forest without transfer - Ski Bariloche","robots":{"index":"index","follow":"follow","max-snippet":"max-snippet:-1","max-image-preview":"max-image-preview:large","max-video-preview":"max-video-preview:-1"},"canonical":"https:\/\/skibariloche.ar\/en\/product\/victoria-island-and-arrayanes-forest-without-relocation\/","og_locale":"en_US","og_type":"article","og_title":"Navegaci\u00f3n por Nahuel Huapi: Isla Victoria y Bosque de Arrayanes sin traslado","og_description":"Viv\u00ed una experiencia incomparable recorriendo la Isla Victoria y el Bosque de Arrayanes, en pleno coraz\u00f3n de la Patagonia. Descubr\u00ed la imponencia del lago Nahuel Huapi mientras te intern\u00e1s en caminos rodeados de naturaleza vibrante y encontr\u00e1s huellas de pueblos originarios. Aprovech\u00e1 esta ocasi\u00f3n especial para disfrutar de un entorno realmente so\u00f1ado.","og_url":"https:\/\/skibariloche.ar\/en\/product\/victoria-island-and-arrayanes-forest-without-relocation\/","og_site_name":"Ski Bariloche","article_modified_time":"2025-06-17T21:28:13+00:00","twitter_card":"summary_large_image","twitter_misc":{"Price":"&#36;114,000.00","Availability":"In stock"},"schema":{"@context":"https:\/\/schema.org","@graph":[{"@type":"WebPage","@id":"https:\/\/skibariloche.ar\/producto\/isla-victoria-y-bosque-de-arrayanes-sin-traslado\/","url":"https:\/\/skibariloche.ar\/producto\/isla-victoria-y-bosque-de-arrayanes-sin-traslado\/","name":"Nahuel Huapi Navigation: Victoria Island and Arrayanes Forest without transfer - Ski Bariloche","isPartOf":{"@id":"https:\/\/skibariloche.ar\/#website"},"datePublished":"2025-06-13T14:22:03+00:00","dateModified":"2025-06-17T21:28:13+00:00","breadcrumb":{"@id":"https:\/\/skibariloche.ar\/producto\/isla-victoria-y-bosque-de-arrayanes-sin-traslado\/#breadcrumb"},"inLanguage":"en-US","potentialAction":[{"@type":"ReadAction","target":["https:\/\/skibariloche.ar\/producto\/isla-victoria-y-bosque-de-arrayanes-sin-traslado\/"]}]},{"@type":"BreadcrumbList","@id":"https:\/\/skibariloche.ar\/producto\/isla-victoria-y-bosque-de-arrayanes-sin-traslado\/#breadcrumb","itemListElement":[{"@type":"ListItem","position":1,"name":"Inicio","item":"https:\/\/skibariloche.ar\/"},{"@type":"ListItem","position":2,"name":"Tienda","item":"https:\/\/skibariloche.ar\/tienda\/"},{"@type":"ListItem","position":3,"name":"Navegaci\u00f3n por Nahuel Huapi: Isla Victoria y Bosque de Arrayanes sin traslado"}]},{"@type":"WebSite","@id":"https:\/\/skibariloche.ar\/#website","url":"https:\/\/skibariloche.ar\/","name":"Ski Bariloche","description":"","potentialAction":[{"@type":"SearchAction","target":{"@type":"EntryPoint","urlTemplate":"https:\/\/skibariloche.ar\/?s={search_term_string}"},"query-input":{"@type":"PropertyValueSpecification","valueRequired":true,"valueName":"search_term_string"}}],"inLanguage":"en-US"}]},"product_price_amount":"114000.00","product_price_currency":"ARS","og_availability":"instock","product_availability":"instock","product_retailer_item_id":"ADV2025ISVIYB4A10","product_condition":"new"},"_links":{"self":[{"href":"https:\/\/skibariloche.ar\/en\/wp-json\/wp\/v2\/product\/44","targetHints":{"allow":["GET"]}}],"collection":[{"href":"https:\/\/skibariloche.ar\/en\/wp-json\/wp\/v2\/product"}],"about":[{"href":"https:\/\/skibariloche.ar\/en\/wp-json\/wp\/v2\/types\/product"}],"replies":[{"embeddable":true,"href":"https:\/\/skibariloche.ar\/en\/wp-json\/wp\/v2\/comments?post=44"}],"wp:attachment":[{"href":"https:\/\/skibariloche.ar\/en\/wp-json\/wp\/v2\/media?parent=44"}],"wp:term":[{"taxonomy":"product_brand","embeddable":true,"href":"https:\/\/skibariloche.ar\/en\/wp-json\/wp\/v2\/product_brand?post=44"},{"taxonomy":"product_cat","embeddable":true,"href":"https:\/\/skibariloche.ar\/en\/wp-json\/wp\/v2\/product_cat?post=44"},{"taxonomy":"product_tag","embeddable":true,"href":"https:\/\/skibariloche.ar\/en\/wp-json\/wp\/v2\/product_tag?post=44"}],"curies":[{"name":"wp","href":"https:\/\/api.w.org\/{rel}","templated":true}]}}