{"id":31,"date":"2025-06-13T11:17:25","date_gmt":"2025-06-13T14:17:25","guid":{"rendered":"https:\/\/skibariloche.ar\/producto\/circuito-chico-y-cerro-campanario-explora-bariloche-como-nunca-antes\/"},"modified":"2025-06-17T17:46:28","modified_gmt":"2025-06-17T20:46:28","slug":"circuito-chico-cerro-campanario","status":"publish","type":"product","link":"https:\/\/skibariloche.ar\/en\/product\/cerro-campanario-small-circuit\/","title":{"rendered":"Circuito Chico and Cerro Campanario: explore Bariloche like never before"},"content":{"rendered":"<h3 data-start=\"417\" data-end=\"500\"><strong data-start=\"421\" data-end=\"500\">Incomparable postcards, classic routes and panoramic views that will thrill you<\/strong><\/h3>\n<p data-start=\"502\" data-end=\"756\">Enjoy half a day touring the most representative sites of Bariloche with this outing designed for those who seek to immerse themselves in landscapes, stories and scenery that remain etched in the memory. The <strong data-start=\"677\" data-end=\"695\">Small Circuit<\/strong> is the best alternative to start your Patagonian adventure.<\/p>\n<p data-start=\"758\" data-end=\"1088\">The activity starts from meeting points located between downtown and km 8 of Bustillo Av. or Pioneros Av. In the tour you will accompany the coast of the <strong data-start=\"910\" data-end=\"931\">Nahuel Huapi Lake<\/strong>, admire the striking <strong data-start=\"957\" data-end=\"976\">Hotel Llao Llao<\/strong>, the traditional <strong data-start=\"993\" data-end=\"1016\">St. Edward's Chapel<\/strong> and the <strong data-start=\"1022\" data-end=\"1040\">Puerto Pa\u00f1uelo<\/strong>, from where the lake excursions depart.<\/p>\n<p data-start=\"1090\" data-end=\"1241\">In addition, you will be able to visit places such as <strong data-start=\"1125\" data-end=\"1140\">Villa Tacul<\/strong>, the <strong data-start=\"1145\" data-end=\"1163\">Hidden Lake<\/strong> and the <strong data-start=\"1169\" data-end=\"1184\">Cerro Lopez<\/strong>, with ideal stops to take great pictures and soak up the tranquility of the south.<\/p>\n<p data-start=\"1243\" data-end=\"1484\">The tour culminates at the <strong data-start=\"1272\" data-end=\"1292\">Cerro Campanario<\/strong>, The view from the summit is breathtaking, with the chance to take a chairlift and enjoy one of the most amazing views in the world. From the summit, the landscape of hills, water mirrors and valleys is breathtaking.<\/p>\n<p data-start=\"1486\" data-end=\"1665\">The tour is available from 8:30 am to 12:30 pm or from 3:00 pm to 7:00 pm. Includes transfer and professional guide in Spanish (there is also a bilingual option). It does not cover the chairlift ticket or meals.<\/p>\n<h3 data-start=\"1672\" data-end=\"1700\"><strong data-start=\"1676\" data-end=\"1700\">Common questions<\/strong><\/h3>\n<p data-start=\"1702\" data-end=\"1844\"><strong data-start=\"1702\" data-end=\"1746\">Can this tour be combined with another tour?<\/strong><br data-start=\"1746\" data-end=\"1749\" \/>Totally, it's perfect to add an afternoon at the <strong data-start=\"1787\" data-end=\"1805\">Cerro Catedral<\/strong> or a visit to the <strong data-start=\"1813\" data-end=\"1830\">Victoria Island<\/strong>.<\/p>\n<p data-start=\"1846\" data-end=\"1951\"><strong data-start=\"1846\" data-end=\"1878\">Does it include the chairlift ride?<\/strong><br data-start=\"1878\" data-end=\"1881\" \/>No, the ascent to Cerro Campanario is optional and is paid at the base.<\/p>\n<p data-start=\"1953\" data-end=\"2056\"><strong data-start=\"1953\" data-end=\"1986\">How do I enter the Llao Llao Llao Hotel?<\/strong><br data-start=\"1986\" data-end=\"1989\" \/>No. You can only contemplate the panoramic view and the beauty of the natural environment.<\/p>\n<p data-start=\"2058\" data-end=\"2192\"><strong data-start=\"2058\" data-end=\"2082\">Is it a physically demanding tour?<\/strong><br data-start=\"2082\" data-end=\"2085\" \/>No physical effort is required. It is suitable for everyone and highly recommended if it is your first time in Bariloche.<\/p>","protected":false},"excerpt":{"rendered":"<p>Explore Bariloche with the classic Circuito Chico and experience the ascent to Cerro Campanario. Drive along the picturesque Bustillo Avenue, enjoy the views of the emblematic Llao Llao Llao Hotel and climb the Cerro Campanario to contemplate a unique panorama. An experience full of landscapes, comfort and an unbeatable adventure.<\/p>","protected":false},"featured_media":0,"comment_status":"open","ping_status":"closed","template":"","meta":[],"product_brand":[],"product_cat":[15],"product_tag":[],"class_list":{"0":"post-31","1":"product","2":"type-product","3":"status-publish","5":"product_cat-sin-categorizar","7":"first","8":"instock","9":"sold-individually","10":"purchasable","11":"product-type-booking"},"booking_location":"","booking_location_type":"","booking_duration":1,"booking_duration_unit":"hour","booking_buffer":0,"booking_cost":26000,"booking_resources":[],"exclude_global_add_ons":[],"addons":[],"yoast_head":"<!-- This site is optimized with the Yoast SEO Premium plugin v25.2 (Yoast SEO v25.2) - https:\/\/yoast.com\/wordpress\/plugins\/seo\/ -->\n<title>Circuito Chico y Cerro Campanario: explor\u00e1 Bariloche como nunca antes - Ski Bariloche<\/title>\n<meta name=\"robots\" content=\"index, follow, max-snippet:-1, max-image-preview:large, max-video-preview:-1\" \/>\n<link rel=\"canonical\" href=\"https:\/\/skibariloche.ar\/en\/product\/cerro-campanario-small-circuit\/\" \/>\n<meta property=\"og:locale\" content=\"en_US\" \/>\n<meta property=\"og:type\" content=\"article\" \/>\n<meta property=\"og:title\" content=\"Circuito Chico y Cerro Campanario: explor\u00e1 Bariloche como nunca antes\" \/>\n<meta property=\"og:description\" content=\"Explor\u00e1 Bariloche con el cl\u00e1sico Circuito Chico y viv\u00ed la subida al Cerro Campanario. Transit\u00e1 la pintoresca Avenida Bustillo, disfrut\u00e1 las vistas del emblem\u00e1tico Hotel Llao Llao y ascend\u00e9 al Cerro Campanario para contemplar un panorama \u00fanico. Una experiencia llena de paisajes, comodidad y una aventura inmejorable.\" \/>\n<meta property=\"og:url\" content=\"https:\/\/skibariloche.ar\/en\/product\/cerro-campanario-small-circuit\/\" \/>\n<meta property=\"og:site_name\" content=\"Ski Bariloche\" \/>\n<meta property=\"article:modified_time\" content=\"2025-06-17T20:46:28+00:00\" \/>\n<meta name=\"twitter:card\" content=\"summary_large_image\" \/>\n<meta name=\"twitter:label1\" content=\"Price\" \/>\n\t<meta name=\"twitter:data1\" content=\"&#036;26,000.00\" \/>\n\t<meta name=\"twitter:label2\" content=\"Availability\" \/>\n\t<meta name=\"twitter:data2\" content=\"In stock\" \/>\n<script type=\"application\/ld+json\" class=\"yoast-schema-graph\">{\"@context\":\"https:\/\/schema.org\",\"@graph\":[{\"@type\":\"WebPage\",\"@id\":\"https:\/\/skibariloche.ar\/producto\/circuito-chico-cerro-campanario\/\",\"url\":\"https:\/\/skibariloche.ar\/producto\/circuito-chico-cerro-campanario\/\",\"name\":\"Circuito Chico y Cerro Campanario: explor\u00e1 Bariloche como nunca antes - Ski Bariloche\",\"isPartOf\":{\"@id\":\"https:\/\/skibariloche.ar\/#website\"},\"datePublished\":\"2025-06-13T14:17:25+00:00\",\"dateModified\":\"2025-06-17T20:46:28+00:00\",\"breadcrumb\":{\"@id\":\"https:\/\/skibariloche.ar\/producto\/circuito-chico-cerro-campanario\/#breadcrumb\"},\"inLanguage\":\"en-US\",\"potentialAction\":[{\"@type\":\"ReadAction\",\"target\":[\"https:\/\/skibariloche.ar\/producto\/circuito-chico-cerro-campanario\/\"]}]},{\"@type\":\"BreadcrumbList\",\"@id\":\"https:\/\/skibariloche.ar\/producto\/circuito-chico-cerro-campanario\/#breadcrumb\",\"itemListElement\":[{\"@type\":\"ListItem\",\"position\":1,\"name\":\"Inicio\",\"item\":\"https:\/\/skibariloche.ar\/\"},{\"@type\":\"ListItem\",\"position\":2,\"name\":\"Tienda\",\"item\":\"https:\/\/skibariloche.ar\/tienda\/\"},{\"@type\":\"ListItem\",\"position\":3,\"name\":\"Circuito Chico y Cerro Campanario: explor\u00e1 Bariloche como nunca antes\"}]},{\"@type\":\"WebSite\",\"@id\":\"https:\/\/skibariloche.ar\/#website\",\"url\":\"https:\/\/skibariloche.ar\/\",\"name\":\"Ski Bariloche\",\"description\":\"\",\"potentialAction\":[{\"@type\":\"SearchAction\",\"target\":{\"@type\":\"EntryPoint\",\"urlTemplate\":\"https:\/\/skibariloche.ar\/?s={search_term_string}\"},\"query-input\":{\"@type\":\"PropertyValueSpecification\",\"valueRequired\":true,\"valueName\":\"search_term_string\"}}],\"inLanguage\":\"en-US\"}]}<\/script>\n<meta property=\"product:price:amount\" content=\"26000.00\" \/>\n<meta property=\"product:price:currency\" content=\"ARS\" \/>\n<meta property=\"og:availability\" content=\"instock\" \/>\n<meta property=\"product:availability\" content=\"instock\" \/>\n<meta property=\"product:retailer_item_id\" content=\"ADV2025CICHYC1KOR\" \/>\n<meta property=\"product:condition\" content=\"new\" \/>\n<!-- \/ Yoast SEO Premium plugin. -->","yoast_head_json":{"title":"Circuito Chico and Cerro Campanario: explore Bariloche like never before - Ski Bariloche","robots":{"index":"index","follow":"follow","max-snippet":"max-snippet:-1","max-image-preview":"max-image-preview:large","max-video-preview":"max-video-preview:-1"},"canonical":"https:\/\/skibariloche.ar\/en\/product\/cerro-campanario-small-circuit\/","og_locale":"en_US","og_type":"article","og_title":"Circuito Chico y Cerro Campanario: explor\u00e1 Bariloche como nunca antes","og_description":"Explor\u00e1 Bariloche con el cl\u00e1sico Circuito Chico y viv\u00ed la subida al Cerro Campanario. Transit\u00e1 la pintoresca Avenida Bustillo, disfrut\u00e1 las vistas del emblem\u00e1tico Hotel Llao Llao y ascend\u00e9 al Cerro Campanario para contemplar un panorama \u00fanico. Una experiencia llena de paisajes, comodidad y una aventura inmejorable.","og_url":"https:\/\/skibariloche.ar\/en\/product\/cerro-campanario-small-circuit\/","og_site_name":"Ski Bariloche","article_modified_time":"2025-06-17T20:46:28+00:00","twitter_card":"summary_large_image","twitter_misc":{"Price":"&#36;26,000.00","Availability":"In stock"},"schema":{"@context":"https:\/\/schema.org","@graph":[{"@type":"WebPage","@id":"https:\/\/skibariloche.ar\/producto\/circuito-chico-cerro-campanario\/","url":"https:\/\/skibariloche.ar\/producto\/circuito-chico-cerro-campanario\/","name":"Circuito Chico and Cerro Campanario: explore Bariloche like never before - Ski Bariloche","isPartOf":{"@id":"https:\/\/skibariloche.ar\/#website"},"datePublished":"2025-06-13T14:17:25+00:00","dateModified":"2025-06-17T20:46:28+00:00","breadcrumb":{"@id":"https:\/\/skibariloche.ar\/producto\/circuito-chico-cerro-campanario\/#breadcrumb"},"inLanguage":"en-US","potentialAction":[{"@type":"ReadAction","target":["https:\/\/skibariloche.ar\/producto\/circuito-chico-cerro-campanario\/"]}]},{"@type":"BreadcrumbList","@id":"https:\/\/skibariloche.ar\/producto\/circuito-chico-cerro-campanario\/#breadcrumb","itemListElement":[{"@type":"ListItem","position":1,"name":"Inicio","item":"https:\/\/skibariloche.ar\/"},{"@type":"ListItem","position":2,"name":"Tienda","item":"https:\/\/skibariloche.ar\/tienda\/"},{"@type":"ListItem","position":3,"name":"Circuito Chico y Cerro Campanario: explor\u00e1 Bariloche como nunca antes"}]},{"@type":"WebSite","@id":"https:\/\/skibariloche.ar\/#website","url":"https:\/\/skibariloche.ar\/","name":"Ski Bariloche","description":"","potentialAction":[{"@type":"SearchAction","target":{"@type":"EntryPoint","urlTemplate":"https:\/\/skibariloche.ar\/?s={search_term_string}"},"query-input":{"@type":"PropertyValueSpecification","valueRequired":true,"valueName":"search_term_string"}}],"inLanguage":"en-US"}]},"product_price_amount":"26000.00","product_price_currency":"ARS","og_availability":"instock","product_availability":"instock","product_retailer_item_id":"ADV2025CICHYC1KOR","product_condition":"new"},"_links":{"self":[{"href":"https:\/\/skibariloche.ar\/en\/wp-json\/wp\/v2\/product\/31","targetHints":{"allow":["GET"]}}],"collection":[{"href":"https:\/\/skibariloche.ar\/en\/wp-json\/wp\/v2\/product"}],"about":[{"href":"https:\/\/skibariloche.ar\/en\/wp-json\/wp\/v2\/types\/product"}],"replies":[{"embeddable":true,"href":"https:\/\/skibariloche.ar\/en\/wp-json\/wp\/v2\/comments?post=31"}],"wp:attachment":[{"href":"https:\/\/skibariloche.ar\/en\/wp-json\/wp\/v2\/media?parent=31"}],"wp:term":[{"taxonomy":"product_brand","embeddable":true,"href":"https:\/\/skibariloche.ar\/en\/wp-json\/wp\/v2\/product_brand?post=31"},{"taxonomy":"product_cat","embeddable":true,"href":"https:\/\/skibariloche.ar\/en\/wp-json\/wp\/v2\/product_cat?post=31"},{"taxonomy":"product_tag","embeddable":true,"href":"https:\/\/skibariloche.ar\/en\/wp-json\/wp\/v2\/product_tag?post=31"}],"curies":[{"name":"wp","href":"https:\/\/api.w.org\/{rel}","templated":true}]}}