{"id":29,"date":"2025-06-13T11:16:41","date_gmt":"2025-06-13T14:16:41","guid":{"rendered":"https:\/\/skibariloche.ar\/producto\/cerro-tronador-y-ventisquero-negro-exploracion-total-en-el-corazon-de-la-patagonia\/"},"modified":"2025-06-17T17:43:19","modified_gmt":"2025-06-17T20:43:19","slug":"cerro-tronador-y-ventisquero-negro","status":"publish","type":"product","link":"https:\/\/skibariloche.ar\/en\/product\/cerro-tronador-and-ventisquero-negro\/","title":{"rendered":"Cerro Tronador and Ventisquero Negro: full exploration in the heart of Patagonia"},"content":{"rendered":"<h3 data-start=\"470\" data-end=\"552\"><strong data-start=\"474\" data-end=\"552\">Una aventura inolvidable por los escenarios m\u00e1s impactantes de la cordillera patag\u00f3nica<\/strong><\/h3>\n<p data-start=\"554\" data-end=\"888\">Animate a explorar uno de los tesoros m\u00e1s espectaculares del Parque Nacional Nahuel Huapi. El <strong data-start=\"666\" data-end=\"684\">Cerro Tronador<\/strong>, con sus glaciares vivos y cumbres eternamente nevadas, es emblema de la Patagonia, atrayendo a quienes buscan postales \u00fanicas y momentos intensos en plena naturaleza.<\/p>\n<p data-start=\"890\" data-end=\"1248\">El itinerario arranca en puntos estrat\u00e9gicos de Bariloche (zona centro y entre km 8 de Av. Bustillo o Av. Pioneros), siguiendo la ruta costera de los lagos Guti\u00e9rrez y Mascardi. En el trayecto, vas a frenar para sacar las mejores fotos en lugares como la <strong data-start=\"1147\" data-end=\"1162\">Playa Negra<\/strong> and the <strong data-start=\"1168\" data-end=\"1198\">mirador de la Isla Coraz\u00f3n<\/strong>, adem\u00e1s de una pausa en el camping Los R\u00e1pidos.<\/p>\n<p data-start=\"1250\" data-end=\"1591\">Siguiendo con la expedici\u00f3n, lleg\u00e1s al <strong data-start=\"1287\" data-end=\"1308\">Ventisquero Negro<\/strong>, un glaciar din\u00e1mico que desciende desde la imponente cumbre del Tronador. Desde ac\u00e1, el contraste entre el hielo oscuro y las cimas nevadas es realmente asombroso. En <strong data-start=\"1490\" data-end=\"1505\">Pampa Linda<\/strong>, dispon\u00e9s de tiempo para almorzar en los paradores y vivir el entorno sin apuro.<\/p>\n<p data-start=\"1593\" data-end=\"1835\">La salida es de 9:00 a 18:30 hs aprox., e incluye traslado, gu\u00eda en espa\u00f1ol y las mejores paradas para que aproveches esta maravilla \u00fanica. Las comidas y el acceso al Parque Nacional, se pagan en el momento de la excursi\u00f3n.<\/p>\n<h3 data-start=\"1842\" data-end=\"1870\"><strong data-start=\"1846\" data-end=\"1870\">Preguntas que suelen hacernos<\/strong><\/h3>\n<p data-start=\"1872\" data-end=\"2010\"><strong data-start=\"1872\" data-end=\"1908\">\u00bfHace falta alg\u00fan requisito f\u00edsico?<\/strong><br data-start=\"1908\" data-end=\"1911\" \/>No, todo el circuito se realiza en veh\u00edculo, solo hay caminatas cortas en puntos panor\u00e1micos. Est\u00e1 pensado para cualquier edad.<\/p>\n<p data-start=\"2012\" data-end=\"2124\"><strong data-start=\"2012\" data-end=\"2038\">\u00bfD\u00f3nde almorzar durante la salida?<\/strong><br data-start=\"2038\" data-end=\"2041\" \/>En Pampa Linda vas a encontrar paradores con platos locales y bebidas para elegir.<\/p>\n<p data-start=\"2126\" data-end=\"2290\"><strong data-start=\"2126\" data-end=\"2160\">\u00bfQu\u00e9 conviene llevar ese d\u00eda?<\/strong><br data-start=\"2160\" data-end=\"2163\" \/>Ropa c\u00f3moda, abrigo extra, zapatillas para caminar, protector solar, agua y efectivo para abonar accesos y comidas.<\/p>\n<p data-start=\"2292\" data-end=\"2476\"><strong data-start=\"2292\" data-end=\"2322\">\u00bfQu\u00e9 est\u00e1 incluido en el tour?<\/strong><br data-start=\"2322\" data-end=\"2325\" \/>Traslado ida y vuelta desde los puntos preestablecidos, acompa\u00f1amiento de gu\u00eda especializado y circuito completo. El almuerzo y el ingreso al Parque Nacional Nahuel Huapi se abonan aparte.<\/p>","protected":false},"excerpt":{"rendered":"<p>Live a unique experience exploring the Nahuel Huapi National Park, admiring the imposing presence of Cerro Tronador and the impressive Ventisquero Negro Glacier. An ideal balance between natural landscapes, emotion and comfort.<\/p>","protected":false},"featured_media":0,"comment_status":"open","ping_status":"closed","template":"","meta":[],"product_brand":[],"product_cat":[15],"product_tag":[],"class_list":{"0":"post-29","1":"product","2":"type-product","3":"status-publish","5":"product_cat-sin-categorizar","7":"first","8":"instock","9":"sold-individually","10":"purchasable","11":"product-type-booking"},"booking_location":"","booking_location_type":"","booking_duration":1,"booking_duration_unit":"hour","booking_buffer":0,"booking_cost":59500,"booking_resources":[],"exclude_global_add_ons":[],"addons":[],"yoast_head":"<!-- This site is optimized with the Yoast SEO Premium plugin v25.2 (Yoast SEO v25.2) - https:\/\/yoast.com\/wordpress\/plugins\/seo\/ -->\n<title>Cerro Tronador y Ventisquero Negro: exploraci\u00f3n total en el coraz\u00f3n de la Patagonia - Ski Bariloche<\/title>\n<meta name=\"robots\" content=\"index, follow, max-snippet:-1, max-image-preview:large, max-video-preview:-1\" \/>\n<link rel=\"canonical\" href=\"https:\/\/skibariloche.ar\/en\/product\/cerro-tronador-and-ventisquero-negro\/\" \/>\n<meta property=\"og:locale\" content=\"en_US\" \/>\n<meta property=\"og:type\" content=\"article\" \/>\n<meta property=\"og:title\" content=\"Cerro Tronador y Ventisquero Negro: exploraci\u00f3n total en el coraz\u00f3n de la Patagonia\" \/>\n<meta property=\"og:description\" content=\"Viv\u00ed una experiencia \u00fanica explorando el Parque Nacional Nahuel Huapi, admirando la imponente presencia del Cerro Tronador y el impactante Glaciar Ventisquero Negro. Un equilibrio ideal entre paisajes naturales, emoci\u00f3n y comodidad.\" \/>\n<meta property=\"og:url\" content=\"https:\/\/skibariloche.ar\/en\/product\/cerro-tronador-and-ventisquero-negro\/\" \/>\n<meta property=\"og:site_name\" content=\"Ski Bariloche\" \/>\n<meta property=\"article:modified_time\" content=\"2025-06-17T20:43:19+00:00\" \/>\n<meta name=\"twitter:card\" content=\"summary_large_image\" \/>\n<meta name=\"twitter:label1\" content=\"Price\" \/>\n\t<meta name=\"twitter:data1\" content=\"&#036;59,500.00\" \/>\n\t<meta name=\"twitter:label2\" content=\"Availability\" \/>\n\t<meta name=\"twitter:data2\" content=\"In stock\" \/>\n<script type=\"application\/ld+json\" class=\"yoast-schema-graph\">{\"@context\":\"https:\/\/schema.org\",\"@graph\":[{\"@type\":\"WebPage\",\"@id\":\"https:\/\/skibariloche.ar\/producto\/cerro-tronador-y-ventisquero-negro\/\",\"url\":\"https:\/\/skibariloche.ar\/producto\/cerro-tronador-y-ventisquero-negro\/\",\"name\":\"Cerro Tronador y Ventisquero Negro: exploraci\u00f3n total en el coraz\u00f3n de la Patagonia - Ski Bariloche\",\"isPartOf\":{\"@id\":\"https:\/\/skibariloche.ar\/#website\"},\"datePublished\":\"2025-06-13T14:16:41+00:00\",\"dateModified\":\"2025-06-17T20:43:19+00:00\",\"breadcrumb\":{\"@id\":\"https:\/\/skibariloche.ar\/producto\/cerro-tronador-y-ventisquero-negro\/#breadcrumb\"},\"inLanguage\":\"en-US\",\"potentialAction\":[{\"@type\":\"ReadAction\",\"target\":[\"https:\/\/skibariloche.ar\/producto\/cerro-tronador-y-ventisquero-negro\/\"]}]},{\"@type\":\"BreadcrumbList\",\"@id\":\"https:\/\/skibariloche.ar\/producto\/cerro-tronador-y-ventisquero-negro\/#breadcrumb\",\"itemListElement\":[{\"@type\":\"ListItem\",\"position\":1,\"name\":\"Inicio\",\"item\":\"https:\/\/skibariloche.ar\/\"},{\"@type\":\"ListItem\",\"position\":2,\"name\":\"Tienda\",\"item\":\"https:\/\/skibariloche.ar\/tienda\/\"},{\"@type\":\"ListItem\",\"position\":3,\"name\":\"Cerro Tronador y Ventisquero Negro: exploraci\u00f3n total en el coraz\u00f3n de la Patagonia\"}]},{\"@type\":\"WebSite\",\"@id\":\"https:\/\/skibariloche.ar\/#website\",\"url\":\"https:\/\/skibariloche.ar\/\",\"name\":\"Ski Bariloche\",\"description\":\"\",\"potentialAction\":[{\"@type\":\"SearchAction\",\"target\":{\"@type\":\"EntryPoint\",\"urlTemplate\":\"https:\/\/skibariloche.ar\/?s={search_term_string}\"},\"query-input\":{\"@type\":\"PropertyValueSpecification\",\"valueRequired\":true,\"valueName\":\"search_term_string\"}}],\"inLanguage\":\"en-US\"}]}<\/script>\n<meta property=\"product:price:amount\" content=\"59500.00\" \/>\n<meta property=\"product:price:currency\" content=\"ARS\" \/>\n<meta property=\"og:availability\" content=\"instock\" \/>\n<meta property=\"product:availability\" content=\"instock\" \/>\n<meta property=\"product:retailer_item_id\" content=\"ADV2025CETRYVHMNO\" \/>\n<meta property=\"product:condition\" content=\"new\" \/>\n<!-- \/ Yoast SEO Premium plugin. -->","yoast_head_json":{"title":"Cerro Tronador and Ventisquero Negro: total exploration in the heart of Patagonia - Ski Bariloche","robots":{"index":"index","follow":"follow","max-snippet":"max-snippet:-1","max-image-preview":"max-image-preview:large","max-video-preview":"max-video-preview:-1"},"canonical":"https:\/\/skibariloche.ar\/en\/product\/cerro-tronador-and-ventisquero-negro\/","og_locale":"en_US","og_type":"article","og_title":"Cerro Tronador y Ventisquero Negro: exploraci\u00f3n total en el coraz\u00f3n de la Patagonia","og_description":"Viv\u00ed una experiencia \u00fanica explorando el Parque Nacional Nahuel Huapi, admirando la imponente presencia del Cerro Tronador y el impactante Glaciar Ventisquero Negro. Un equilibrio ideal entre paisajes naturales, emoci\u00f3n y comodidad.","og_url":"https:\/\/skibariloche.ar\/en\/product\/cerro-tronador-and-ventisquero-negro\/","og_site_name":"Ski Bariloche","article_modified_time":"2025-06-17T20:43:19+00:00","twitter_card":"summary_large_image","twitter_misc":{"Price":"&#36;59,500.00","Availability":"In stock"},"schema":{"@context":"https:\/\/schema.org","@graph":[{"@type":"WebPage","@id":"https:\/\/skibariloche.ar\/producto\/cerro-tronador-y-ventisquero-negro\/","url":"https:\/\/skibariloche.ar\/producto\/cerro-tronador-y-ventisquero-negro\/","name":"Cerro Tronador and Ventisquero Negro: total exploration in the heart of Patagonia - Ski Bariloche","isPartOf":{"@id":"https:\/\/skibariloche.ar\/#website"},"datePublished":"2025-06-13T14:16:41+00:00","dateModified":"2025-06-17T20:43:19+00:00","breadcrumb":{"@id":"https:\/\/skibariloche.ar\/producto\/cerro-tronador-y-ventisquero-negro\/#breadcrumb"},"inLanguage":"en-US","potentialAction":[{"@type":"ReadAction","target":["https:\/\/skibariloche.ar\/producto\/cerro-tronador-y-ventisquero-negro\/"]}]},{"@type":"BreadcrumbList","@id":"https:\/\/skibariloche.ar\/producto\/cerro-tronador-y-ventisquero-negro\/#breadcrumb","itemListElement":[{"@type":"ListItem","position":1,"name":"Inicio","item":"https:\/\/skibariloche.ar\/"},{"@type":"ListItem","position":2,"name":"Tienda","item":"https:\/\/skibariloche.ar\/tienda\/"},{"@type":"ListItem","position":3,"name":"Cerro Tronador y Ventisquero Negro: exploraci\u00f3n total en el coraz\u00f3n de la Patagonia"}]},{"@type":"WebSite","@id":"https:\/\/skibariloche.ar\/#website","url":"https:\/\/skibariloche.ar\/","name":"Ski Bariloche","description":"","potentialAction":[{"@type":"SearchAction","target":{"@type":"EntryPoint","urlTemplate":"https:\/\/skibariloche.ar\/?s={search_term_string}"},"query-input":{"@type":"PropertyValueSpecification","valueRequired":true,"valueName":"search_term_string"}}],"inLanguage":"en-US"}]},"product_price_amount":"59500.00","product_price_currency":"ARS","og_availability":"instock","product_availability":"instock","product_retailer_item_id":"ADV2025CETRYVHMNO","product_condition":"new"},"_links":{"self":[{"href":"https:\/\/skibariloche.ar\/en\/wp-json\/wp\/v2\/product\/29","targetHints":{"allow":["GET"]}}],"collection":[{"href":"https:\/\/skibariloche.ar\/en\/wp-json\/wp\/v2\/product"}],"about":[{"href":"https:\/\/skibariloche.ar\/en\/wp-json\/wp\/v2\/types\/product"}],"replies":[{"embeddable":true,"href":"https:\/\/skibariloche.ar\/en\/wp-json\/wp\/v2\/comments?post=29"}],"wp:attachment":[{"href":"https:\/\/skibariloche.ar\/en\/wp-json\/wp\/v2\/media?parent=29"}],"wp:term":[{"taxonomy":"product_brand","embeddable":true,"href":"https:\/\/skibariloche.ar\/en\/wp-json\/wp\/v2\/product_brand?post=29"},{"taxonomy":"product_cat","embeddable":true,"href":"https:\/\/skibariloche.ar\/en\/wp-json\/wp\/v2\/product_cat?post=29"},{"taxonomy":"product_tag","embeddable":true,"href":"https:\/\/skibariloche.ar\/en\/wp-json\/wp\/v2\/product_tag?post=29"}],"curies":[{"name":"wp","href":"https:\/\/api.w.org\/{rel}","templated":true}]}}